{"id":6455,"date":"2020-04-09T18:02:30","date_gmt":"2020-04-09T21:02:30","guid":{"rendered":"https:\/\/www.meninasereia.com.br\/?post_type=product&#038;p=6455"},"modified":"2021-05-01T00:04:50","modified_gmt":"2021-05-01T03:04:50","slug":"kimono-menina-sereia-gaia-multicolorida-copia","status":"publish","type":"product","link":"https:\/\/www.meninasereia.com.br\/en\/produto\/kimono-menina-sereia-gaia-multicolorida-copia\/","title":{"rendered":"Kimono Menina Sereia Gaia Multicolorida (c\u00f3pia)"},"content":{"rendered":"<p>O Kimono Gaia \u00e9 uma pe\u00e7a chave para se ter em seu guarda roupa. Com uma estampa alegre e divertida voc\u00ea vai arrasar onde passar. Modelagem reta, manga curta e decote v.<\/p>\n","protected":false},"excerpt":{"rendered":"<p>Tamanho \u00danico &#8211; Multicolorido<\/p>\n","protected":false},"featured_media":5218,"template":"","meta":[],"product_brand":[],"product_cat":[135],"product_tag":[136,122,129],"class_list":{"0":"post-6455","1":"product","2":"type-product","3":"status-publish","4":"has-post-thumbnail","6":"product_cat-kimonos-en","7":"product_tag-kimono-en","8":"product_tag-menina-sereia-en","9":"product_tag-unissex-en","11":"first","12":"instock","13":"taxable","14":"shipping-taxable","15":"purchasable","16":"product-type-simple"},"_links":{"self":[{"href":"https:\/\/www.meninasereia.com.br\/en\/wp-json\/wp\/v2\/product\/6455","targetHints":{"allow":["GET"]}}],"collection":[{"href":"https:\/\/www.meninasereia.com.br\/en\/wp-json\/wp\/v2\/product"}],"about":[{"href":"https:\/\/www.meninasereia.com.br\/en\/wp-json\/wp\/v2\/types\/product"}],"wp:featuredmedia":[{"embeddable":true,"href":"https:\/\/www.meninasereia.com.br\/en\/wp-json\/wp\/v2\/media\/5218"}],"wp:attachment":[{"href":"https:\/\/www.meninasereia.com.br\/en\/wp-json\/wp\/v2\/media?parent=6455"}],"wp:term":[{"taxonomy":"product_brand","embeddable":true,"href":"https:\/\/www.meninasereia.com.br\/en\/wp-json\/wp\/v2\/product_brand?post=6455"},{"taxonomy":"product_cat","embeddable":true,"href":"https:\/\/www.meninasereia.com.br\/en\/wp-json\/wp\/v2\/product_cat?post=6455"},{"taxonomy":"product_tag","embeddable":true,"href":"https:\/\/www.meninasereia.com.br\/en\/wp-json\/wp\/v2\/product_tag?post=6455"}],"curies":[{"name":"wp","href":"https:\/\/api.w.org\/{rel}","templated":true}]}}