{"id":5859,"date":"2018-11-19T22:44:29","date_gmt":"2018-11-20T01:44:29","guid":{"rendered":"http:\/\/www.meninasereia.com.br\/batas\/"},"modified":"2018-11-19T22:53:33","modified_gmt":"2018-11-20T01:53:33","slug":"batas","status":"publish","type":"page","link":"https:\/\/www.meninasereia.com.br\/es\/batas\/","title":{"rendered":"Batas"},"content":{"rendered":"<div style='padding-bottom:10px; ' class='av-special-heading av-special-heading-h2  blockquote modern-quote modern-centered   '><h2 class='av-special-heading-tag '  itemprop=\"headline\"  >Batas<\/h2><div class='special-heading-border'><div class='special-heading-inner-border' ><\/div><\/div><\/div>\n<section class=\"av_textblock_section \"  itemscope=\"itemscope\" itemtype=\"https:\/\/schema.org\/CreativeWork\" ><div class='avia_textblock  '   itemprop=\"text\" ><p>Las s\u00e1banas de las hermanas se iniciaron en Aracaju, con un paseo en la playa y el otro en el camino. Desde el principio, las hermanas se dirigen a conquistar el mundo con su carisma y su enfoque.<br \/>\nQue se mueven a Sao Paulo y contin\u00faan en el mundo de la diversi\u00f3n. Despu\u00e9s de a\u00f1os de viaje, ir a Par\u00eds, Mil\u00e1n, Portugal, M\u00e9xico y los EE.UU., sintieron que estaban listos para iniciar su propio negocio.<br \/>\nEn el caso de que se trate de una persona que no sea de su familia, el ni\u00f1o que se pase por su bicicleta vendr\u00e1 \u00absoso, de pie, El personal era muy amable y servicial. que es el arte, la libertad de expresi\u00f3n, la creaci\u00f3n, la piedra angular para promover nuevos artistas; La flora: la belleza de las flores, las plantas de la naturaleza y el pilar principal que se extiende en la estimaci\u00f3n de la esencia de cada uno de los dos, de las que se crean las ideas.<br \/>\nLa chica de la sirena [Mermaid Girl] es un accesorio que se lleva a traer sentido, modernidad y liveliness a la moda de la playa. , Que se ha convertido en una de las m\u00e1s antiguas del mundo.<br \/>\nEn el caso de que se produzca un cambio en la calidad del producto, se debe tener en cuenta que los productos que se comercializan en el mercado,<br \/>\nEn el caso de que el sue\u00f1o empieza a trav\u00e9s, el Sampaio twins han ya conquered el coraz\u00f3n de los brasile\u00f1os mermaids y ahora se trata de mermaid other seas.<\/p>\n<\/div><\/section>\n<div id='av-masonry-1' class='av-masonry  noHover av-fixed-size av-no-gap av-hover-overlay-active av-masonry-col-5 av-caption-always av-caption-style-    ' style='background-color:#ffffff; ' ><div class='av-masonry-sort main_color av-sort-yes-tax' data-masonry-id='1' ><div class='av-current-sort-title'><span class=\"inner_sort_button\"><span>Todo<\/span><small class=\"avia-term-count\"> 10 <\/small><\/span><\/div><div class='av-sort-by-term  ' data-av-allowed-sort='[\"madre-y-hija_sort\",\"batas-esp_sort\",\"cangas-es_sort\",\"kimonos-es_sort\",\"toalla-canga_sort\",\"adulto-es_sort\",\"infantil-es_sort\"]' ><a href=\"#\" data-filter=\"all_sort\" class=\"all_sort_button active_sort\"><span class=\"inner_sort_button\"><span>Todo<\/span><small class=\"avia-term-count\"> 10 <\/small><\/span><\/a><span class='text-sep madre-y-hija_sort_sep avia_hide_sort'>\/<\/span><a href=\"#\" data-filter=\"madre-y-hija_sort\" class=\"madre-y-hija_sort_button avia_hide_sort\" ><span class=\"inner_sort_button\"><span>Madre y Hija<\/span><small class='avia-term-count'> 0 <\/small><\/span><\/a><span class='text-sep batas-esp_sort_sep avia_show_sort'>\/<\/span><a href=\"#\" data-filter=\"batas-esp_sort\" class=\"batas-esp_sort_button avia_show_sort\" ><span class=\"inner_sort_button\"><span>Batas<\/span><small class='avia-term-count'> 2 <\/small><\/span><\/a><span class='text-sep cangas-es_sort_sep avia_show_sort'>\/<\/span><a href=\"#\" data-filter=\"cangas-es_sort\" class=\"cangas-es_sort_button avia_show_sort\" ><span class=\"inner_sort_button\"><span>Cangas<\/span><small class='avia-term-count'> 1 <\/small><\/span><\/a><span class='text-sep kimonos-es_sort_sep avia_show_sort'>\/<\/span><a href=\"#\" data-filter=\"kimonos-es_sort\" class=\"kimonos-es_sort_button avia_show_sort\" ><span class=\"inner_sort_button\"><span>Kimonos<\/span><small class='avia-term-count'> 1 <\/small><\/span><\/a><span class='text-sep toalla-canga_sort_sep avia_show_sort'>\/<\/span><a href=\"#\" data-filter=\"toalla-canga_sort\" class=\"toalla-canga_sort_button avia_show_sort\" ><span class=\"inner_sort_button\"><span>Toalla Canga<\/span><small class='avia-term-count'> 6 <\/small><\/span><\/a><span class='text-sep adulto-es_sort_sep avia_show_sort'>\/<\/span><a href=\"#\" data-filter=\"adulto-es_sort\" class=\"adulto-es_sort_button avia_show_sort\" ><span class=\"inner_sort_button\"><span>Adulto<\/span><small class='avia-term-count'> 4 <\/small><\/span><\/a><span class='text-sep infantil-es_sort_sep avia_show_sort'>\/<\/span><a href=\"#\" data-filter=\"infantil-es_sort\" class=\"infantil-es_sort_button avia_show_sort\" ><span class=\"inner_sort_button\"><span>Infantil<\/span><small class='avia-term-count'> 2 <\/small><\/span><\/a><\/div><\/div><div class='av-masonry-container isotope av-js-disabled ' ><div class='av-masonry-entry isotope-item av-masonry-item-no-image all_sort batas-esp_sort  adulto-es_sort  toalla-canga_sort  infantil-es_sort  kimonos-es_sort  cangas-es_sort '><\/div><a href=\"https:\/\/www.meninasereia.com.br\/es\/Producto\/bata-menina-sereia-lilith-multicolor\/\" id='av-masonry-1-item-5616' data-av-masonry-item='5616' class='av-masonry-entry isotope-item post-5616 product type-product status-publish has-post-thumbnail product_cat-batas-esp product_tag-bata-es product_tag-feminino-es product_tag-menina-sereia-es product_tag-multicolor-es product_tag-tunica-es first instock taxable shipping-taxable purchasable product-type-simple all_sort batas-esp_sort  av-masonry-item-with-image' title=\"Bata Menina Sereia Lilith Multicolor\"  itemscope=\"itemscope\" itemtype=\"https:\/\/schema.org\/CreativeWork\" ><div class='av-inner-masonry-sizer'><\/div><figure class='av-inner-masonry main_color'><div class=\"av-masonry-outerimage-container\"><div class=\"av-masonry-image-container\" style=\"background-image: url(https:\/\/www.meninasereia.com.br\/wp-content\/uploads\/2017\/10\/Menina-Sereia-25-470x705.jpg);\"><\/div><\/div><figcaption class='av-inner-masonry-content site-background'><div class='av-inner-masonry-content-pos'><div class='av-inner-masonry-content-pos-content'><div class='avia-arrow'><\/div><h3 class='av-masonry-entry-title entry-title'  itemprop=\"headline\" >Bata Menina Sereia Lilith Multicolor<\/h3><span class=\"av-masonry-price price\"><span class=\"woocommerce-Price-amount amount\"><bdi><span class=\"woocommerce-Price-currencySymbol\">&euro;<\/span>89.90<\/bdi><\/span><\/span><\/div><\/div><\/figcaption><\/figure><\/a><!--end av-masonry entry--><a href=\"https:\/\/www.meninasereia.com.br\/es\/Producto\/canga-toalla-menina-sereia-hera-multicolor\/\" id='av-masonry-1-item-5602' data-av-masonry-item='5602' class='av-masonry-entry isotope-item post-5602 product type-product status-publish has-post-thumbnail product_cat-adulto-es product_cat-toalla-canga product_tag-canga-atoalhada-es product_tag-feminino-es product_tag-menina-sereia-es product_tag-multicolor-es product_tag-toalla-canga product_tag-toallas-cangas product_tag-unisexo  instock shipping-taxable purchasable product-type-simple all_sort adulto-es_sort  toalla-canga_sort  av-masonry-item-with-image' title=\"Canga\/ Toalla Menina Sereia Hera Multicolor\"  itemscope=\"itemscope\" itemtype=\"https:\/\/schema.org\/CreativeWork\" ><div class='av-inner-masonry-sizer'><\/div><figure class='av-inner-masonry main_color'><div class=\"av-masonry-outerimage-container\"><div class=\"av-masonry-image-container\" style=\"background-image: url(https:\/\/www.meninasereia.com.br\/wp-content\/uploads\/2018\/03\/Menina-Sereia-LB01788-Editar-470x705.jpg);\"><\/div><\/div><figcaption class='av-inner-masonry-content site-background'><div class='av-inner-masonry-content-pos'><div class='av-inner-masonry-content-pos-content'><div class='avia-arrow'><\/div><h3 class='av-masonry-entry-title entry-title'  itemprop=\"headline\" >Canga\/ Toalla Menina Sereia Hera Multicolor<\/h3><span class=\"av-masonry-price price\"><span class=\"woocommerce-Price-amount amount\"><bdi><span class=\"woocommerce-Price-currencySymbol\">&euro;<\/span>159.50<\/bdi><\/span><\/span><\/div><\/div><\/figcaption><\/figure><\/a><!--end av-masonry entry--><a href=\"https:\/\/www.meninasereia.com.br\/es\/Producto\/canga-toalla-menina-sereia-eva-multicolor\/\" id='av-masonry-1-item-5784' data-av-masonry-item='5784' class='av-masonry-entry isotope-item post-5784 product type-product status-publish has-post-thumbnail product_cat-adulto-es product_cat-toalla-canga product_tag-canga-atoalhada-es product_tag-feminino-es product_tag-menina-sereia-es product_tag-toalla-canga product_tag-unisexo last instock taxable shipping-taxable purchasable product-type-simple all_sort adulto-es_sort  toalla-canga_sort  av-masonry-item-with-image' title=\"Canga\/ Toalla Menina Sereia Eva Multicolor\"  itemscope=\"itemscope\" itemtype=\"https:\/\/schema.org\/CreativeWork\" ><div class='av-inner-masonry-sizer'><\/div><figure class='av-inner-masonry main_color'><div class=\"av-masonry-outerimage-container\"><div class=\"av-masonry-image-container\" style=\"background-image: url(https:\/\/www.meninasereia.com.br\/wp-content\/uploads\/2017\/10\/Menina-Sereia-6-470x705.jpg);\"><\/div><\/div><figcaption class='av-inner-masonry-content site-background'><div class='av-inner-masonry-content-pos'><div class='av-inner-masonry-content-pos-content'><div class='avia-arrow'><\/div><h3 class='av-masonry-entry-title entry-title'  itemprop=\"headline\" >Canga\/ Toalla Menina Sereia Eva Multicolor<\/h3><span class=\"av-masonry-price price\"><span class=\"woocommerce-Price-amount amount\"><bdi><span class=\"woocommerce-Price-currencySymbol\">&euro;<\/span>139.50<\/bdi><\/span><\/span><\/div><\/div><\/figcaption><\/figure><\/a><!--end av-masonry entry--><a href=\"https:\/\/www.meninasereia.com.br\/es\/Producto\/canga-toalla-menina-sereia-iris-infantil-multicolor\/\" id='av-masonry-1-item-5802' data-av-masonry-item='5802' class='av-masonry-entry isotope-item post-5802 product type-product status-publish has-post-thumbnail product_cat-infantil-es product_cat-toalla-canga product_tag-canga-atoalhada-es product_tag-feminino-es product_tag-menina-sereia-es product_tag-multicolor-es product_tag-toalla-canga product_tag-tolla-canga-infantil product_tag-unisexo first outofstock shipping-taxable purchasable product-type-simple all_sort infantil-es_sort  toalla-canga_sort  av-masonry-item-with-image' title=\"Canga\/ Toalla Menina Sereia \u00cdris Infantil Multicolor\"  itemscope=\"itemscope\" itemtype=\"https:\/\/schema.org\/CreativeWork\" ><div class='av-inner-masonry-sizer'><\/div><figure class='av-inner-masonry main_color'><div class=\"av-masonry-outerimage-container\"><div class=\"av-masonry-image-container\" style=\"background-image: url(https:\/\/www.meninasereia.com.br\/wp-content\/uploads\/2017\/07\/Menina-Sereia-25-470x705.jpg);\"><\/div><\/div><figcaption class='av-inner-masonry-content site-background'><div class='av-inner-masonry-content-pos'><div class='av-inner-masonry-content-pos-content'><div class='avia-arrow'><\/div><h3 class='av-masonry-entry-title entry-title'  itemprop=\"headline\" >Canga\/ Toalla Menina Sereia \u00cdris Infantil Multicolor<\/h3><span class=\"av-masonry-price price\"><span class=\"woocommerce-Price-amount amount\"><bdi><span class=\"woocommerce-Price-currencySymbol\">&euro;<\/span>18.00<\/bdi><\/span><\/span><\/div><\/div><\/figcaption><\/figure><\/a><!--end av-masonry entry--><a href=\"https:\/\/www.meninasereia.com.br\/es\/Producto\/kimono-menina-sereia-iris-multicolor\/\" id='av-masonry-1-item-5808' data-av-masonry-item='5808' class='av-masonry-entry isotope-item post-5808 product type-product status-publish has-post-thumbnail product_cat-kimonos-es product_tag-feminino-es product_tag-kimono-es product_tag-kimono-es-2 product_tag-menina-sereia-es product_tag-multicolor-es product_tag-tunica-es  instock shipping-taxable purchasable product-type-simple all_sort kimonos-es_sort  av-masonry-item-with-image' title=\"Kimono Menina Sereia \u00cdris Multicolor\"  itemscope=\"itemscope\" itemtype=\"https:\/\/schema.org\/CreativeWork\" ><div class='av-inner-masonry-sizer'><\/div><figure class='av-inner-masonry main_color'><div class=\"av-masonry-outerimage-container\"><div class=\"av-masonry-image-container\" style=\"background-image: url(https:\/\/www.meninasereia.com.br\/wp-content\/uploads\/2017\/07\/Menina-Sereia-12-470x705.jpg);\"><\/div><\/div><figcaption class='av-inner-masonry-content site-background'><div class='av-inner-masonry-content-pos'><div class='av-inner-masonry-content-pos-content'><div class='avia-arrow'><\/div><h3 class='av-masonry-entry-title entry-title'  itemprop=\"headline\" >Kimono Menina Sereia \u00cdris Multicolor<\/h3><span class=\"av-masonry-price price\"><span class=\"woocommerce-Price-amount amount\"><bdi><span class=\"woocommerce-Price-currencySymbol\">&euro;<\/span>30.00<\/bdi><\/span><\/span><\/div><\/div><\/figcaption><\/figure><\/a><!--end av-masonry entry--><a href=\"https:\/\/www.meninasereia.com.br\/es\/Producto\/canga-menina-sereia-bahia-multicolor\/\" id='av-masonry-1-item-5828' data-av-masonry-item='5828' class='av-masonry-entry isotope-item post-5828 product type-product status-publish has-post-thumbnail product_cat-cangas-es product_tag-cangas-es product_tag-menina-sereia-es product_tag-multicolor-es last instock shipping-taxable purchasable product-type-simple all_sort cangas-es_sort  av-masonry-item-with-image' title=\"Canga Menina Sereia Bahia Multicolor\"  itemscope=\"itemscope\" itemtype=\"https:\/\/schema.org\/CreativeWork\" ><div class='av-inner-masonry-sizer'><\/div><figure class='av-inner-masonry main_color'><div class=\"av-masonry-outerimage-container\"><div class=\"av-masonry-image-container\" style=\"background-image: url(https:\/\/www.meninasereia.com.br\/wp-content\/uploads\/2017\/07\/IMG_0330_editwhite.jpg-705x705.jpeg);\"><\/div><\/div><figcaption class='av-inner-masonry-content site-background'><div class='av-inner-masonry-content-pos'><div class='av-inner-masonry-content-pos-content'><div class='avia-arrow'><\/div><h3 class='av-masonry-entry-title entry-title'  itemprop=\"headline\" >Canga Menina Sereia Bahia Multicolor<\/h3><span class=\"av-masonry-price price\"><span class=\"woocommerce-Price-amount amount\"><bdi><span class=\"woocommerce-Price-currencySymbol\">&euro;<\/span>119.00<\/bdi><\/span><\/span><\/div><\/div><\/figcaption><\/figure><\/a><!--end av-masonry entry--><a href=\"https:\/\/www.meninasereia.com.br\/es\/Producto\/bata-menina-sereia-adao-multicolor\/\" id='av-masonry-1-item-5618' data-av-masonry-item='5618' class='av-masonry-entry isotope-item post-5618 product type-product status-publish has-post-thumbnail product_cat-batas-esp product_tag-bata-es product_tag-feminino-es product_tag-menina-sereia-es product_tag-tunica-es first instock taxable shipping-taxable purchasable product-type-simple all_sort batas-esp_sort  av-masonry-item-with-image' title=\"Bata Menina Sereia Ad\u00e3o Multicolor\"  itemscope=\"itemscope\" itemtype=\"https:\/\/schema.org\/CreativeWork\" ><div class='av-inner-masonry-sizer'><\/div><figure class='av-inner-masonry main_color'><div class=\"av-masonry-outerimage-container\"><div class=\"av-masonry-image-container\" style=\"background-image: url(https:\/\/www.meninasereia.com.br\/wp-content\/uploads\/2017\/10\/Menina-Sereia-28-470x705.jpg);\"><\/div><\/div><figcaption class='av-inner-masonry-content site-background'><div class='av-inner-masonry-content-pos'><div class='av-inner-masonry-content-pos-content'><div class='avia-arrow'><\/div><h3 class='av-masonry-entry-title entry-title'  itemprop=\"headline\" >Bata Menina Sereia Ad\u00e3o Multicolor<\/h3><span class=\"av-masonry-price price\"><span class=\"woocommerce-Price-amount amount\"><bdi><span class=\"woocommerce-Price-currencySymbol\">&euro;<\/span>89.90<\/bdi><\/span><\/span><\/div><\/div><\/figcaption><\/figure><\/a><!--end av-masonry entry--><a href=\"https:\/\/www.meninasereia.com.br\/es\/Producto\/canga-toalla-menina-sereia-afrodite-multicolor\/\" id='av-masonry-1-item-5603' data-av-masonry-item='5603' class='av-masonry-entry isotope-item post-5603 product type-product status-publish has-post-thumbnail product_cat-adulto-es product_cat-toalla-canga product_tag-canga-atoalhada-es product_tag-feminino-es product_tag-menina-sereia-es product_tag-multicolor-es product_tag-toalla-canga product_tag-toallas-cangas product_tag-unisexo  instock taxable shipping-taxable purchasable product-type-simple all_sort adulto-es_sort  toalla-canga_sort  av-masonry-item-with-image' title=\"Canga\/ Toalla Menina Sereia Afrodite Multicolor\"  itemscope=\"itemscope\" itemtype=\"https:\/\/schema.org\/CreativeWork\" ><div class='av-inner-masonry-sizer'><\/div><figure class='av-inner-masonry main_color'><div class=\"av-masonry-outerimage-container\"><div class=\"av-masonry-image-container\" style=\"background-image: url(https:\/\/www.meninasereia.com.br\/wp-content\/uploads\/2018\/03\/Menina-Sereia-LB01798-Editar-470x705.jpg);\"><\/div><\/div><figcaption class='av-inner-masonry-content site-background'><div class='av-inner-masonry-content-pos'><div class='av-inner-masonry-content-pos-content'><div class='avia-arrow'><\/div><h3 class='av-masonry-entry-title entry-title'  itemprop=\"headline\" >Canga\/ Toalla Menina Sereia Afrodite Multicolor<\/h3><span class=\"av-masonry-price price\"><span class=\"woocommerce-Price-amount amount\"><bdi><span class=\"woocommerce-Price-currencySymbol\">&euro;<\/span>159.50<\/bdi><\/span><\/span><\/div><\/div><\/figcaption><\/figure><\/a><!--end av-masonry entry--><a href=\"https:\/\/www.meninasereia.com.br\/es\/Producto\/canga-toalha-menina-sereia-adao-multicolor\/\" id='av-masonry-1-item-5786' data-av-masonry-item='5786' class='av-masonry-entry isotope-item post-5786 product type-product status-publish has-post-thumbnail product_cat-adulto-es product_cat-toalla-canga product_tag-canga-atoalhada-es product_tag-feminino-es product_tag-menina-sereia-es product_tag-multicolor-es product_tag-toallas-cangas last outofstock shipping-taxable purchasable product-type-simple all_sort adulto-es_sort  toalla-canga_sort  av-masonry-item-with-image' title=\"Canga\/ Toalha Menina Sereia Ad\u00e3o Multicolor\"  itemscope=\"itemscope\" itemtype=\"https:\/\/schema.org\/CreativeWork\" ><div class='av-inner-masonry-sizer'><\/div><figure class='av-inner-masonry main_color'><div class=\"av-masonry-outerimage-container\"><div class=\"av-masonry-image-container\" style=\"background-image: url(https:\/\/www.meninasereia.com.br\/wp-content\/uploads\/2017\/10\/Menina-Sereia-4-470x705.jpg);\"><\/div><\/div><figcaption class='av-inner-masonry-content site-background'><div class='av-inner-masonry-content-pos'><div class='av-inner-masonry-content-pos-content'><div class='avia-arrow'><\/div><h3 class='av-masonry-entry-title entry-title'  itemprop=\"headline\" >Canga\/ Toalha Menina Sereia Ad\u00e3o Multicolor<\/h3><span class=\"av-masonry-price price\"><span class=\"woocommerce-Price-amount amount\"><bdi><span class=\"woocommerce-Price-currencySymbol\">&euro;<\/span>32.00<\/bdi><\/span><\/span><\/div><\/div><\/figcaption><\/figure><\/a><!--end av-masonry entry--><a href=\"https:\/\/www.meninasereia.com.br\/es\/Producto\/canga-toalla-menina-sereia-acacia-infantil-multicolor\/\" id='av-masonry-1-item-5803' data-av-masonry-item='5803' class='av-masonry-entry isotope-item post-5803 product type-product status-publish has-post-thumbnail product_cat-infantil-es product_cat-toalla-canga product_tag-canga-atoalhada-es product_tag-feminino-es product_tag-menina-sereia-es product_tag-multicolor-es product_tag-tolla-canga-infantil product_tag-unisexo first instock taxable shipping-taxable purchasable product-type-simple all_sort infantil-es_sort  toalla-canga_sort  av-masonry-item-with-image' title=\"Canga\/ Toalla Menina Sereia Ac\u00e1cia Infantil Multicolor\"  itemscope=\"itemscope\" itemtype=\"https:\/\/schema.org\/CreativeWork\" ><div class='av-inner-masonry-sizer'><\/div><figure class='av-inner-masonry main_color'><div class=\"av-masonry-outerimage-container\"><div class=\"av-masonry-image-container\" style=\"background-image: url(https:\/\/www.meninasereia.com.br\/wp-content\/uploads\/2017\/07\/Menina-Sereia-32-470x705.jpg);\"><\/div><\/div><figcaption class='av-inner-masonry-content site-background'><div class='av-inner-masonry-content-pos'><div class='av-inner-masonry-content-pos-content'><div class='avia-arrow'><\/div><h3 class='av-masonry-entry-title entry-title'  itemprop=\"headline\" >Canga\/ Toalla Menina Sereia Ac\u00e1cia Infantil Multicolor<\/h3><span class=\"av-masonry-price price\"><span class=\"woocommerce-Price-amount amount\"><bdi><span class=\"woocommerce-Price-currencySymbol\">&euro;<\/span>79.90<\/bdi><\/span><\/span><\/div><\/div><\/figcaption><\/figure><\/a><!--end av-masonry entry--><\/div><div class='av-masonry-pagination av-masonry-pagination-pagination'><nav class='pagination'><span class='pagination-meta'>P\u00e1gina 1 de 9<\/span><span class='current'>1<\/span><a href='https:\/\/www.meninasereia.com.br\/es\/wp-json\/wp\/v2\/pages\/5859\/page\/2\/' class='inactive' >2<\/a><a href='https:\/\/www.meninasereia.com.br\/es\/wp-json\/wp\/v2\/pages\/5859\/page\/3\/' class='inactive' >3<\/a><a href='https:\/\/www.meninasereia.com.br\/es\/wp-json\/wp\/v2\/pages\/5859\/page\/2\/'>&rsaquo;<\/a><a href='https:\/\/www.meninasereia.com.br\/es\/wp-json\/wp\/v2\/pages\/5859\/page\/9\/'>&raquo;<\/a><\/nav>\n<\/div><\/div>\n","protected":false},"excerpt":{"rendered":"","protected":false},"author":1,"featured_media":0,"parent":0,"menu_order":0,"comment_status":"closed","ping_status":"closed","template":"","meta":{"footnotes":""},"class_list":["post-5859","page","type-page","status-publish","hentry"],"_links":{"self":[{"href":"https:\/\/www.meninasereia.com.br\/es\/wp-json\/wp\/v2\/pages\/5859","targetHints":{"allow":["GET"]}}],"collection":[{"href":"https:\/\/www.meninasereia.com.br\/es\/wp-json\/wp\/v2\/pages"}],"about":[{"href":"https:\/\/www.meninasereia.com.br\/es\/wp-json\/wp\/v2\/types\/page"}],"author":[{"embeddable":true,"href":"https:\/\/www.meninasereia.com.br\/es\/wp-json\/wp\/v2\/users\/1"}],"replies":[{"embeddable":true,"href":"https:\/\/www.meninasereia.com.br\/es\/wp-json\/wp\/v2\/comments?post=5859"}],"version-history":[{"count":3,"href":"https:\/\/www.meninasereia.com.br\/es\/wp-json\/wp\/v2\/pages\/5859\/revisions"}],"predecessor-version":[{"id":5862,"href":"https:\/\/www.meninasereia.com.br\/es\/wp-json\/wp\/v2\/pages\/5859\/revisions\/5862"}],"wp:attachment":[{"href":"https:\/\/www.meninasereia.com.br\/es\/wp-json\/wp\/v2\/media?parent=5859"}],"curies":[{"name":"wp","href":"https:\/\/api.w.org\/{rel}","templated":true}]}}