{"id":5904,"date":"2018-11-19T23:21:11","date_gmt":"2018-11-20T02:21:11","guid":{"rendered":"http:\/\/www.meninasereia.com.br\/blog\/blog-single-author-small\/"},"modified":"2018-11-19T23:21:13","modified_gmt":"2018-11-20T02:21:13","slug":"blog-single-author-small","status":"publish","type":"page","link":"https:\/\/www.meninasereia.com.br\/es\/blog\/blog-single-author-small\/","title":{"rendered":"Blog Single Author Small"},"content":{"rendered":"<\/div><\/div><\/div><!-- close content main div --><\/div><\/div><div id='av_section_1' class='avia-section main_color avia-section-huge avia-no-shadow avia-full-stretch av-section-color-overlay-active avia-bg-style-scroll   container_wrap sidebar_right' style = 'background-repeat: no-repeat; background-image: url(https:\/\/www.meninasereia.com.br\/wp-content\/uploads\/2017\/02\/banner-news-alt-1.jpg);background-attachment: scroll; background-position: top center; ' data-section-bg-repeat='stretch' ><div class='av-section-color-overlay-wrap'><div class='av-section-color-overlay' style='opacity: 0.6; background-color: #000000; '><\/div><div class='container' ><div class='template-page content  av-content-small alpha units'><div class='post-entry post-entry-type-page post-entry-5904'><div class='entry-content-wrapper clearfix'>\n<div style='padding-bottom:0px; color:#ffffff;font-size:40px;' class='av-special-heading av-special-heading-h1 custom-color-heading blockquote modern-quote modern-centered  av-inherit-size '><h1 class='av-special-heading-tag '  itemprop=\"headline\"  >Latest News<br \/>Everything thats going on at Enfold is collected here<\/h1><div class='special-heading-border'><div class='special-heading-inner-border' style='border-color:#ffffff'><\/div><\/div><\/div>\n<div style=' margin-top:30px; margin-bottom:30px;'  class='hr hr-custom hr-center hr-icon-no  '><span class='hr-inner   inner-border-av-border-fat' style=' width:50px; border-color:#ffffff;' ><span class='hr-inner-style'><\/span><\/span><\/div>\n<section class=\"av_textblock_section \"  itemscope=\"itemscope\" itemtype=\"https:\/\/schema.org\/CreativeWork\" ><div class='avia_textblock  av_inherit_color '  style='color:#dddddd; '  itemprop=\"text\" ><p>Las s\u00e1banas de las hermanas se iniciaron en Aracaju, con un paseo en la playa y el otro en el camino. Desde el principio, las hermanas se dirigen a conquistar el mundo con su carisma y su enfoque.<br \/>\nQue se mueven a Sao Paulo y contin\u00faan en el mundo de la diversi\u00f3n. Despu\u00e9s de a\u00f1os de viaje, ir a Par\u00eds, Mil\u00e1n, Portugal, M\u00e9xico y los EE.UU., sintieron que estaban listos para iniciar su propio negocio.<br \/>\nEn el caso de que se trate de una persona que no sea de su familia, el ni\u00f1o que se pase por su bicicleta vendr\u00e1 \u00absoso, de pie, El personal era muy amable y servicial. que es el arte, la libertad de expresi\u00f3n, la creaci\u00f3n, la piedra angular para promover nuevos artistas; La flora: la belleza de las flores, las plantas de la naturaleza y el pilar principal que se extiende en la estimaci\u00f3n de la esencia de cada uno de los dos, de las que se crean las ideas.<br \/>\nLa chica de la sirena [Mermaid Girl] es un accesorio que se lleva a traer sentido, modernidad y liveliness a la moda de la playa. , Que se ha convertido en una de las m\u00e1s antiguas del mundo.<br \/>\nEn el caso de que se produzca un cambio en la calidad del producto, se debe tener en cuenta que los productos que se comercializan en el mercado,<br \/>\nEn el caso de que el sue\u00f1o empieza a trav\u00e9s, el Sampaio twins han ya conquered el coraz\u00f3n de los brasile\u00f1os mermaids y ahora se trata de mermaid other seas.<\/p>\n<\/div><\/section>\n<\/div><\/div><\/div><!-- close content main div --><\/div><\/div><\/div><div id='after_section_1' class='main_color av_default_container_wrap container_wrap sidebar_right'   ><div class='container' ><div class='template-page content  av-content-small alpha units'><div class='post-entry post-entry-type-page post-entry-5904'><div class='entry-content-wrapper clearfix'>\n<div class='av-alb-blogposts template-blog  av-blog-meta-html-info-disabled '  itemscope=\"itemscope\" itemtype=\"https:\/\/schema.org\/Blog\" >\n    <article class=\"entry\">\n        <header class=\"entry-content-header\">\n            <h1 class='post-title entry-title'>\u2716 No hay resultados<\/h1>\n        <\/header>\n\n        <p class=\"entry-content\"  itemprop=\"text\" >Lo sentimos, no hay entradas que coincidan con tu b\u00fasqueda.<\/p>\n\n        <footer class=\"entry-footer\"><\/footer>\n    <\/article>\n\n<div class='single-small'><\/div><\/div>\n","protected":false},"excerpt":{"rendered":"","protected":false},"author":1,"featured_media":0,"parent":5865,"menu_order":0,"comment_status":"closed","ping_status":"closed","template":"","meta":{"footnotes":""},"class_list":["post-5904","page","type-page","status-publish","hentry"],"_links":{"self":[{"href":"https:\/\/www.meninasereia.com.br\/es\/wp-json\/wp\/v2\/pages\/5904","targetHints":{"allow":["GET"]}}],"collection":[{"href":"https:\/\/www.meninasereia.com.br\/es\/wp-json\/wp\/v2\/pages"}],"about":[{"href":"https:\/\/www.meninasereia.com.br\/es\/wp-json\/wp\/v2\/types\/page"}],"author":[{"embeddable":true,"href":"https:\/\/www.meninasereia.com.br\/es\/wp-json\/wp\/v2\/users\/1"}],"replies":[{"embeddable":true,"href":"https:\/\/www.meninasereia.com.br\/es\/wp-json\/wp\/v2\/comments?post=5904"}],"version-history":[{"count":1,"href":"https:\/\/www.meninasereia.com.br\/es\/wp-json\/wp\/v2\/pages\/5904\/revisions"}],"predecessor-version":[{"id":5905,"href":"https:\/\/www.meninasereia.com.br\/es\/wp-json\/wp\/v2\/pages\/5904\/revisions\/5905"}],"up":[{"embeddable":true,"href":"https:\/\/www.meninasereia.com.br\/es\/wp-json\/wp\/v2\/pages\/5865"}],"wp:attachment":[{"href":"https:\/\/www.meninasereia.com.br\/es\/wp-json\/wp\/v2\/media?parent=5904"}],"curies":[{"name":"wp","href":"https:\/\/api.w.org\/{rel}","templated":true}]}}