{"id":5953,"date":"2018-11-20T00:08:43","date_gmt":"2018-11-20T03:08:43","guid":{"rendered":"http:\/\/www.meninasereia.com.br\/elements\/catalogue\/"},"modified":"2018-11-20T00:08:51","modified_gmt":"2018-11-20T03:08:51","slug":"catalogue","status":"publish","type":"page","link":"https:\/\/www.meninasereia.com.br\/es\/elements\/catalogue\/","title":{"rendered":"Catalogue"},"content":{"rendered":"<div style='padding-bottom:15px; color:#000000;font-size:40px;' class='av-special-heading av-special-heading-h1 custom-color-heading blockquote modern-quote   av-inherit-size '><h1 class='av-special-heading-tag '  itemprop=\"headline\"  >Catalogue Element<\/h1><div class='special-heading-border'><div class='special-heading-inner-border' style='border-color:#000000'><\/div><\/div><\/div>\n<section class=\"av_textblock_section \"  itemscope=\"itemscope\" itemtype=\"https:\/\/schema.org\/CreativeWork\" ><div class='avia_textblock  '   itemprop=\"text\" ><p>Las s\u00e1banas de las hermanas se iniciaron en Aracaju, con un paseo en la playa y el otro en el camino. Desde el principio, las hermanas se dirigen a conquistar el mundo con su carisma y su enfoque.<br \/>\nQue se mueven a Sao Paulo y contin\u00faan en el mundo de la diversi\u00f3n. Despu\u00e9s de a\u00f1os de viaje, ir a Par\u00eds, Mil\u00e1n, Portugal, M\u00e9xico y los EE.UU., sintieron que estaban listos para iniciar su propio negocio.<br \/>\nEn el caso de que se trate de una persona que no sea de su familia, el ni\u00f1o que se pase por su bicicleta vendr\u00e1 \u00absoso, de pie, El personal era muy amable y servicial. que es el arte, la libertad de expresi\u00f3n, la creaci\u00f3n, la piedra angular para promover nuevos artistas; La flora: la belleza de las flores, las plantas de la naturaleza y el pilar principal que se extiende en la estimaci\u00f3n de la esencia de cada uno de los dos, de las que se crean las ideas.<br \/>\nLa chica de la sirena [Mermaid Girl] es un accesorio que se lleva a traer sentido, modernidad y liveliness a la moda de la playa. , Que se ha convertido en una de las m\u00e1s antiguas del mundo.<br \/>\nEn el caso de que se produzca un cambio en la calidad del producto, se debe tener en cuenta que los productos que se comercializan en el mercado,<br \/>\nEn el caso de que el sue\u00f1o empieza a trav\u00e9s, el Sampaio twins han ya conquered el coraz\u00f3n de los brasile\u00f1os mermaids y ahora se trata de mermaid other seas.<\/p>\n<\/div><\/section>\n<div style='height:50px' class='hr hr-invisible  '><span class='hr-inner ' ><span class='hr-inner-style'><\/span><\/span><\/div>\n<div class=\"flex_column av_one_full  flex_column_div av-zero-column-padding first  \" style='border-radius:0px; '><div class='av-catalogue-container  '><ul class='av-catalogue-list'>\n<li><a href='https:\/\/www.meninasereia.com.br\/wp-content\/uploads\/2015\/07\/portfolio-1-1.jpg'  class='av-catalogue-item'><img src='https:\/\/www.meninasereia.com.br\/wp-content\/uploads\/2015\/07\/portfolio-1-1-180x180.jpg' title='' alt='' class='av-catalogue-image' \/><div class='av-catalogue-item-inner'><div class='av-catalogue-title-container'><div class='av-catalogue-title'>Sesame crusted scotch fillet<\/div><div class='av-catalogue-price'>7.50$<\/div><\/div><div class='av-catalogue-content'>\nwith honeyed Pedro Ximenez sauce and potato cake<br \/>\n<\/div><\/div><\/a><\/li>\n<li><a href='https:\/\/www.meninasereia.com.br\/wp-content\/uploads\/2015\/07\/portfolio-7-1.jpg'  class='av-catalogue-item'><img src='https:\/\/www.meninasereia.com.br\/wp-content\/uploads\/2015\/07\/portfolio-7-1-180x180.jpg' title='' alt='' class='av-catalogue-image' \/><div class='av-catalogue-item-inner'><div class='av-catalogue-title-container'><div class='av-catalogue-title'>Roast Rack of Lamb<\/div><div class='av-catalogue-price'>7.50$<\/div><\/div><div class='av-catalogue-content'>\nwith herb crust and fruity mesclun salad and straw potato<br \/>\n<\/div><\/div><\/a><\/li>\n<\/ul><\/div><\/div>\n<div style='height:50px' class='hr hr-invisible  '><span class='hr-inner ' ><span class='hr-inner-style'><\/span><\/span><\/div>\n<div style='padding-bottom:25px; ' class='av-special-heading av-special-heading-h2  blockquote modern-quote   '><h2 class='av-special-heading-tag '  itemprop=\"headline\"  > Donec pede justo<\/h2><div class='special-heading-border'><div class='special-heading-inner-border' ><\/div><\/div><\/div>\n<div class=\"flex_column av_one_full  flex_column_div first  \" ><div class='av-catalogue-container  '><ul class='av-catalogue-list'>\n<li><div class='av-catalogue-item'><div class='av-catalogue-item-inner'><div class='av-catalogue-title-container'><div class='av-catalogue-title'>Eggs Benedict<\/div><div class='av-catalogue-price'>21$<\/div><\/div><div class='av-catalogue-content'>\nwith either bacon or salmon<br \/>\n<\/div><\/div><\/div><\/li>\n<li><div class='av-catalogue-item'><div class='av-catalogue-item-inner'><div class='av-catalogue-title-container'><div class='av-catalogue-title'>Enfold\u2019s famous Crepes<\/div><div class='av-catalogue-price'>16$<\/div><\/div><div class='av-catalogue-content'>\nwith fresh fruit, bacon and maple syrup<br \/>\n<\/div><\/div><\/div><\/li>\n<li><div class='av-catalogue-item'><div class='av-catalogue-item-inner'><div class='av-catalogue-title-container'><div class='av-catalogue-title'>French Toasted Brioche<\/div><div class='av-catalogue-price'>17$<\/div><\/div><div class='av-catalogue-content'>\nwith grilled banana, bacon, rosewater mascarpone and maple syrup<br \/>\n<\/div><\/div><\/div><\/li>\n<\/ul><\/div><\/div>\n<div style='height:50px' class='hr hr-invisible  '><span class='hr-inner ' ><span class='hr-inner-style'><\/span><\/span><\/div>\n<div style='padding-bottom:25px; ' class='av-special-heading av-special-heading-h2  blockquote modern-quote   '><h2 class='av-special-heading-tag '  itemprop=\"headline\"  >Lorem Ipsum<\/h2><div class='special-heading-border'><div class='special-heading-inner-border' ><\/div><\/div><\/div>\n<div class=\"flex_column av_one_full  flex_column_div av-zero-column-padding first  \" style='border-radius:0px; '><div class='av-catalogue-container  '><ul class='av-catalogue-list'>\n<li><div class='av-catalogue-item'><div class='av-catalogue-item-inner'><div class='av-catalogue-title-container'><div class='av-catalogue-title'>Linefish<\/div><div class='av-catalogue-price'>27$<\/div><\/div><div class='av-catalogue-content'>\nPan fried line fish, herbed nicola potato and mussel salad<br \/>\n<\/div><\/div><\/div><\/li>\n<li><div class='av-catalogue-item'><div class='av-catalogue-item-inner'><div class='av-catalogue-title-container'><div class='av-catalogue-title'>Autumn Lamb<\/div><div class='av-catalogue-price'>33$<\/div><\/div><div class='av-catalogue-content'>\nPan seared lamb loin, slow roasted lamb shanks<br \/>\n<\/div><\/div><\/div><\/li>\n<li><div class='av-catalogue-item'><div class='av-catalogue-item-inner'><div class='av-catalogue-title-container'><div class='av-catalogue-title'>Duck<\/div><div class='av-catalogue-price'>75$<\/div><\/div><div class='av-catalogue-content'>\nConfit duck leg, mushroom and liver stuffing and onions<br \/>\n<\/div><\/div><\/div><\/li>\n<li><div class='av-catalogue-item'><div class='av-catalogue-item-inner'><div class='av-catalogue-title-container'><div class='av-catalogue-title'>Homedried Tomato<\/div><div class='av-catalogue-price'>22$<\/div><\/div><div class='av-catalogue-content'>\nwith sesame, aubergine puree and burnt aubergine jelly<br \/>\n<\/div><\/div><\/div><\/li>\n<\/ul><\/div><\/div>\n<div style='height:50px' class='hr hr-invisible  '><span class='hr-inner ' ><span class='hr-inner-style'><\/span><\/span><\/div>\n<div style='padding-bottom:25px; ' class='av-special-heading av-special-heading-h2  blockquote modern-quote   '><h2 class='av-special-heading-tag '  itemprop=\"headline\"  >Consequat vitae, eleifend<\/h2><div class='special-heading-border'><div class='special-heading-inner-border' ><\/div><\/div><\/div>\n<div class=\"flex_column av_one_half  flex_column_div first  \" ><div class='av-catalogue-container  '><ul class='av-catalogue-list'>\n<li><div class='av-catalogue-item'><div class='av-catalogue-item-inner'><div class='av-catalogue-title-container'><div class='av-catalogue-title'>7UP<\/div><div class='av-catalogue-price'>3.90$<\/div><\/div><div class='av-catalogue-content'><\/div><\/div><\/div><\/li>\n<li><div class='av-catalogue-item'><div class='av-catalogue-item-inner'><div class='av-catalogue-title-container'><div class='av-catalogue-title'>Root Beer<\/div><div class='av-catalogue-price'>3.90$<\/div><\/div><div class='av-catalogue-content'><\/div><\/div><\/div><\/li>\n<li><div class='av-catalogue-item'><div class='av-catalogue-item-inner'><div class='av-catalogue-title-container'><div class='av-catalogue-title'>Apple Juice<\/div><div class='av-catalogue-price'>3.90$<\/div><\/div><div class='av-catalogue-content'><\/div><\/div><\/div><\/li>\n<li><div class='av-catalogue-item'><div class='av-catalogue-item-inner'><div class='av-catalogue-title-container'><div class='av-catalogue-title'>Orange Juice<\/div><div class='av-catalogue-price'>3.90$<\/div><\/div><div class='av-catalogue-content'><\/div><\/div><\/div><\/li>\n<\/ul><\/div><\/div>\n<div class=\"flex_column av_one_half  flex_column_div av-zero-column-padding   \" style='border-radius:0px; '><div class='av-catalogue-container  '><ul class='av-catalogue-list'>\n<li><div class='av-catalogue-item'><div class='av-catalogue-item-inner'><div class='av-catalogue-title-container'><div class='av-catalogue-title'>Coke<\/div><div class='av-catalogue-price'>3.90$<\/div><\/div><div class='av-catalogue-content'><\/div><\/div><\/div><\/li>\n<li><div class='av-catalogue-item'><div class='av-catalogue-item-inner'><div class='av-catalogue-title-container'><div class='av-catalogue-title'>Pepsi<\/div><div class='av-catalogue-price'>2.90$<\/div><\/div><div class='av-catalogue-content'><\/div><\/div><\/div><\/li>\n<li><div class='av-catalogue-item'><div class='av-catalogue-item-inner'><div class='av-catalogue-title-container'><div class='av-catalogue-title'>Red Bull<\/div><div class='av-catalogue-price'>4.90$<\/div><\/div><div class='av-catalogue-content'><\/div><\/div><\/div><\/li>\n<li><div class='av-catalogue-item'><div class='av-catalogue-item-inner'><div class='av-catalogue-title-container'><div class='av-catalogue-title'>Bitter Lemon<\/div><div class='av-catalogue-price'>2.95$<\/div><\/div><div class='av-catalogue-content'><\/div><\/div><\/div><\/li>\n<\/ul><\/div><\/div>\n","protected":false},"excerpt":{"rendered":"","protected":false},"author":1,"featured_media":0,"parent":5938,"menu_order":0,"comment_status":"closed","ping_status":"closed","template":"","meta":{"footnotes":""},"class_list":["post-5953","page","type-page","status-publish","hentry"],"_links":{"self":[{"href":"https:\/\/www.meninasereia.com.br\/es\/wp-json\/wp\/v2\/pages\/5953","targetHints":{"allow":["GET"]}}],"collection":[{"href":"https:\/\/www.meninasereia.com.br\/es\/wp-json\/wp\/v2\/pages"}],"about":[{"href":"https:\/\/www.meninasereia.com.br\/es\/wp-json\/wp\/v2\/types\/page"}],"author":[{"embeddable":true,"href":"https:\/\/www.meninasereia.com.br\/es\/wp-json\/wp\/v2\/users\/1"}],"replies":[{"embeddable":true,"href":"https:\/\/www.meninasereia.com.br\/es\/wp-json\/wp\/v2\/comments?post=5953"}],"version-history":[{"count":1,"href":"https:\/\/www.meninasereia.com.br\/es\/wp-json\/wp\/v2\/pages\/5953\/revisions"}],"predecessor-version":[{"id":5954,"href":"https:\/\/www.meninasereia.com.br\/es\/wp-json\/wp\/v2\/pages\/5953\/revisions\/5954"}],"up":[{"embeddable":true,"href":"https:\/\/www.meninasereia.com.br\/es\/wp-json\/wp\/v2\/pages\/5938"}],"wp:attachment":[{"href":"https:\/\/www.meninasereia.com.br\/es\/wp-json\/wp\/v2\/media?parent=5953"}],"curies":[{"name":"wp","href":"https:\/\/api.w.org\/{rel}","templated":true}]}}