{"id":5736,"date":"2017-07-04T00:38:37","date_gmt":"2017-07-04T03:38:37","guid":{"rendered":"http:\/\/www.meninasereia.com.br\/produto\/bata-menina-sereia-vitoria-regia-multicolor\/"},"modified":"2020-09-01T16:16:35","modified_gmt":"2020-09-01T19:16:35","slug":"bata-menina-sereia-vitoria-regia-multicolor","status":"publish","type":"product","link":"https:\/\/www.meninasereia.com.br\/es\/Producto\/bata-menina-sereia-vitoria-regia-multicolor\/","title":{"rendered":"Bata Menina Sereia Vit\u00f3ria R\u00e9gia Multicolor"},"content":{"rendered":"<p>Tama\u00f1o P<br \/>\n0,58 centimetros de ancho y 0,23 altura<br \/>\nTam M<br \/>\n0,58 centimetros de ancho y 0,26 altura<br \/>\nTam G<br \/>\n0,58 centimetros de ancho y 0,30 altura<\/p>\n","protected":false},"excerpt":{"rendered":"<p>Bata 100% Viscosa Pom Pom y el\u00e1stico<\/p>\n","protected":false},"featured_media":5737,"template":"","meta":[],"product_brand":[],"product_cat":[142],"product_tag":[139,138,147],"class_list":{"0":"post-5736","1":"product","2":"type-product","3":"status-publish","4":"has-post-thumbnail","6":"product_cat-batas-esp","7":"product_tag-bata-es","8":"product_tag-menina-sereia-es","9":"product_tag-multicolor-es","11":"first","12":"instock","13":"taxable","14":"shipping-taxable","15":"purchasable","16":"product-type-simple"},"_links":{"self":[{"href":"https:\/\/www.meninasereia.com.br\/es\/wp-json\/wp\/v2\/product\/5736","targetHints":{"allow":["GET"]}}],"collection":[{"href":"https:\/\/www.meninasereia.com.br\/es\/wp-json\/wp\/v2\/product"}],"about":[{"href":"https:\/\/www.meninasereia.com.br\/es\/wp-json\/wp\/v2\/types\/product"}],"wp:featuredmedia":[{"embeddable":true,"href":"https:\/\/www.meninasereia.com.br\/es\/wp-json\/wp\/v2\/media\/5737"}],"wp:attachment":[{"href":"https:\/\/www.meninasereia.com.br\/es\/wp-json\/wp\/v2\/media?parent=5736"}],"wp:term":[{"taxonomy":"product_brand","embeddable":true,"href":"https:\/\/www.meninasereia.com.br\/es\/wp-json\/wp\/v2\/product_brand?post=5736"},{"taxonomy":"product_cat","embeddable":true,"href":"https:\/\/www.meninasereia.com.br\/es\/wp-json\/wp\/v2\/product_cat?post=5736"},{"taxonomy":"product_tag","embeddable":true,"href":"https:\/\/www.meninasereia.com.br\/es\/wp-json\/wp\/v2\/product_tag?post=5736"}],"curies":[{"name":"wp","href":"https:\/\/api.w.org\/{rel}","templated":true}]}}