{"id":5746,"date":"2017-07-03T01:59:31","date_gmt":"2017-07-03T04:59:31","guid":{"rendered":"http:\/\/www.meninasereia.com.br\/produto\/canga-toalla-menina-sereia-king-protea-multicolor\/"},"modified":"2017-07-03T01:59:31","modified_gmt":"2017-07-03T04:59:31","slug":"canga-toalla-menina-sereia-king-protea-multicolor","status":"publish","type":"product","link":"https:\/\/www.meninasereia.com.br\/es\/Producto\/canga-toalla-menina-sereia-king-protea-multicolor\/","title":{"rendered":"Canga\/Toalla Menina Sereia King Protea Multicolor"},"content":{"rendered":"<p>Las flores m\u00e1s hermosas del mundo est\u00e1n en la punta de Sud\u00e1frica, la ciudad del Cabo es un ecosistema extraordinario y uno de los m\u00e1s ricos del planeta en biodiversidad.<br \/>\nEl nombre de nuestra Toalla Canga con colores africanos nos llev\u00f3 a sumergirse en un viaje en el mundo de las flores de esa familia, de Potrea, la King Protea, la m\u00e1s exuberante de todas. Su flor, de p\u00e9talos rosados, puede llegar a 30 cm de di\u00e1metro y se mantienen abierta durante semanas. King Protea es el rey de la familia de las Prote\u00e1ceas, que comprende 115 s\u00fabditos (61% son sudafricanos) y es reverenciada como flor nacional. La planta se asemeja a una alcachofra roja, apariencia que sugiri\u00f3 el nombre para la especie &#8211; cyranoides &#8211; es decir, \u00abcomo una alcachofra\u00bb. En contraste con las hojas verdes, gruesas y oscuras, cada especie desabrocha una joya diferente. Los estambres de colores vivos &#8211; rojo, naranja o amarillo &#8211; se abren como que queriendo revelar la magia de la naturaleza.<\/p>\n","protected":false},"excerpt":{"rendered":"<p>Un lado 100% Viscosa Otro lado 100% Algod\u00f3n, Tejido Felpudo, Pom Pom y Tassel.<\/p>\n","protected":false},"featured_media":5747,"template":"","meta":[],"product_brand":[],"product_cat":[145,146],"product_tag":[138,147,151],"class_list":{"0":"post-5746","1":"product","2":"type-product","3":"status-publish","4":"has-post-thumbnail","6":"product_cat-toalla-canga","7":"product_cat-adulto-es","8":"product_tag-menina-sereia-es","9":"product_tag-multicolor-es","10":"product_tag-toallas-cangas","12":"first","13":"outofstock","14":"shipping-taxable","15":"purchasable","16":"product-type-simple"},"_links":{"self":[{"href":"https:\/\/www.meninasereia.com.br\/es\/wp-json\/wp\/v2\/product\/5746","targetHints":{"allow":["GET"]}}],"collection":[{"href":"https:\/\/www.meninasereia.com.br\/es\/wp-json\/wp\/v2\/product"}],"about":[{"href":"https:\/\/www.meninasereia.com.br\/es\/wp-json\/wp\/v2\/types\/product"}],"wp:featuredmedia":[{"embeddable":true,"href":"https:\/\/www.meninasereia.com.br\/es\/wp-json\/wp\/v2\/media\/5747"}],"wp:attachment":[{"href":"https:\/\/www.meninasereia.com.br\/es\/wp-json\/wp\/v2\/media?parent=5746"}],"wp:term":[{"taxonomy":"product_brand","embeddable":true,"href":"https:\/\/www.meninasereia.com.br\/es\/wp-json\/wp\/v2\/product_brand?post=5746"},{"taxonomy":"product_cat","embeddable":true,"href":"https:\/\/www.meninasereia.com.br\/es\/wp-json\/wp\/v2\/product_cat?post=5746"},{"taxonomy":"product_tag","embeddable":true,"href":"https:\/\/www.meninasereia.com.br\/es\/wp-json\/wp\/v2\/product_tag?post=5746"}],"curies":[{"name":"wp","href":"https:\/\/api.w.org\/{rel}","templated":true}]}}