{"id":5752,"date":"2017-07-03T01:40:59","date_gmt":"2017-07-03T04:40:59","guid":{"rendered":"http:\/\/www.meninasereia.com.br\/produto\/canga-toalla-menina-sereia-vitoria-regia-multicolor\/"},"modified":"2017-07-03T01:40:59","modified_gmt":"2017-07-03T04:40:59","slug":"canga-toalla-menina-sereia-vitoria-regia-multicolor","status":"publish","type":"product","link":"https:\/\/www.meninasereia.com.br\/es\/Producto\/canga-toalla-menina-sereia-vitoria-regia-multicolor\/","title":{"rendered":"Canga\/Toalla Menina Sereia Vit\u00f3ria-R\u00e9gia Multicolor"},"content":{"rendered":"<p>Un d\u00eda, habiendo parado para descansar al borde de un lago, vio en su superficie la imagen de la diosa amada: la luna reflejada en sus aguas. Ciega por su sue\u00f1o, se ech\u00f3 al fondo y se ahog\u00f3. La luna, compadecida, quiso recompensar el sacrificio de la bella joven india, y resolvi\u00f3 transformarla en una estrella diferente de todas aquellas que brillan en el cielo. La transform\u00f3 entonces en una Estrella de las Aguas, \u00fanica y perfecta, que es la planta victoria-regia. As\u00ed naci\u00f3 una hermosa planta cuyas flores perfumadas y blancas s\u00f3lo abren por la noche, y al nacer del sol quedan rosadas.<\/p>\n","protected":false},"excerpt":{"rendered":"<p>Un lado 100% Viscosa Otro lado 100% Algod\u00f3n, Tejido Felpudo, Pom Pom y Tassel.<\/p>\n","protected":false},"featured_media":5753,"template":"","meta":[],"product_brand":[],"product_cat":[145,146],"product_tag":[138,147,151],"class_list":{"0":"post-5752","1":"product","2":"type-product","3":"status-publish","4":"has-post-thumbnail","6":"product_cat-toalla-canga","7":"product_cat-adulto-es","8":"product_tag-menina-sereia-es","9":"product_tag-multicolor-es","10":"product_tag-toallas-cangas","12":"first","13":"outofstock","14":"sale","15":"shipping-taxable","16":"purchasable","17":"product-type-simple"},"_links":{"self":[{"href":"https:\/\/www.meninasereia.com.br\/es\/wp-json\/wp\/v2\/product\/5752","targetHints":{"allow":["GET"]}}],"collection":[{"href":"https:\/\/www.meninasereia.com.br\/es\/wp-json\/wp\/v2\/product"}],"about":[{"href":"https:\/\/www.meninasereia.com.br\/es\/wp-json\/wp\/v2\/types\/product"}],"wp:featuredmedia":[{"embeddable":true,"href":"https:\/\/www.meninasereia.com.br\/es\/wp-json\/wp\/v2\/media\/5753"}],"wp:attachment":[{"href":"https:\/\/www.meninasereia.com.br\/es\/wp-json\/wp\/v2\/media?parent=5752"}],"wp:term":[{"taxonomy":"product_brand","embeddable":true,"href":"https:\/\/www.meninasereia.com.br\/es\/wp-json\/wp\/v2\/product_brand?post=5752"},{"taxonomy":"product_cat","embeddable":true,"href":"https:\/\/www.meninasereia.com.br\/es\/wp-json\/wp\/v2\/product_cat?post=5752"},{"taxonomy":"product_tag","embeddable":true,"href":"https:\/\/www.meninasereia.com.br\/es\/wp-json\/wp\/v2\/product_tag?post=5752"}],"curies":[{"name":"wp","href":"https:\/\/api.w.org\/{rel}","templated":true}]}}