{"id":5755,"date":"2017-07-03T01:30:28","date_gmt":"2017-07-03T04:30:28","guid":{"rendered":"http:\/\/www.meninasereia.com.br\/produto\/canga-toalla-menina-sereia-iris-multicolor\/"},"modified":"2017-07-03T01:30:28","modified_gmt":"2017-07-03T04:30:28","slug":"canga-toalla-menina-sereia-iris-multicolor","status":"publish","type":"product","link":"https:\/\/www.meninasereia.com.br\/es\/Producto\/canga-toalla-menina-sereia-iris-multicolor\/","title":{"rendered":"Canga\/Toalla Menina Sereia \u00cdris Multicolor"},"content":{"rendered":"<p>Nominamos nuestra toalla canga de Iris esa palabra vino de la mitolog\u00eda griega que ten\u00eda, Iris es la diosa del arco iris y de la hija de Thaumas y Electra. Ella fue representada como mensajero de Hera y Zeus. Desde los tiempos antiguos, la flor real de Iris simbolizaba el poder y la majestad. La flor se dedic\u00f3 a Juno &#8211; una divinidad romana, que fue sorprendentemente pensado para ser el origen del cetro. El pueblo de Egipto coloc\u00f3 una flor de iris en la frente de la Esfinge y en el cetro de los reyes egipcios, que identific\u00f3 tres hojas de sus flores como s\u00edmbolo de sabidur\u00eda, valor y fe.<\/p>\n<p>Durante los tiempos medievales, antes del renacimiento italiano, el significado de la flor se asoci\u00f3 con la monarqu\u00eda francesa. Desde entonces, Fleur de Lys se ha convertido en el s\u00edmbolo nacional de Francia. En algunas lenguas del mundo, las flores iris se llaman indicadores o espadas, lo que implica que eran un s\u00edmbolo de la herencia de la realeza, y en la her\u00e1ldica. En Jap\u00f3n, el significado ha sido interpretado como una expresi\u00f3n de hechos heroicos. El color azul del iris japon\u00e9s simboliza la sangre azul. Es por eso que las flores de iris se utilizan ampliamente en la fiesta de primavera japonesa para los ni\u00f1os. Iris flores se utilizaron en la fabricaci\u00f3n de perfumes, fragancias y como una hierba medicinal tambi\u00e9n. Hoy, usted puede encontrar el iris en jardines, patios, ramos e incluso en los bosques en todo el mundo.<\/p>\n","protected":false},"excerpt":{"rendered":"<p>Un lado 100% Viscosa Otro lado 100% Algod\u00f3n, Tejido Felpudo, Pom Pom y Tassel.<\/p>\n","protected":false},"featured_media":5757,"template":"","meta":[],"product_brand":[],"product_cat":[145,146],"product_tag":[138,147,151],"class_list":{"0":"post-5755","1":"product","2":"type-product","3":"status-publish","4":"has-post-thumbnail","6":"product_cat-toalla-canga","7":"product_cat-adulto-es","8":"product_tag-menina-sereia-es","9":"product_tag-multicolor-es","10":"product_tag-toallas-cangas","12":"first","13":"outofstock","14":"shipping-taxable","15":"purchasable","16":"product-type-simple"},"_links":{"self":[{"href":"https:\/\/www.meninasereia.com.br\/es\/wp-json\/wp\/v2\/product\/5755","targetHints":{"allow":["GET"]}}],"collection":[{"href":"https:\/\/www.meninasereia.com.br\/es\/wp-json\/wp\/v2\/product"}],"about":[{"href":"https:\/\/www.meninasereia.com.br\/es\/wp-json\/wp\/v2\/types\/product"}],"wp:featuredmedia":[{"embeddable":true,"href":"https:\/\/www.meninasereia.com.br\/es\/wp-json\/wp\/v2\/media\/5757"}],"wp:attachment":[{"href":"https:\/\/www.meninasereia.com.br\/es\/wp-json\/wp\/v2\/media?parent=5755"}],"wp:term":[{"taxonomy":"product_brand","embeddable":true,"href":"https:\/\/www.meninasereia.com.br\/es\/wp-json\/wp\/v2\/product_brand?post=5755"},{"taxonomy":"product_cat","embeddable":true,"href":"https:\/\/www.meninasereia.com.br\/es\/wp-json\/wp\/v2\/product_cat?post=5755"},{"taxonomy":"product_tag","embeddable":true,"href":"https:\/\/www.meninasereia.com.br\/es\/wp-json\/wp\/v2\/product_tag?post=5755"}],"curies":[{"name":"wp","href":"https:\/\/api.w.org\/{rel}","templated":true}]}}