{"id":5771,"date":"2017-07-03T01:34:05","date_gmt":"2017-07-03T04:34:05","guid":{"rendered":"http:\/\/www.meninasereia.com.br\/produto\/canga-toalha-menina-sereia-boat-show-2016-multicolor\/"},"modified":"2017-07-03T01:34:05","modified_gmt":"2017-07-03T04:34:05","slug":"canga-toalha-menina-sereia-boat-show-2016-multicolor","status":"publish","type":"product","link":"https:\/\/www.meninasereia.com.br\/es\/Producto\/canga-toalha-menina-sereia-boat-show-2016-multicolor\/","title":{"rendered":"Canga\/Toalha Menina Sereia Boat Show 2016 Multicolor"},"content":{"rendered":"<p>Essa nossa Toalha Canga foi criada exclusivamente para o Boat Show 2016 e agora isso n\u00e3o est\u00e1 dispon\u00edvel aqui para voc\u00ea.<br \/>\nAproveite para decorar o seu barco com a nossa Toalha Canga Boat Show 2016.<\/p>\n","protected":false},"excerpt":{"rendered":"<p>Un lado 100% Viscosa Otro lado 100% Algod\u00f3n, Tejido Felpudo, Pom Pom y Tassel.<\/p>\n","protected":false},"featured_media":5777,"template":"","meta":[],"product_brand":[],"product_cat":[145,146],"product_tag":[138,147,151],"class_list":{"0":"post-5771","1":"product","2":"type-product","3":"status-publish","4":"has-post-thumbnail","6":"product_cat-toalla-canga","7":"product_cat-adulto-es","8":"product_tag-menina-sereia-es","9":"product_tag-multicolor-es","10":"product_tag-toallas-cangas","12":"first","13":"outofstock","14":"shipping-taxable","15":"purchasable","16":"product-type-simple"},"_links":{"self":[{"href":"https:\/\/www.meninasereia.com.br\/es\/wp-json\/wp\/v2\/product\/5771","targetHints":{"allow":["GET"]}}],"collection":[{"href":"https:\/\/www.meninasereia.com.br\/es\/wp-json\/wp\/v2\/product"}],"about":[{"href":"https:\/\/www.meninasereia.com.br\/es\/wp-json\/wp\/v2\/types\/product"}],"wp:featuredmedia":[{"embeddable":true,"href":"https:\/\/www.meninasereia.com.br\/es\/wp-json\/wp\/v2\/media\/5777"}],"wp:attachment":[{"href":"https:\/\/www.meninasereia.com.br\/es\/wp-json\/wp\/v2\/media?parent=5771"}],"wp:term":[{"taxonomy":"product_brand","embeddable":true,"href":"https:\/\/www.meninasereia.com.br\/es\/wp-json\/wp\/v2\/product_brand?post=5771"},{"taxonomy":"product_cat","embeddable":true,"href":"https:\/\/www.meninasereia.com.br\/es\/wp-json\/wp\/v2\/product_cat?post=5771"},{"taxonomy":"product_tag","embeddable":true,"href":"https:\/\/www.meninasereia.com.br\/es\/wp-json\/wp\/v2\/product_tag?post=5771"}],"curies":[{"name":"wp","href":"https:\/\/api.w.org\/{rel}","templated":true}]}}