{"id":5778,"date":"2017-07-03T02:04:43","date_gmt":"2017-07-03T05:04:43","guid":{"rendered":"http:\/\/www.meninasereia.com.br\/produto\/canga-toalha-menina-sereia-acacia-multicolor\/"},"modified":"2020-01-29T17:52:03","modified_gmt":"2020-01-29T20:52:03","slug":"canga-toalha-menina-sereia-acacia-multicolor","status":"publish","type":"product","link":"https:\/\/www.meninasereia.com.br\/es\/Producto\/canga-toalha-menina-sereia-acacia-multicolor\/","title":{"rendered":"Canga\/Toalha Menina Sereia Ac\u00e1cia Multicolor"},"content":{"rendered":"<p>Chamamos isso de Toalha Canga de Ac\u00e1cia porque era uma cidade antiga, era considerado um s\u00edmbolo do sol, tanto por causa de suas folhas, que se abrem \u00e0 luz do sol, como por causa de suas flores, que se assemelhavam ao sol. Uma esp\u00e9cie \u00e9 utilizada na elabora\u00e7\u00e3o de perfumes devido \u00e0 sua forte fragr\u00e2ncia. Em pa\u00edses como \u00cdndia, Nepal, Tibete e China e usado como incenso, credit\u00e1-lo \u00e9 um fumo de fantasmas afasta e maus esp\u00edritos e, ainda, d\u00e1 anos deuses bom humor. O buqu\u00ea das flores \u00e9 uma prova do amor da pessoa que envia e transmite paz e estabilidade para uma mulher amada.<\/p>\n","protected":false},"excerpt":{"rendered":"<p>Un lado 100% Viscosa Otro lado 100% Algod\u00f3n, Tejido Felpudo, Pom Pom y Tassel.<\/p>\n","protected":false},"featured_media":5779,"template":"","meta":[],"product_brand":[],"product_cat":[145,146],"product_tag":[138,147,151],"class_list":{"0":"post-5778","1":"product","2":"type-product","3":"status-publish","4":"has-post-thumbnail","6":"product_cat-toalla-canga","7":"product_cat-adulto-es","8":"product_tag-menina-sereia-es","9":"product_tag-multicolor-es","10":"product_tag-toallas-cangas","12":"first","13":"outofstock","14":"shipping-taxable","15":"purchasable","16":"product-type-simple"},"_links":{"self":[{"href":"https:\/\/www.meninasereia.com.br\/es\/wp-json\/wp\/v2\/product\/5778","targetHints":{"allow":["GET"]}}],"collection":[{"href":"https:\/\/www.meninasereia.com.br\/es\/wp-json\/wp\/v2\/product"}],"about":[{"href":"https:\/\/www.meninasereia.com.br\/es\/wp-json\/wp\/v2\/types\/product"}],"wp:featuredmedia":[{"embeddable":true,"href":"https:\/\/www.meninasereia.com.br\/es\/wp-json\/wp\/v2\/media\/5779"}],"wp:attachment":[{"href":"https:\/\/www.meninasereia.com.br\/es\/wp-json\/wp\/v2\/media?parent=5778"}],"wp:term":[{"taxonomy":"product_brand","embeddable":true,"href":"https:\/\/www.meninasereia.com.br\/es\/wp-json\/wp\/v2\/product_brand?post=5778"},{"taxonomy":"product_cat","embeddable":true,"href":"https:\/\/www.meninasereia.com.br\/es\/wp-json\/wp\/v2\/product_cat?post=5778"},{"taxonomy":"product_tag","embeddable":true,"href":"https:\/\/www.meninasereia.com.br\/es\/wp-json\/wp\/v2\/product_tag?post=5778"}],"curies":[{"name":"wp","href":"https:\/\/api.w.org\/{rel}","templated":true}]}}