{"id":5781,"date":"2017-07-04T01:50:50","date_gmt":"2017-07-04T04:50:50","guid":{"rendered":"http:\/\/www.meninasereia.com.br\/produto\/canga-toalha-menina-sereia-gardenia-multicolor\/"},"modified":"2017-07-04T01:50:50","modified_gmt":"2017-07-04T04:50:50","slug":"canga-toalha-menina-sereia-gardenia-multicolor","status":"publish","type":"product","link":"https:\/\/www.meninasereia.com.br\/es\/Producto\/canga-toalha-menina-sereia-gardenia-multicolor\/","title":{"rendered":"Canga\/Toalha Menina Sereia Gard\u00eania Multicolor"},"content":{"rendered":"<p>O nome dado a Toalha Canga Gard\u00eania vem de uma flor original da China, que pode significar pureza, sinceridade, do\u00e7ura e tamb\u00e9m pode ser ou s\u00edmbolo de um amor secreto e sincero. Esta planta ornamental pertence \u00e0 fam\u00edlia das Rubiaceae e cont\u00e9m flores grandes e bonitas. Com o passar do tempo, as suas p\u00e9talas ganham uma tonalidade creme. Relativamente \u00e0 sua simbologia, uma gard\u00eania \u00e9 muito usada pelas pessoas para mostrar seus sentimentos. Ou o que \u00e9 Toalha Canga n\u00e3o \u00e9 um presente perfeito para uma mulher amada como um belo acess\u00f3rio de praia, campo ou decora\u00e7\u00e3o.<\/p>\n","protected":false},"excerpt":{"rendered":"<p>Un lado 100% Viscosa Otro lado 100% Algod\u00f3n, Tejido Felpudo, Pom Pom y Tassel.<\/p>\n","protected":false},"featured_media":5506,"template":"","meta":[],"product_brand":[],"product_cat":[145,146],"product_tag":[148,140,138,147,151],"class_list":{"0":"post-5781","1":"product","2":"type-product","3":"status-publish","4":"has-post-thumbnail","6":"product_cat-toalla-canga","7":"product_cat-adulto-es","8":"product_tag-canga-atoalhada-es","9":"product_tag-feminino-es","10":"product_tag-menina-sereia-es","11":"product_tag-multicolor-es","12":"product_tag-toallas-cangas","14":"first","15":"outofstock","16":"shipping-taxable","17":"purchasable","18":"product-type-simple"},"_links":{"self":[{"href":"https:\/\/www.meninasereia.com.br\/es\/wp-json\/wp\/v2\/product\/5781","targetHints":{"allow":["GET"]}}],"collection":[{"href":"https:\/\/www.meninasereia.com.br\/es\/wp-json\/wp\/v2\/product"}],"about":[{"href":"https:\/\/www.meninasereia.com.br\/es\/wp-json\/wp\/v2\/types\/product"}],"wp:featuredmedia":[{"embeddable":true,"href":"https:\/\/www.meninasereia.com.br\/es\/wp-json\/wp\/v2\/media\/5506"}],"wp:attachment":[{"href":"https:\/\/www.meninasereia.com.br\/es\/wp-json\/wp\/v2\/media?parent=5781"}],"wp:term":[{"taxonomy":"product_brand","embeddable":true,"href":"https:\/\/www.meninasereia.com.br\/es\/wp-json\/wp\/v2\/product_brand?post=5781"},{"taxonomy":"product_cat","embeddable":true,"href":"https:\/\/www.meninasereia.com.br\/es\/wp-json\/wp\/v2\/product_cat?post=5781"},{"taxonomy":"product_tag","embeddable":true,"href":"https:\/\/www.meninasereia.com.br\/es\/wp-json\/wp\/v2\/product_tag?post=5781"}],"curies":[{"name":"wp","href":"https:\/\/api.w.org\/{rel}","templated":true}]}}