{"id":5782,"date":"2018-07-04T02:15:03","date_gmt":"2017-07-04T05:15:03","guid":{"rendered":"http:\/\/www.meninasereia.com.br\/produto\/canga-toalha-menina-sereia-itacare-multicolor\/"},"modified":"2021-05-01T00:04:41","modified_gmt":"2021-05-01T03:04:41","slug":"canga-toalha-menina-sereia-itacare-multicolor","status":"publish","type":"product","link":"https:\/\/www.meninasereia.com.br\/es\/Producto\/canga-toalha-menina-sereia-itacare-multicolor\/","title":{"rendered":"Canga\/ Toalha Menina Sereia Itacar\u00e9 Multicolor"},"content":{"rendered":"<p>Esta vibrante y colorida toalla Canga es perfecta para acompa\u00f1arte a la playa, club, picnic y estar presente en todo momento de tu vida. Incluso para decorar tu casa, y hacerla m\u00e1s alegre.<\/p>\n","protected":false},"excerpt":{"rendered":"<p>Un lado 100% Viscosa Otro lado 100% Algod\u00f3n, Tejido Felpudo, Pom Pom y Tassel.<\/p>\n","protected":false},"featured_media":5498,"template":"","meta":[],"product_brand":[],"product_cat":[145,146],"product_tag":[148,140,138,147,150],"class_list":{"0":"post-5782","1":"product","2":"type-product","3":"status-publish","4":"has-post-thumbnail","6":"product_cat-toalla-canga","7":"product_cat-adulto-es","8":"product_tag-canga-atoalhada-es","9":"product_tag-feminino-es","10":"product_tag-menina-sereia-es","11":"product_tag-multicolor-es","12":"product_tag-toalla-canga","14":"first","15":"instock","16":"taxable","17":"shipping-taxable","18":"purchasable","19":"product-type-simple"},"_links":{"self":[{"href":"https:\/\/www.meninasereia.com.br\/es\/wp-json\/wp\/v2\/product\/5782","targetHints":{"allow":["GET"]}}],"collection":[{"href":"https:\/\/www.meninasereia.com.br\/es\/wp-json\/wp\/v2\/product"}],"about":[{"href":"https:\/\/www.meninasereia.com.br\/es\/wp-json\/wp\/v2\/types\/product"}],"wp:featuredmedia":[{"embeddable":true,"href":"https:\/\/www.meninasereia.com.br\/es\/wp-json\/wp\/v2\/media\/5498"}],"wp:attachment":[{"href":"https:\/\/www.meninasereia.com.br\/es\/wp-json\/wp\/v2\/media?parent=5782"}],"wp:term":[{"taxonomy":"product_brand","embeddable":true,"href":"https:\/\/www.meninasereia.com.br\/es\/wp-json\/wp\/v2\/product_brand?post=5782"},{"taxonomy":"product_cat","embeddable":true,"href":"https:\/\/www.meninasereia.com.br\/es\/wp-json\/wp\/v2\/product_cat?post=5782"},{"taxonomy":"product_tag","embeddable":true,"href":"https:\/\/www.meninasereia.com.br\/es\/wp-json\/wp\/v2\/product_tag?post=5782"}],"curies":[{"name":"wp","href":"https:\/\/api.w.org\/{rel}","templated":true}]}}