{"id":5783,"date":"2020-03-08T08:00:22","date_gmt":"2018-03-08T11:00:22","guid":{"rendered":"http:\/\/www.meninasereia.com.br\/produto\/canga-toalla-menina-sereia-talassa-multicolor\/"},"modified":"2021-05-01T00:04:38","modified_gmt":"2021-05-01T03:04:38","slug":"canga-toalla-menina-sereia-talassa-multicolor","status":"publish","type":"product","link":"https:\/\/www.meninasereia.com.br\/es\/Producto\/canga-toalla-menina-sereia-talassa-multicolor\/","title":{"rendered":"Canga\/ Toalla Menina Sereia T\u00e1lassa Multicolor"},"content":{"rendered":"<p>Esta vibrante y colorida toalla Canga es perfecta para acompa\u00f1arte a la playa, club, picnic y estar presente en todo momento de tu vida. Incluso para decorar tu casa, y hacerla m\u00e1s alegre.<\/p>\n","protected":false},"excerpt":{"rendered":"<p>Un lado 100% Viscosa Otro lado 100% Algod\u00f3n, Tejido Felpudo, Pom Pom y Tassel.<\/p>\n","protected":false},"featured_media":5179,"template":"","meta":[],"product_brand":[],"product_cat":[145,146],"product_tag":[148,140,138,147,150,151,149],"class_list":{"0":"post-5783","1":"product","2":"type-product","3":"status-publish","4":"has-post-thumbnail","6":"product_cat-toalla-canga","7":"product_cat-adulto-es","8":"product_tag-canga-atoalhada-es","9":"product_tag-feminino-es","10":"product_tag-menina-sereia-es","11":"product_tag-multicolor-es","12":"product_tag-toalla-canga","13":"product_tag-toallas-cangas","14":"product_tag-unisexo","16":"first","17":"instock","18":"taxable","19":"shipping-taxable","20":"purchasable","21":"product-type-simple"},"_links":{"self":[{"href":"https:\/\/www.meninasereia.com.br\/es\/wp-json\/wp\/v2\/product\/5783","targetHints":{"allow":["GET"]}}],"collection":[{"href":"https:\/\/www.meninasereia.com.br\/es\/wp-json\/wp\/v2\/product"}],"about":[{"href":"https:\/\/www.meninasereia.com.br\/es\/wp-json\/wp\/v2\/types\/product"}],"wp:featuredmedia":[{"embeddable":true,"href":"https:\/\/www.meninasereia.com.br\/es\/wp-json\/wp\/v2\/media\/5179"}],"wp:attachment":[{"href":"https:\/\/www.meninasereia.com.br\/es\/wp-json\/wp\/v2\/media?parent=5783"}],"wp:term":[{"taxonomy":"product_brand","embeddable":true,"href":"https:\/\/www.meninasereia.com.br\/es\/wp-json\/wp\/v2\/product_brand?post=5783"},{"taxonomy":"product_cat","embeddable":true,"href":"https:\/\/www.meninasereia.com.br\/es\/wp-json\/wp\/v2\/product_cat?post=5783"},{"taxonomy":"product_tag","embeddable":true,"href":"https:\/\/www.meninasereia.com.br\/es\/wp-json\/wp\/v2\/product_tag?post=5783"}],"curies":[{"name":"wp","href":"https:\/\/api.w.org\/{rel}","templated":true}]}}