{"id":5789,"date":"2017-07-18T00:44:58","date_gmt":"2017-07-18T03:44:58","guid":{"rendered":"http:\/\/www.meninasereia.com.br\/produto\/canga-toalla-menina-sereia-black-river-mae-e-filha-multicolor\/"},"modified":"2018-12-16T00:04:30","modified_gmt":"2018-12-16T03:04:30","slug":"canga-toalla-menina-sereia-black-river-mae-e-filha-multicolor","status":"publish","type":"product","link":"https:\/\/www.meninasereia.com.br\/es\/Producto\/canga-toalla-menina-sereia-black-river-mae-e-filha-multicolor\/","title":{"rendered":"Canga\/ Toalla Menina Sereia Black River M\u00e3e e Filha Multicolor"},"content":{"rendered":"<p>Esta vibrante y colorida toalla Canga es perfecta para acompa\u00f1arte a la playa, club, picnic y estar presente en todo momento de tu vida. Incluso para decorar tu casa, y hacerla m\u00e1s alegre.<\/p>\n","protected":false},"excerpt":{"rendered":"<p>Kit con 2 Toallas Cangas (Tama\u00f1o Adulto e Infantil)<\/p>\n<p>Un lado 100% Viscosa Otro lado 100% Algod\u00f3n, Tejido Felpudo, Pom Pom y Tassel.<\/p>\n","protected":false},"featured_media":5367,"template":"","meta":[],"product_brand":[],"product_cat":[160,145],"product_tag":[148,140,162,138,147,150,161],"class_list":{"0":"post-5789","1":"product","2":"type-product","3":"status-publish","4":"has-post-thumbnail","6":"product_cat-madre-y-hija","7":"product_cat-toalla-canga","8":"product_tag-canga-atoalhada-es","9":"product_tag-feminino-es","10":"product_tag-madre-y-hija","11":"product_tag-menina-sereia-es","12":"product_tag-multicolor-es","13":"product_tag-toalla-canga","14":"product_tag-tolla-canga-infantil","16":"first","17":"outofstock","18":"sale","19":"taxable","20":"shipping-taxable","21":"purchasable","22":"product-type-simple"},"_links":{"self":[{"href":"https:\/\/www.meninasereia.com.br\/es\/wp-json\/wp\/v2\/product\/5789","targetHints":{"allow":["GET"]}}],"collection":[{"href":"https:\/\/www.meninasereia.com.br\/es\/wp-json\/wp\/v2\/product"}],"about":[{"href":"https:\/\/www.meninasereia.com.br\/es\/wp-json\/wp\/v2\/types\/product"}],"wp:featuredmedia":[{"embeddable":true,"href":"https:\/\/www.meninasereia.com.br\/es\/wp-json\/wp\/v2\/media\/5367"}],"wp:attachment":[{"href":"https:\/\/www.meninasereia.com.br\/es\/wp-json\/wp\/v2\/media?parent=5789"}],"wp:term":[{"taxonomy":"product_brand","embeddable":true,"href":"https:\/\/www.meninasereia.com.br\/es\/wp-json\/wp\/v2\/product_brand?post=5789"},{"taxonomy":"product_cat","embeddable":true,"href":"https:\/\/www.meninasereia.com.br\/es\/wp-json\/wp\/v2\/product_cat?post=5789"},{"taxonomy":"product_tag","embeddable":true,"href":"https:\/\/www.meninasereia.com.br\/es\/wp-json\/wp\/v2\/product_tag?post=5789"}],"curies":[{"name":"wp","href":"https:\/\/api.w.org\/{rel}","templated":true}]}}