{"id":1116,"date":"2017-02-10T13:07:53","date_gmt":"2017-02-10T16:07:53","guid":{"rendered":"http:\/\/test.kriesi.at\/enfold-2017\/?page_id=1116"},"modified":"2017-10-20T08:58:12","modified_gmt":"2017-10-20T11:58:12","slug":"toalhas-cangas","status":"publish","type":"page","link":"https:\/\/www.meninasereia.com.br\/pt-br\/shop\/toalhas-cangas\/","title":{"rendered":"Toalhas Cangas"},"content":{"rendered":"<div style='padding-bottom:10px; ' class='av-special-heading av-special-heading-h2  blockquote modern-quote modern-centered  '><h2 class='av-special-heading-tag '  itemprop=\"headline\"  >Toalhas Cangas<\/h2><div class='special-heading-border'><div class='special-heading-inner-border' ><\/div><\/div><\/div>\n<section class=\"av_textblock_section \"  itemscope=\"itemscope\" itemtype=\"https:\/\/schema.org\/CreativeWork\" ><div class='avia_textblock  '   itemprop=\"text\" ><p style=\"text-align: center;\">Tendo a moda como uma paix\u00e3o em comum, as g\u00eameas Swanmy e Swara s\u00e3o modelos de carreira, cheias de hist\u00f3rias e aprendizados, tanto nas passarelas quanto nos neg\u00f3cios. Foi a inspira\u00e7\u00e3o nas \u00faltimas tend\u00eancias da moda praia que incentivou as irm\u00e3s a criarem a loja Menina Sereia, que possui lindos produtos como toalhas, cangas, quimonos e bolsas, para que cada mulher liberte sua sereia interior com toda a sofistica\u00e7\u00e3o das \u00faltimas tend\u00eancias.<\/p>\n<\/div><\/section>\n<div id='av-masonry-1' class='av-masonry  noHover av-flex-size av-no-gap av-hover-overlay-active av-masonry-col-4 av-caption-always av-caption-style-    ' style='background-color:#ffffff; ' ><div class='av-masonry-container isotope av-js-disabled ' ><div class='av-masonry-entry isotope-item av-masonry-item-no-image all_sort adulto_sort  toalhas-cangas_sort '><\/div><a href=\"https:\/\/www.meninasereia.com.br\/pt-br\/produto\/canga-toalha-menina-sereia-abel-multicolorida\/\" id='av-masonry-1-item-4057' data-av-masonry-item='4057' class='av-masonry-entry isotope-item post-4057 product type-product status-publish has-post-thumbnail product_cat-adulto product_cat-toalhas-cangas product_tag-canga-atoalhada product_tag-feminino product_tag-menina-sereia product_tag-multicolorido product_tag-toalha-canga product_tag-toalhas-cangas product_tag-unissex first instock sale taxable shipping-taxable purchasable product-type-simple all_sort adulto_sort  toalhas-cangas_sort  av-masonry-item-with-image' title=\"Canga\/ Toalha Menina Sereia Abel Multicolorida\"  itemscope=\"itemscope\" itemtype=\"https:\/\/schema.org\/CreativeWork\" ><div class='av-inner-masonry-sizer'><\/div><figure class='av-inner-masonry main_color'><div class=\"av-masonry-outerimage-container\"><div class=\"av-masonry-image-container\" ><img decoding=\"async\" src=\"https:\/\/www.meninasereia.com.br\/wp-content\/uploads\/2017\/10\/Menina-Sereia-1-470x705.jpg\" title=\"Menina Sereia-1\" alt=\"\" \/><\/div><\/div><figcaption class='av-inner-masonry-content site-background'><div class='av-inner-masonry-content-pos'><div class='av-inner-masonry-content-pos-content'><div class='avia-arrow'><\/div><h3 class='av-masonry-entry-title entry-title'  itemprop=\"headline\" >Canga\/ Toalha Menina Sereia Abel Multicolorida<\/h3><span class=\"av-masonry-price price\"><del aria-hidden=\"true\"><span class=\"woocommerce-Price-amount amount\"><bdi><span class=\"woocommerce-Price-currencySymbol\">&#82;&#36;<\/span>139,50<\/bdi><\/span><\/del> <span class=\"screen-reader-text\">O pre\u00e7o original era: &#082;&#036;139,50.<\/span><ins aria-hidden=\"true\"><span class=\"woocommerce-Price-amount amount\"><bdi><span class=\"woocommerce-Price-currencySymbol\">&#82;&#36;<\/span>89,00<\/bdi><\/span><\/ins><span class=\"screen-reader-text\">O pre\u00e7o atual \u00e9: &#082;&#036;89,00.<\/span><\/span><span class=\"onsale\">Sale!<\/span><\/div><\/div><\/figcaption><\/figure><\/a><!--end av-masonry entry--><a href=\"https:\/\/www.meninasereia.com.br\/pt-br\/produto\/canga-toalha-menina-sereia-hera-multicolorida\/\" id='av-masonry-1-item-4764' data-av-masonry-item='4764' class='av-masonry-entry isotope-item post-4764 product type-product status-publish has-post-thumbnail product_cat-adulto product_cat-toalhas-cangas product_tag-canga-atoalhada product_tag-feminino product_tag-menina-sereia product_tag-multicolorido product_tag-toalha-canga product_tag-toalhas-cangas product_tag-unissex  instock shipping-taxable purchasable product-type-simple all_sort adulto_sort  toalhas-cangas_sort  av-masonry-item-with-image' title=\"Canga\/ Toalha Menina Sereia Hera Multicolorida\"  itemscope=\"itemscope\" itemtype=\"https:\/\/schema.org\/CreativeWork\" ><div class='av-inner-masonry-sizer'><\/div><figure class='av-inner-masonry main_color'><div class=\"av-masonry-outerimage-container\"><div class=\"av-masonry-image-container\" ><img decoding=\"async\" src=\"https:\/\/www.meninasereia.com.br\/wp-content\/uploads\/2018\/03\/Menina-Sereia-LB01788-Editar-470x705.jpg\" title=\"Menina Sereia\" alt=\"\" \/><\/div><\/div><figcaption class='av-inner-masonry-content site-background'><div class='av-inner-masonry-content-pos'><div class='av-inner-masonry-content-pos-content'><div class='avia-arrow'><\/div><h3 class='av-masonry-entry-title entry-title'  itemprop=\"headline\" >Canga\/ Toalha Menina Sereia Hera Multicolorida<\/h3><span class=\"av-masonry-price price\"><span class=\"woocommerce-Price-amount amount\"><bdi><span class=\"woocommerce-Price-currencySymbol\">&#82;&#36;<\/span>159,50<\/bdi><\/span><\/span><\/div><\/div><\/figcaption><\/figure><\/a><!--end av-masonry entry--><a href=\"https:\/\/www.meninasereia.com.br\/pt-br\/produto\/canga-toalha-menina-sereia-afrodite-multicolorida\/\" id='av-masonry-1-item-4748' data-av-masonry-item='4748' class='av-masonry-entry isotope-item post-4748 product type-product status-publish has-post-thumbnail product_cat-adulto product_cat-toalhas-cangas product_tag-canga-atoalhada product_tag-feminino product_tag-menina-sereia product_tag-multicolorido product_tag-toalha-canga product_tag-toalhas-cangas product_tag-unissex last instock taxable shipping-taxable purchasable product-type-simple all_sort adulto_sort  toalhas-cangas_sort  av-masonry-item-with-image' title=\"Canga\/ Toalha Menina Sereia Afrodite Multicolorida\"  itemscope=\"itemscope\" itemtype=\"https:\/\/schema.org\/CreativeWork\" ><div class='av-inner-masonry-sizer'><\/div><figure class='av-inner-masonry main_color'><div class=\"av-masonry-outerimage-container\"><div class=\"av-masonry-image-container\" ><img decoding=\"async\" src=\"https:\/\/www.meninasereia.com.br\/wp-content\/uploads\/2018\/03\/Menina-Sereia-LB01798-Editar-470x705.jpg\" title=\"Menina Sereia LB01798-Editar\" alt=\"\" \/><\/div><\/div><figcaption class='av-inner-masonry-content site-background'><div class='av-inner-masonry-content-pos'><div class='av-inner-masonry-content-pos-content'><div class='avia-arrow'><\/div><h3 class='av-masonry-entry-title entry-title'  itemprop=\"headline\" >Canga\/ Toalha Menina Sereia Afrodite Multicolorida<\/h3><span class=\"av-masonry-price price\"><span class=\"woocommerce-Price-amount amount\"><bdi><span class=\"woocommerce-Price-currencySymbol\">&#82;&#36;<\/span>159,50<\/bdi><\/span><\/span><\/div><\/div><\/figcaption><\/figure><\/a><!--end av-masonry entry--><a href=\"https:\/\/www.meninasereia.com.br\/pt-br\/produto\/canga-toalha-menina-sereia-atena-multicolorida\/\" id='av-masonry-1-item-4751' data-av-masonry-item='4751' class='av-masonry-entry isotope-item post-4751 product type-product status-publish has-post-thumbnail product_cat-adulto product_cat-toalhas-cangas product_tag-feminino product_tag-menina-sereia product_tag-multicolorido product_tag-toalha-canga product_tag-toalhas-cangas product_tag-unissex first instock taxable shipping-taxable purchasable product-type-simple all_sort adulto_sort  toalhas-cangas_sort  av-masonry-item-with-image' title=\"Canga\/ Toalha Menina Sereia Atena Multicolorida\"  itemscope=\"itemscope\" itemtype=\"https:\/\/schema.org\/CreativeWork\" ><div class='av-inner-masonry-sizer'><\/div><figure class='av-inner-masonry main_color'><div class=\"av-masonry-outerimage-container\"><div class=\"av-masonry-image-container\" ><img decoding=\"async\" src=\"https:\/\/www.meninasereia.com.br\/wp-content\/uploads\/2018\/03\/Menina-Sereia-LB01746-Editar-470x705.jpg\" title=\"Menina Sereia LB01746-Editar\" alt=\"\" \/><\/div><\/div><figcaption class='av-inner-masonry-content site-background'><div class='av-inner-masonry-content-pos'><div class='av-inner-masonry-content-pos-content'><div class='avia-arrow'><\/div><h3 class='av-masonry-entry-title entry-title'  itemprop=\"headline\" >Canga\/ Toalha Menina Sereia Atena Multicolorida<\/h3><span class=\"av-masonry-price price\"><span class=\"woocommerce-Price-amount amount\"><bdi><span class=\"woocommerce-Price-currencySymbol\">&#82;&#36;<\/span>159,50<\/bdi><\/span><\/span><\/div><\/div><\/figcaption><\/figure><\/a><!--end av-masonry entry--><a href=\"https:\/\/www.meninasereia.com.br\/pt-br\/produto\/canga-toalha-menina-sereia-nix-multicolorida\/\" id='av-masonry-1-item-4766' data-av-masonry-item='4766' class='av-masonry-entry isotope-item post-4766 product type-product status-publish has-post-thumbnail product_cat-adulto product_cat-toalhas-cangas product_tag-canga-atoalhada product_tag-feminino product_tag-menina-sereia product_tag-multicolorido product_tag-toalha-canga product_tag-toalhas-cangas product_tag-unissex  instock taxable shipping-taxable purchasable product-type-simple all_sort adulto_sort  toalhas-cangas_sort  av-masonry-item-with-image' title=\"Canga\/ Toalha Menina Sereia Nix Multicolorida\"  itemscope=\"itemscope\" itemtype=\"https:\/\/schema.org\/CreativeWork\" ><div class='av-inner-masonry-sizer'><\/div><figure class='av-inner-masonry main_color'><div class=\"av-masonry-outerimage-container\"><div class=\"av-masonry-image-container\" ><img decoding=\"async\" src=\"https:\/\/www.meninasereia.com.br\/wp-content\/uploads\/2018\/03\/Menina-Sereia-LB01776-Editar-470x705.jpg\" title=\"Menina Sereia\" alt=\"\" \/><\/div><\/div><figcaption class='av-inner-masonry-content site-background'><div class='av-inner-masonry-content-pos'><div class='av-inner-masonry-content-pos-content'><div class='avia-arrow'><\/div><h3 class='av-masonry-entry-title entry-title'  itemprop=\"headline\" >Canga\/ Toalha Menina Sereia Nix Multicolorida<\/h3><span class=\"av-masonry-price price\"><span class=\"woocommerce-Price-amount amount\"><bdi><span class=\"woocommerce-Price-currencySymbol\">&#82;&#36;<\/span>159,50<\/bdi><\/span><\/span><\/div><\/div><\/figcaption><\/figure><\/a><!--end av-masonry entry--><a href=\"https:\/\/www.meninasereia.com.br\/pt-br\/produto\/canga-toalha-menina-sereia-gaia-multicolorida\/\" id='av-masonry-1-item-4757' data-av-masonry-item='4757' class='av-masonry-entry isotope-item post-4757 product type-product status-publish has-post-thumbnail product_cat-adulto product_cat-toalhas-cangas product_tag-canga-atoalhada product_tag-feminino product_tag-menina-sereia product_tag-multicolorido product_tag-toalha-canga product_tag-unissex last instock taxable shipping-taxable purchasable product-type-simple all_sort adulto_sort  toalhas-cangas_sort  av-masonry-item-with-image' title=\"Canga\/ Toalha Menina Sereia Gaia Multicolorida\"  itemscope=\"itemscope\" itemtype=\"https:\/\/schema.org\/CreativeWork\" ><div class='av-inner-masonry-sizer'><\/div><figure class='av-inner-masonry main_color'><div class=\"av-masonry-outerimage-container\"><div class=\"av-masonry-image-container\" ><img decoding=\"async\" src=\"https:\/\/www.meninasereia.com.br\/wp-content\/uploads\/2018\/03\/Menina-Sereia-LB01761-Editar-470x705.jpg\" title=\"Menina Sereia\" alt=\"\" \/><\/div><\/div><figcaption class='av-inner-masonry-content site-background'><div class='av-inner-masonry-content-pos'><div class='av-inner-masonry-content-pos-content'><div class='avia-arrow'><\/div><h3 class='av-masonry-entry-title entry-title'  itemprop=\"headline\" >Canga\/ Toalha Menina Sereia Gaia Multicolorida<\/h3><span class=\"av-masonry-price price\"><span class=\"woocommerce-Price-amount amount\"><bdi><span class=\"woocommerce-Price-currencySymbol\">&#82;&#36;<\/span>159,50<\/bdi><\/span><\/span><\/div><\/div><\/figcaption><\/figure><\/a><!--end av-masonry entry--><a href=\"https:\/\/www.meninasereia.com.br\/pt-br\/produto\/canga-toalha-menina-sereia-talassa-multicolorida\/\" id='av-masonry-1-item-4771' data-av-masonry-item='4771' class='av-masonry-entry isotope-item post-4771 product type-product status-publish has-post-thumbnail product_cat-adulto product_cat-toalhas-cangas product_tag-canga-atoalhada product_tag-feminino product_tag-menina-sereia product_tag-multicolorido product_tag-toalha-canga product_tag-toalhas-cangas product_tag-unissex first instock taxable shipping-taxable purchasable product-type-simple all_sort adulto_sort  toalhas-cangas_sort  av-masonry-item-with-image' title=\"Canga\/ Toalha Menina Sereia T\u00e1lassa Multicolorida\"  itemscope=\"itemscope\" itemtype=\"https:\/\/schema.org\/CreativeWork\" ><div class='av-inner-masonry-sizer'><\/div><figure class='av-inner-masonry main_color'><div class=\"av-masonry-outerimage-container\"><div class=\"av-masonry-image-container\" ><img decoding=\"async\" src=\"https:\/\/www.meninasereia.com.br\/wp-content\/uploads\/2018\/03\/Menina-Sereia-LB01804-Editar-470x705.jpg\" title=\"Menina Sereia\" alt=\"\" \/><\/div><\/div><figcaption class='av-inner-masonry-content site-background'><div class='av-inner-masonry-content-pos'><div class='av-inner-masonry-content-pos-content'><div class='avia-arrow'><\/div><h3 class='av-masonry-entry-title entry-title'  itemprop=\"headline\" >Canga\/ Toalha Menina Sereia T\u00e1lassa Multicolorida<\/h3><span class=\"av-masonry-price price\"><span class=\"woocommerce-Price-amount amount\"><bdi><span class=\"woocommerce-Price-currencySymbol\">&#82;&#36;<\/span>159,50<\/bdi><\/span><\/span><\/div><\/div><\/figcaption><\/figure><\/a><!--end av-masonry entry--><a href=\"https:\/\/www.meninasereia.com.br\/pt-br\/produto\/canga-toalha-menina-sereia-hemera-multicolorida\/\" id='av-masonry-1-item-4762' data-av-masonry-item='4762' class='av-masonry-entry isotope-item post-4762 product type-product status-publish has-post-thumbnail product_cat-adulto product_cat-toalhas-cangas product_tag-canga-atoalhada product_tag-feminino product_tag-menina-sereia product_tag-multicolorido product_tag-toalha-canga product_tag-toalhas-cangas product_tag-unissex  instock taxable shipping-taxable purchasable product-type-simple all_sort adulto_sort  toalhas-cangas_sort  av-masonry-item-with-image' title=\"Canga\/ Toalha Menina Sereia Hemera Multicolorida\"  itemscope=\"itemscope\" itemtype=\"https:\/\/schema.org\/CreativeWork\" ><div class='av-inner-masonry-sizer'><\/div><figure class='av-inner-masonry main_color'><div class=\"av-masonry-outerimage-container\"><div class=\"av-masonry-image-container\" ><img decoding=\"async\" src=\"https:\/\/www.meninasereia.com.br\/wp-content\/uploads\/2018\/03\/Menina-Sereia-LB01774-Editar-470x705.jpg\" title=\"Menina Sereia\" alt=\"\" \/><\/div><\/div><figcaption class='av-inner-masonry-content site-background'><div class='av-inner-masonry-content-pos'><div class='av-inner-masonry-content-pos-content'><div class='avia-arrow'><\/div><h3 class='av-masonry-entry-title entry-title'  itemprop=\"headline\" >Canga\/ Toalha Menina Sereia Hemera Multicolorida<\/h3><span class=\"av-masonry-price price\"><span class=\"woocommerce-Price-amount amount\"><bdi><span class=\"woocommerce-Price-currencySymbol\">&#82;&#36;<\/span>159,50<\/bdi><\/span><\/span><\/div><\/div><\/figcaption><\/figure><\/a><!--end av-masonry entry--><a href=\"https:\/\/www.meninasereia.com.br\/pt-br\/produto\/canga-toalha-menina-sereia-demeter-multicolorida\/\" id='av-masonry-1-item-4754' data-av-masonry-item='4754' class='av-masonry-entry isotope-item post-4754 product type-product status-publish has-post-thumbnail product_cat-adulto product_cat-toalhas-cangas product_tag-canga-atoalhada product_tag-feminino product_tag-menina-sereia product_tag-multicolorido product_tag-toalha-canga product_tag-toalhas-cangas product_tag-unissex last instock taxable shipping-taxable purchasable product-type-simple all_sort adulto_sort  toalhas-cangas_sort  av-masonry-item-with-image' title=\"Canga\/ Toalha Menina Sereia Dem\u00e9ter Multicolorida\"  itemscope=\"itemscope\" itemtype=\"https:\/\/schema.org\/CreativeWork\" ><div class='av-inner-masonry-sizer'><\/div><figure class='av-inner-masonry main_color'><div class=\"av-masonry-outerimage-container\"><div class=\"av-masonry-image-container\" ><img decoding=\"async\" src=\"https:\/\/www.meninasereia.com.br\/wp-content\/uploads\/2018\/03\/Towel-Canga-Demeter-1-470x705.jpg\" title=\"Towel Canga Demeter 1\" alt=\"\" \/><\/div><\/div><figcaption class='av-inner-masonry-content site-background'><div class='av-inner-masonry-content-pos'><div class='av-inner-masonry-content-pos-content'><div class='avia-arrow'><\/div><h3 class='av-masonry-entry-title entry-title'  itemprop=\"headline\" >Canga\/ Toalha Menina Sereia Dem\u00e9ter Multicolorida<\/h3><span class=\"av-masonry-price price\"><span class=\"woocommerce-Price-amount amount\"><bdi><span class=\"woocommerce-Price-currencySymbol\">&#82;&#36;<\/span>159,50<\/bdi><\/span><\/span><\/div><\/div><\/figcaption><\/figure><\/a><!--end av-masonry entry--><a href=\"https:\/\/www.meninasereia.com.br\/pt-br\/produto\/canga-toalha-menina-sereia-eva-multicolorida\/\" id='av-masonry-1-item-4049' data-av-masonry-item='4049' class='av-masonry-entry isotope-item post-4049 product type-product status-publish has-post-thumbnail product_cat-adulto product_cat-toalhas-cangas product_tag-canga-atoalhada product_tag-feminino product_tag-menina-sereia product_tag-toalha-canga product_tag-unissex first instock taxable shipping-taxable purchasable product-type-simple all_sort adulto_sort  toalhas-cangas_sort  av-masonry-item-with-image' title=\"Canga\/ Toalha Menina Sereia Eva Multicolorida\"  itemscope=\"itemscope\" itemtype=\"https:\/\/schema.org\/CreativeWork\" ><div class='av-inner-masonry-sizer'><\/div><figure class='av-inner-masonry main_color'><div class=\"av-masonry-outerimage-container\"><div class=\"av-masonry-image-container\" ><img decoding=\"async\" src=\"https:\/\/www.meninasereia.com.br\/wp-content\/uploads\/2017\/10\/Menina-Sereia-6-470x705.jpg\" title=\"Menina Sereia-6\" alt=\"\" \/><\/div><\/div><figcaption class='av-inner-masonry-content site-background'><div class='av-inner-masonry-content-pos'><div class='av-inner-masonry-content-pos-content'><div class='avia-arrow'><\/div><h3 class='av-masonry-entry-title entry-title'  itemprop=\"headline\" >Canga\/ Toalha Menina Sereia Eva Multicolorida<\/h3><span class=\"av-masonry-price price\"><span class=\"woocommerce-Price-amount amount\"><bdi><span class=\"woocommerce-Price-currencySymbol\">&#82;&#36;<\/span>139,50<\/bdi><\/span><\/span><\/div><\/div><\/figcaption><\/figure><\/a><!--end av-masonry entry--><a href=\"https:\/\/www.meninasereia.com.br\/pt-br\/produto\/cangatoalha-menina-sereia-itacare-multicolorida\/\" id='av-masonry-1-item-3347' data-av-masonry-item='3347' class='av-masonry-entry isotope-item post-3347 product type-product status-publish has-post-thumbnail product_cat-adulto product_cat-toalhas-cangas product_tag-canga-atoalhada product_tag-feminino product_tag-menina-sereia product_tag-multicolorido product_tag-toalha-canga  instock taxable shipping-taxable purchasable product-type-simple all_sort adulto_sort  toalhas-cangas_sort  av-masonry-item-with-image' title=\"Canga\/ Toalha Menina Sereia Itacar\u00e9 Multicolorida\"  itemscope=\"itemscope\" itemtype=\"https:\/\/schema.org\/CreativeWork\" ><div class='av-inner-masonry-sizer'><\/div><figure class='av-inner-masonry main_color'><div class=\"av-masonry-outerimage-container\"><div class=\"av-masonry-image-container\" ><img decoding=\"async\" src=\"https:\/\/www.meninasereia.com.br\/wp-content\/uploads\/2017\/07\/Toalha-Itacare\u0301-Multicolorida-6924-8277802-1-zoom-486x705.jpg\" title=\"Toalha-Itacare\u0301-Multicolorida-6924-8277802-1-zoom\" alt=\"\" \/><\/div><\/div><figcaption class='av-inner-masonry-content site-background'><div class='av-inner-masonry-content-pos'><div class='av-inner-masonry-content-pos-content'><div class='avia-arrow'><\/div><h3 class='av-masonry-entry-title entry-title'  itemprop=\"headline\" >Canga\/ Toalha Menina Sereia Itacar\u00e9 Multicolorida<\/h3><span class=\"av-masonry-price price\"><span class=\"woocommerce-Price-amount amount\"><bdi><span class=\"woocommerce-Price-currencySymbol\">&#82;&#36;<\/span>129,50<\/bdi><\/span><\/span><\/div><\/div><\/figcaption><\/figure><\/a><!--end av-masonry entry--><a href=\"https:\/\/www.meninasereia.com.br\/pt-br\/produto\/cangatoalha-menina-sereia-acacia-multicolorida\/\" id='av-masonry-1-item-3235' data-av-masonry-item='3235' class='av-masonry-entry isotope-item post-3235 product type-product status-publish has-post-thumbnail product_cat-adulto product_cat-toalhas-cangas product_tag-menina-sereia product_tag-multicolorido product_tag-toalhas-cangas last outofstock shipping-taxable purchasable product-type-simple all_sort adulto_sort  toalhas-cangas_sort  av-masonry-item-with-image' title=\"Canga\/Toalha Menina Sereia Ac\u00e1cia Multicolorida\"  itemscope=\"itemscope\" itemtype=\"https:\/\/schema.org\/CreativeWork\" ><div class='av-inner-masonry-sizer'><\/div><figure class='av-inner-masonry main_color'><div class=\"av-masonry-outerimage-container\"><div class=\"av-masonry-image-container\" ><img decoding=\"async\" src=\"https:\/\/www.meninasereia.com.br\/wp-content\/uploads\/2017\/07\/1O4A8636_1-503x705.jpg\" title=\"acacia\" alt=\"\" \/><\/div><\/div><figcaption class='av-inner-masonry-content site-background'><div class='av-inner-masonry-content-pos'><div class='av-inner-masonry-content-pos-content'><div class='avia-arrow'><\/div><h3 class='av-masonry-entry-title entry-title'  itemprop=\"headline\" >Canga\/Toalha Menina Sereia Ac\u00e1cia Multicolorida<\/h3><span class=\"av-masonry-price price\"><span class=\"woocommerce-Price-amount amount\"><bdi><span class=\"woocommerce-Price-currencySymbol\">&#82;&#36;<\/span>129,50<\/bdi><\/span><\/span><\/div><\/div><\/figcaption><\/figure><\/a><!--end av-masonry entry--><\/div><\/div>\n","protected":false},"excerpt":{"rendered":"","protected":false},"author":1,"featured_media":0,"parent":265,"menu_order":0,"comment_status":"closed","ping_status":"closed","template":"","meta":{"footnotes":""},"class_list":["post-1116","page","type-page","status-publish","hentry"],"_links":{"self":[{"href":"https:\/\/www.meninasereia.com.br\/pt-br\/wp-json\/wp\/v2\/pages\/1116","targetHints":{"allow":["GET"]}}],"collection":[{"href":"https:\/\/www.meninasereia.com.br\/pt-br\/wp-json\/wp\/v2\/pages"}],"about":[{"href":"https:\/\/www.meninasereia.com.br\/pt-br\/wp-json\/wp\/v2\/types\/page"}],"author":[{"embeddable":true,"href":"https:\/\/www.meninasereia.com.br\/pt-br\/wp-json\/wp\/v2\/users\/1"}],"replies":[{"embeddable":true,"href":"https:\/\/www.meninasereia.com.br\/pt-br\/wp-json\/wp\/v2\/comments?post=1116"}],"version-history":[{"count":27,"href":"https:\/\/www.meninasereia.com.br\/pt-br\/wp-json\/wp\/v2\/pages\/1116\/revisions"}],"predecessor-version":[{"id":4253,"href":"https:\/\/www.meninasereia.com.br\/pt-br\/wp-json\/wp\/v2\/pages\/1116\/revisions\/4253"}],"up":[{"embeddable":true,"href":"https:\/\/www.meninasereia.com.br\/pt-br\/wp-json\/wp\/v2\/pages\/265"}],"wp:attachment":[{"href":"https:\/\/www.meninasereia.com.br\/pt-br\/wp-json\/wp\/v2\/media?parent=1116"}],"curies":[{"name":"wp","href":"https:\/\/api.w.org\/{rel}","templated":true}]}}