{"id":3834,"date":"2017-09-17T04:35:54","date_gmt":"2017-09-17T04:35:54","guid":{"rendered":"http:\/\/meninasereia2.hospedagemdesites.ws\/?page_id=3834"},"modified":"2017-09-17T04:40:25","modified_gmt":"2017-09-17T04:40:25","slug":"batas","status":"publish","type":"page","link":"https:\/\/www.meninasereia.com.br\/pt-br\/batas\/","title":{"rendered":"Batas"},"content":{"rendered":"<div style='padding-bottom:10px; ' class='av-special-heading av-special-heading-h2  blockquote modern-quote modern-centered   '><h2 class='av-special-heading-tag '  itemprop=\"headline\"  >Batas<\/h2><div class='special-heading-border'><div class='special-heading-inner-border' ><\/div><\/div><\/div>\n<section class=\"av_textblock_section \"  itemscope=\"itemscope\" itemtype=\"https:\/\/schema.org\/CreativeWork\" ><div class='avia_textblock  '   itemprop=\"text\" ><p style=\"text-align: center;\">Tendo a moda como uma paix\u00e3o em comum, as g\u00eameas Swanmy e Swara s\u00e3o modelos de carreira, cheias de hist\u00f3rias e aprendizados, tanto nas passarelas quanto nos neg\u00f3cios. Foi a inspira\u00e7\u00e3o nas \u00faltimas tend\u00eancias da moda praia que incentivou as irm\u00e3s a criarem a loja Menina Sereia, que possui lindos produtos como toalhas, cangas, quimonos e bolsas, para que cada mulher liberte sua sereia interior com toda a sofistica\u00e7\u00e3o das \u00faltimas tend\u00eancias.<\/p>\n<\/div><\/section>\n<div id='av-masonry-1' class='av-masonry  noHover av-fixed-size av-no-gap av-hover-overlay-active av-masonry-col-5 av-caption-always av-caption-style-    ' style='background-color:#ffffff; ' ><div class='av-masonry-container isotope av-js-disabled ' ><div class='av-masonry-entry isotope-item av-masonry-item-no-image all_sort batas_sort '><\/div><a href=\"https:\/\/www.meninasereia.com.br\/pt-br\/produto\/bata-menina-sereia-phi-phi-multicolorida\/\" id='av-masonry-1-item-3260' data-av-masonry-item='3260' class='av-masonry-entry isotope-item post-3260 product type-product status-publish has-post-thumbnail product_cat-batas product_tag-bata product_tag-menina-sereia product_tag-multicolorido first instock taxable shipping-taxable purchasable product-type-simple all_sort batas_sort  av-masonry-item-with-image' title=\"Bata Menina Sereia Phi Phi Multicolorida\"  itemscope=\"itemscope\" itemtype=\"https:\/\/schema.org\/CreativeWork\" ><div class='av-inner-masonry-sizer'><\/div><figure class='av-inner-masonry main_color'><div class=\"av-masonry-outerimage-container\"><div class=\"av-masonry-image-container\" style=\"background-image: url(https:\/\/www.meninasereia.com.br\/wp-content\/uploads\/2017\/07\/Bata-Phi-Phi01-1-558x705.jpg);\"><\/div><\/div><figcaption class='av-inner-masonry-content site-background'><div class='av-inner-masonry-content-pos'><div class='av-inner-masonry-content-pos-content'><div class='avia-arrow'><\/div><h3 class='av-masonry-entry-title entry-title'  itemprop=\"headline\" >Bata Menina Sereia Phi Phi Multicolorida<\/h3><span class=\"av-masonry-price price\"><span class=\"woocommerce-Price-amount amount\"><bdi><span class=\"woocommerce-Price-currencySymbol\">&#82;&#36;<\/span>79,90<\/bdi><\/span><\/span><\/div><\/div><\/figcaption><\/figure><\/a><!--end av-masonry entry--><a href=\"https:\/\/www.meninasereia.com.br\/pt-br\/produto\/bata-menina-sereia-hemera-multicolorida\/\" id='av-masonry-1-item-4810' data-av-masonry-item='4810' class='av-masonry-entry isotope-item post-4810 product type-product status-publish has-post-thumbnail product_cat-batas product_tag-bata product_tag-feminino product_tag-menina-sereia product_tag-tunica  instock taxable shipping-taxable purchasable product-type-simple all_sort batas_sort  av-masonry-item-with-image' title=\"Bata Menina Sereia Hemera Multicolorida\"  itemscope=\"itemscope\" itemtype=\"https:\/\/schema.org\/CreativeWork\" ><div class='av-inner-masonry-sizer'><\/div><figure class='av-inner-masonry main_color'><div class=\"av-masonry-outerimage-container\"><div class=\"av-masonry-image-container\" style=\"background-image: url(https:\/\/www.meninasereia.com.br\/wp-content\/uploads\/2018\/03\/Menina-Sereia-LB01837-Editar-470x705.jpg);\"><\/div><\/div><figcaption class='av-inner-masonry-content site-background'><div class='av-inner-masonry-content-pos'><div class='av-inner-masonry-content-pos-content'><div class='avia-arrow'><\/div><h3 class='av-masonry-entry-title entry-title'  itemprop=\"headline\" >Bata Menina Sereia Hemera Multicolorida<\/h3><span class=\"av-masonry-price price\"><span class=\"woocommerce-Price-amount amount\"><bdi><span class=\"woocommerce-Price-currencySymbol\">&#82;&#36;<\/span>89,90<\/bdi><\/span><\/span><\/div><\/div><\/figcaption><\/figure><\/a><!--end av-masonry entry--><a href=\"https:\/\/www.meninasereia.com.br\/pt-br\/produto\/bata-menina-sereia-vitoria-regia-multicolorida\/\" id='av-masonry-1-item-3270' data-av-masonry-item='3270' class='av-masonry-entry isotope-item post-3270 product type-product status-publish has-post-thumbnail product_cat-batas product_tag-bata product_tag-menina-sereia product_tag-multicolorido last instock taxable shipping-taxable purchasable product-type-simple all_sort batas_sort  av-masonry-item-with-image' title=\"Bata Menina Sereia Vit\u00f3ria R\u00e9gia Multicolorida\"  itemscope=\"itemscope\" itemtype=\"https:\/\/schema.org\/CreativeWork\" ><div class='av-inner-masonry-sizer'><\/div><figure class='av-inner-masonry main_color'><div class=\"av-masonry-outerimage-container\"><div class=\"av-masonry-image-container\" style=\"background-image: url(https:\/\/www.meninasereia.com.br\/wp-content\/uploads\/2017\/07\/Bata-Vito\u0301ria-Re\u0301gia01-597x705.jpg);\"><\/div><\/div><figcaption class='av-inner-masonry-content site-background'><div class='av-inner-masonry-content-pos'><div class='av-inner-masonry-content-pos-content'><div class='avia-arrow'><\/div><h3 class='av-masonry-entry-title entry-title'  itemprop=\"headline\" >Bata Menina Sereia Vit\u00f3ria R\u00e9gia Multicolorida<\/h3><span class=\"av-masonry-price price\"><span class=\"woocommerce-Price-amount amount\"><bdi><span class=\"woocommerce-Price-currencySymbol\">&#82;&#36;<\/span>79,90<\/bdi><\/span><\/span><\/div><\/div><\/figcaption><\/figure><\/a><!--end av-masonry entry--><a href=\"https:\/\/www.meninasereia.com.br\/pt-br\/produto\/bata-menina-sereia-gaia-multicolorida\/\" id='av-masonry-1-item-4812' data-av-masonry-item='4812' class='av-masonry-entry isotope-item post-4812 product type-product status-publish has-post-thumbnail product_cat-batas product_tag-bata product_tag-feminino product_tag-menina-sereia product_tag-tunica first instock taxable shipping-taxable purchasable product-type-simple all_sort batas_sort  av-masonry-item-with-image' title=\"Bata Menina Sereia Gaia Multicolorida\"  itemscope=\"itemscope\" itemtype=\"https:\/\/schema.org\/CreativeWork\" ><div class='av-inner-masonry-sizer'><\/div><figure class='av-inner-masonry main_color'><div class=\"av-masonry-outerimage-container\"><div class=\"av-masonry-image-container\" style=\"background-image: url(https:\/\/www.meninasereia.com.br\/wp-content\/uploads\/2018\/03\/Menina-Sereia-LB01815-Editar-470x705.jpg);\"><\/div><\/div><figcaption class='av-inner-masonry-content site-background'><div class='av-inner-masonry-content-pos'><div class='av-inner-masonry-content-pos-content'><div class='avia-arrow'><\/div><h3 class='av-masonry-entry-title entry-title'  itemprop=\"headline\" >Bata Menina Sereia Gaia Multicolorida<\/h3><span class=\"av-masonry-price price\"><span class=\"woocommerce-Price-amount amount\"><bdi><span class=\"woocommerce-Price-currencySymbol\">&#82;&#36;<\/span>89,90<\/bdi><\/span><\/span><\/div><\/div><\/figcaption><\/figure><\/a><!--end av-masonry entry--><a href=\"https:\/\/www.meninasereia.com.br\/pt-br\/produto\/bata-menina-sereia-iris-multicolorida\/\" id='av-masonry-1-item-3276' data-av-masonry-item='3276' class='av-masonry-entry isotope-item post-3276 product type-product status-publish has-post-thumbnail product_cat-batas product_tag-bata product_tag-feminino product_tag-menina-sereia product_tag-multicolorido  instock taxable shipping-taxable purchasable product-type-simple all_sort batas_sort  av-masonry-item-with-image' title=\"Bata Menina Sereia \u00cdris Multicolorida\"  itemscope=\"itemscope\" itemtype=\"https:\/\/schema.org\/CreativeWork\" ><div class='av-inner-masonry-sizer'><\/div><figure class='av-inner-masonry main_color'><div class=\"av-masonry-outerimage-container\"><div class=\"av-masonry-image-container\" style=\"background-image: url(https:\/\/www.meninasereia.com.br\/wp-content\/uploads\/2017\/07\/Bata-Iri\u0301s-01-499x705.jpg);\"><\/div><\/div><figcaption class='av-inner-masonry-content site-background'><div class='av-inner-masonry-content-pos'><div class='av-inner-masonry-content-pos-content'><div class='avia-arrow'><\/div><h3 class='av-masonry-entry-title entry-title'  itemprop=\"headline\" >Bata Menina Sereia \u00cdris Multicolorida<\/h3><span class=\"av-masonry-price price\"><span class=\"woocommerce-Price-amount amount\"><bdi><span class=\"woocommerce-Price-currencySymbol\">&#82;&#36;<\/span>79,90<\/bdi><\/span><\/span><\/div><\/div><\/figcaption><\/figure><\/a><!--end av-masonry entry--><a href=\"https:\/\/www.meninasereia.com.br\/pt-br\/produto\/bata-menina-sereia-talassa-multicolorida\/\" id='av-masonry-1-item-4813' data-av-masonry-item='4813' class='av-masonry-entry isotope-item post-4813 product type-product status-publish has-post-thumbnail product_cat-batas product_tag-bata product_tag-feminino product_tag-menina-sereia product_tag-tunica last instock taxable shipping-taxable purchasable product-type-simple all_sort batas_sort  av-masonry-item-with-image' title=\"Bata Menina Sereia Tal\u00e1ssa Multicolorida\"  itemscope=\"itemscope\" itemtype=\"https:\/\/schema.org\/CreativeWork\" ><div class='av-inner-masonry-sizer'><\/div><figure class='av-inner-masonry main_color'><div class=\"av-masonry-outerimage-container\"><div class=\"av-masonry-image-container\" style=\"background-image: url(https:\/\/www.meninasereia.com.br\/wp-content\/uploads\/2018\/03\/Menina-Sereia-LB01824-Editar-470x705.jpg);\"><\/div><\/div><figcaption class='av-inner-masonry-content site-background'><div class='av-inner-masonry-content-pos'><div class='av-inner-masonry-content-pos-content'><div class='avia-arrow'><\/div><h3 class='av-masonry-entry-title entry-title'  itemprop=\"headline\" >Bata Menina Sereia Tal\u00e1ssa Multicolorida<\/h3><span class=\"av-masonry-price price\"><span class=\"woocommerce-Price-amount amount\"><bdi><span class=\"woocommerce-Price-currencySymbol\">&#82;&#36;<\/span>89,90<\/bdi><\/span><\/span><\/div><\/div><\/figcaption><\/figure><\/a><!--end av-masonry entry--><a href=\"https:\/\/www.meninasereia.com.br\/pt-br\/produto\/bata-menina-sereia-buzios-multicolorida\/\" id='av-masonry-1-item-3280' data-av-masonry-item='3280' class='av-masonry-entry isotope-item post-3280 product type-product status-publish has-post-thumbnail product_cat-batas product_tag-feminino product_tag-menina-sereia product_tag-multicolorido product_tag-tunica first instock taxable shipping-taxable purchasable product-type-simple all_sort batas_sort  av-masonry-item-with-image' title=\"Bata Menina Sereia B\u00fazios Multicolorida\"  itemscope=\"itemscope\" itemtype=\"https:\/\/schema.org\/CreativeWork\" ><div class='av-inner-masonry-sizer'><\/div><figure class='av-inner-masonry main_color'><div class=\"av-masonry-outerimage-container\"><div class=\"av-masonry-image-container\" style=\"background-image: url(https:\/\/www.meninasereia.com.br\/wp-content\/uploads\/2017\/07\/Bata-Bu\u0301zios01--470x705.jpg);\"><\/div><\/div><figcaption class='av-inner-masonry-content site-background'><div class='av-inner-masonry-content-pos'><div class='av-inner-masonry-content-pos-content'><div class='avia-arrow'><\/div><h3 class='av-masonry-entry-title entry-title'  itemprop=\"headline\" >Bata Menina Sereia B\u00fazios Multicolorida<\/h3><span class=\"av-masonry-price price\"><span class=\"woocommerce-Price-amount amount\"><bdi><span class=\"woocommerce-Price-currencySymbol\">&#82;&#36;<\/span>79,90<\/bdi><\/span><\/span><\/div><\/div><\/figcaption><\/figure><\/a><!--end av-masonry entry--><a href=\"https:\/\/www.meninasereia.com.br\/pt-br\/produto\/bata-menina-sereia-nix-multicolorida\/\" id='av-masonry-1-item-4816' data-av-masonry-item='4816' class='av-masonry-entry isotope-item post-4816 product type-product status-publish has-post-thumbnail product_cat-batas product_tag-bata product_tag-feminino product_tag-menina-sereia product_tag-tunica  instock taxable shipping-taxable purchasable product-type-simple all_sort batas_sort  av-masonry-item-with-image' title=\"Bata Menina Sereia Nix Multicolorida\"  itemscope=\"itemscope\" itemtype=\"https:\/\/schema.org\/CreativeWork\" ><div class='av-inner-masonry-sizer'><\/div><figure class='av-inner-masonry main_color'><div class=\"av-masonry-outerimage-container\"><div class=\"av-masonry-image-container\" style=\"background-image: url(https:\/\/www.meninasereia.com.br\/wp-content\/uploads\/2018\/03\/Menina-Sereia-LB01818-Editar-470x705.jpg);\"><\/div><\/div><figcaption class='av-inner-masonry-content site-background'><div class='av-inner-masonry-content-pos'><div class='av-inner-masonry-content-pos-content'><div class='avia-arrow'><\/div><h3 class='av-masonry-entry-title entry-title'  itemprop=\"headline\" >Bata Menina Sereia Nix Multicolorida<\/h3><span class=\"av-masonry-price price\"><span class=\"woocommerce-Price-amount amount\"><bdi><span class=\"woocommerce-Price-currencySymbol\">&#82;&#36;<\/span>89,90<\/bdi><\/span><\/span><\/div><\/div><\/figcaption><\/figure><\/a><!--end av-masonry entry--><a href=\"https:\/\/www.meninasereia.com.br\/pt-br\/produto\/bata-menina-sereia-acacia-multicolorida\/\" id='av-masonry-1-item-3287' data-av-masonry-item='3287' class='av-masonry-entry isotope-item post-3287 product type-product status-publish has-post-thumbnail product_cat-batas product_tag-bata product_tag-feminino product_tag-menina-sereia product_tag-multicolorido last instock taxable shipping-taxable purchasable product-type-simple all_sort batas_sort  av-masonry-item-with-image' title=\"Bata Menina Sereia Ac\u00e1cia Multicolorida\"  itemscope=\"itemscope\" itemtype=\"https:\/\/schema.org\/CreativeWork\" ><div class='av-inner-masonry-sizer'><\/div><figure class='av-inner-masonry main_color'><div class=\"av-masonry-outerimage-container\"><div class=\"av-masonry-image-container\" style=\"background-image: url(https:\/\/www.meninasereia.com.br\/wp-content\/uploads\/2017\/07\/Bata-Acacia01-666x705.jpg);\"><\/div><\/div><figcaption class='av-inner-masonry-content site-background'><div class='av-inner-masonry-content-pos'><div class='av-inner-masonry-content-pos-content'><div class='avia-arrow'><\/div><h3 class='av-masonry-entry-title entry-title'  itemprop=\"headline\" >Bata Menina Sereia Ac\u00e1cia Multicolorida<\/h3><span class=\"av-masonry-price price\"><span class=\"woocommerce-Price-amount amount\"><bdi><span class=\"woocommerce-Price-currencySymbol\">&#82;&#36;<\/span>79,90<\/bdi><\/span><\/span><\/div><\/div><\/figcaption><\/figure><\/a><!--end av-masonry entry--><a href=\"https:\/\/www.meninasereia.com.br\/pt-br\/produto\/bata-menina-sereia-azaleia-multicolorida\/\" id='av-masonry-1-item-3292' data-av-masonry-item='3292' class='av-masonry-entry isotope-item post-3292 product type-product status-publish has-post-thumbnail product_cat-batas product_tag-menina-sereia product_tag-multicolorido product_tag-tunica first instock taxable shipping-taxable purchasable product-type-simple all_sort batas_sort  av-masonry-item-with-image' title=\"Bata Menina Sereia Azal\u00e9ia Multicolorida\"  itemscope=\"itemscope\" itemtype=\"https:\/\/schema.org\/CreativeWork\" ><div class='av-inner-masonry-sizer'><\/div><figure class='av-inner-masonry main_color'><div class=\"av-masonry-outerimage-container\"><div class=\"av-masonry-image-container\" style=\"background-image: url(https:\/\/www.meninasereia.com.br\/wp-content\/uploads\/2017\/07\/Bata-Azaleia01-553x705.jpg);\"><\/div><\/div><figcaption class='av-inner-masonry-content site-background'><div class='av-inner-masonry-content-pos'><div class='av-inner-masonry-content-pos-content'><div class='avia-arrow'><\/div><h3 class='av-masonry-entry-title entry-title'  itemprop=\"headline\" >Bata Menina Sereia Azal\u00e9ia Multicolorida<\/h3><span class=\"av-masonry-price price\"><span class=\"woocommerce-Price-amount amount\"><bdi><span class=\"woocommerce-Price-currencySymbol\">&#82;&#36;<\/span>79,90<\/bdi><\/span><\/span><\/div><\/div><\/figcaption><\/figure><\/a><!--end av-masonry entry--><\/div><div class='av-masonry-pagination av-masonry-pagination-pagination'><nav class='pagination'><span class='pagination-meta'>P\u00e1gina 1 de 2<\/span><span class='current'>1<\/span><a href='https:\/\/www.meninasereia.com.br\/pt-br\/wp-json\/wp\/v2\/pages\/3834\/page\/2\/' class='inactive' >2<\/a><\/nav>\n<\/div><\/div>\n","protected":false},"excerpt":{"rendered":"","protected":false},"author":1,"featured_media":0,"parent":0,"menu_order":0,"comment_status":"closed","ping_status":"closed","template":"","meta":{"footnotes":""},"class_list":["post-3834","page","type-page","status-publish","hentry"],"_links":{"self":[{"href":"https:\/\/www.meninasereia.com.br\/pt-br\/wp-json\/wp\/v2\/pages\/3834","targetHints":{"allow":["GET"]}}],"collection":[{"href":"https:\/\/www.meninasereia.com.br\/pt-br\/wp-json\/wp\/v2\/pages"}],"about":[{"href":"https:\/\/www.meninasereia.com.br\/pt-br\/wp-json\/wp\/v2\/types\/page"}],"author":[{"embeddable":true,"href":"https:\/\/www.meninasereia.com.br\/pt-br\/wp-json\/wp\/v2\/users\/1"}],"replies":[{"embeddable":true,"href":"https:\/\/www.meninasereia.com.br\/pt-br\/wp-json\/wp\/v2\/comments?post=3834"}],"version-history":[{"count":6,"href":"https:\/\/www.meninasereia.com.br\/pt-br\/wp-json\/wp\/v2\/pages\/3834\/revisions"}],"predecessor-version":[{"id":3930,"href":"https:\/\/www.meninasereia.com.br\/pt-br\/wp-json\/wp\/v2\/pages\/3834\/revisions\/3930"}],"wp:attachment":[{"href":"https:\/\/www.meninasereia.com.br\/pt-br\/wp-json\/wp\/v2\/media?parent=3834"}],"curies":[{"name":"wp","href":"https:\/\/api.w.org\/{rel}","templated":true}]}}