{"id":3864,"date":"2017-09-17T05:14:05","date_gmt":"2017-09-17T05:14:05","guid":{"rendered":"http:\/\/meninasereia2.hospedagemdesites.ws\/?page_id=3864"},"modified":"2017-09-17T05:15:40","modified_gmt":"2017-09-17T05:15:40","slug":"shorts","status":"publish","type":"page","link":"https:\/\/www.meninasereia.com.br\/pt-br\/shorts\/","title":{"rendered":"Shorts"},"content":{"rendered":"<div style='padding-bottom:10px; ' class='av-special-heading av-special-heading-h2  blockquote modern-quote modern-centered   '><h2 class='av-special-heading-tag '  itemprop=\"headline\"  >Shorts<\/h2><div class='special-heading-border'><div class='special-heading-inner-border' ><\/div><\/div><\/div>\n<section class=\"av_textblock_section \"  itemscope=\"itemscope\" itemtype=\"https:\/\/schema.org\/CreativeWork\" ><div class='avia_textblock  '   itemprop=\"text\" ><p style=\"text-align: center;\">Tendo a moda como uma paix\u00e3o em comum, as g\u00eameas Swanmy e Swara s\u00e3o modelos de carreira, cheias de hist\u00f3rias e aprendizados, tanto nas passarelas quanto nos neg\u00f3cios. Foi a inspira\u00e7\u00e3o nas \u00faltimas tend\u00eancias da moda praia que incentivou as irm\u00e3s a criarem a loja Menina Sereia, que possui lindos produtos como toalhas, cangas, quimonos e bolsas, para que cada mulher liberte sua sereia interior com toda a sofistica\u00e7\u00e3o das \u00faltimas tend\u00eancias.<\/p>\n<\/div><\/section>\n<div id='av-masonry-1' class='av-masonry  noHover av-fixed-size av-no-gap av-hover-overlay-active av-masonry-col-4 av-caption-always av-caption-style-    ' style='background-color:#ffffff; ' ><div class='av-masonry-container isotope av-js-disabled ' ><div class='av-masonry-entry isotope-item av-masonry-item-no-image all_sort shorts_sort '><\/div><a href=\"https:\/\/www.meninasereia.com.br\/pt-br\/produto\/shorts-tecido-menina-sereia-bali-amarelo-2\/\" id='av-masonry-1-item-3361' data-av-masonry-item='3361' class='av-masonry-entry isotope-item post-3361 product type-product status-publish has-post-thumbnail product_cat-shorts product_tag-feminino product_tag-menina-sereia product_tag-multicolorido product_tag-shorts first instock shipping-taxable purchasable product-type-simple all_sort shorts_sort  av-masonry-item-with-image av-grid-img' title=\"Shorts Tecido Menina Sereia Bali Amarelo\"  itemscope=\"itemscope\" itemtype=\"https:\/\/schema.org\/CreativeWork\" ><div class='av-inner-masonry-sizer'><\/div><figure class='av-inner-masonry main_color'><div class=\"av-masonry-outerimage-container\"><div class=\"av-masonry-image-container\" style=\"background-image: url(https:\/\/www.meninasereia.com.br\/wp-content\/uploads\/2017\/07\/DSC_7869-1-470x705.jpg);\"><\/div><\/div><figcaption class='av-inner-masonry-content site-background'><div class='av-inner-masonry-content-pos'><div class='av-inner-masonry-content-pos-content'><div class='avia-arrow'><\/div><h3 class='av-masonry-entry-title entry-title'  itemprop=\"headline\" >Shorts Tecido Menina Sereia Bali Amarelo<\/h3><span class=\"av-masonry-price price\"><span class=\"woocommerce-Price-amount amount\"><bdi><span class=\"woocommerce-Price-currencySymbol\">&#82;&#36;<\/span>79,90<\/bdi><\/span><\/span><\/div><\/div><\/figcaption><\/figure><\/a><!--end av-masonry entry--><a href=\"https:\/\/www.meninasereia.com.br\/pt-br\/produto\/shorts-tecido-menina-sereia-bali-azul\/\" id='av-masonry-1-item-3365' data-av-masonry-item='3365' class='av-masonry-entry isotope-item post-3365 product type-product status-publish has-post-thumbnail product_cat-shorts product_tag-feminino product_tag-menina-sereia product_tag-multicolorido product_tag-shorts  instock shipping-taxable purchasable product-type-simple all_sort shorts_sort  av-masonry-item-with-image av-grid-img' title=\"Shorts Tecido Menina Sereia Bali Azul\"  itemscope=\"itemscope\" itemtype=\"https:\/\/schema.org\/CreativeWork\" ><div class='av-inner-masonry-sizer'><\/div><figure class='av-inner-masonry main_color'><div class=\"av-masonry-outerimage-container\"><div class=\"av-masonry-image-container\" style=\"background-image: url(https:\/\/www.meninasereia.com.br\/wp-content\/uploads\/2017\/07\/DSC_7872-470x705.jpg);\"><\/div><\/div><figcaption class='av-inner-masonry-content site-background'><div class='av-inner-masonry-content-pos'><div class='av-inner-masonry-content-pos-content'><div class='avia-arrow'><\/div><h3 class='av-masonry-entry-title entry-title'  itemprop=\"headline\" >Shorts Tecido Menina Sereia Bali Azul<\/h3><span class=\"av-masonry-price price\"><span class=\"woocommerce-Price-amount amount\"><bdi><span class=\"woocommerce-Price-currencySymbol\">&#82;&#36;<\/span>79,00<\/bdi><\/span><\/span><\/div><\/div><\/figcaption><\/figure><\/a><!--end av-masonry entry--><a href=\"https:\/\/www.meninasereia.com.br\/pt-br\/produto\/shorts-tecido-menina-sereia-bali-amarelo\/\" id='av-masonry-1-item-3355' data-av-masonry-item='3355' class='av-masonry-entry isotope-item post-3355 product type-product status-publish has-post-thumbnail product_cat-shorts product_tag-feminino product_tag-menina-sereia product_tag-multicolorido product_tag-shorts last instock shipping-taxable purchasable product-type-simple all_sort shorts_sort  av-masonry-item-with-image av-grid-img' title=\"Shorts Tecido Menina Sereia Bali Vermelho\"  itemscope=\"itemscope\" itemtype=\"https:\/\/schema.org\/CreativeWork\" ><div class='av-inner-masonry-sizer'><\/div><figure class='av-inner-masonry main_color'><div class=\"av-masonry-outerimage-container\"><div class=\"av-masonry-image-container\" style=\"background-image: url(https:\/\/www.meninasereia.com.br\/wp-content\/uploads\/2017\/07\/DSC_7865-470x705.jpg);\"><\/div><\/div><figcaption class='av-inner-masonry-content site-background'><div class='av-inner-masonry-content-pos'><div class='av-inner-masonry-content-pos-content'><div class='avia-arrow'><\/div><h3 class='av-masonry-entry-title entry-title'  itemprop=\"headline\" >Shorts Tecido Menina Sereia Bali Vermelho<\/h3><span class=\"av-masonry-price price\"><span class=\"woocommerce-Price-amount amount\"><bdi><span class=\"woocommerce-Price-currencySymbol\">&#82;&#36;<\/span>79,90<\/bdi><\/span><\/span><\/div><\/div><\/figcaption><\/figure><\/a><!--end av-masonry entry--><\/div><\/div>\n","protected":false},"excerpt":{"rendered":"","protected":false},"author":1,"featured_media":0,"parent":0,"menu_order":0,"comment_status":"closed","ping_status":"closed","template":"","meta":{"footnotes":""},"class_list":["post-3864","page","type-page","status-publish","hentry"],"_links":{"self":[{"href":"https:\/\/www.meninasereia.com.br\/pt-br\/wp-json\/wp\/v2\/pages\/3864","targetHints":{"allow":["GET"]}}],"collection":[{"href":"https:\/\/www.meninasereia.com.br\/pt-br\/wp-json\/wp\/v2\/pages"}],"about":[{"href":"https:\/\/www.meninasereia.com.br\/pt-br\/wp-json\/wp\/v2\/types\/page"}],"author":[{"embeddable":true,"href":"https:\/\/www.meninasereia.com.br\/pt-br\/wp-json\/wp\/v2\/users\/1"}],"replies":[{"embeddable":true,"href":"https:\/\/www.meninasereia.com.br\/pt-br\/wp-json\/wp\/v2\/comments?post=3864"}],"version-history":[{"count":3,"href":"https:\/\/www.meninasereia.com.br\/pt-br\/wp-json\/wp\/v2\/pages\/3864\/revisions"}],"predecessor-version":[{"id":3868,"href":"https:\/\/www.meninasereia.com.br\/pt-br\/wp-json\/wp\/v2\/pages\/3864\/revisions\/3868"}],"wp:attachment":[{"href":"https:\/\/www.meninasereia.com.br\/pt-br\/wp-json\/wp\/v2\/media?parent=3864"}],"curies":[{"name":"wp","href":"https:\/\/api.w.org\/{rel}","templated":true}]}}