{"id":4112,"date":"2017-10-17T16:25:22","date_gmt":"2017-10-17T19:25:22","guid":{"rendered":"http:\/\/www.meninasereia.com.br\/?page_id=4112"},"modified":"2017-10-20T08:49:02","modified_gmt":"2017-10-20T11:49:02","slug":"infantil","status":"publish","type":"page","link":"https:\/\/www.meninasereia.com.br\/pt-br\/shop\/toalhas-cangas\/infantil\/","title":{"rendered":"Infantil"},"content":{"rendered":"<div style='padding-bottom:10px; ' class='av-special-heading av-special-heading-h2  blockquote modern-quote modern-centered   '><h2 class='av-special-heading-tag '  itemprop=\"headline\"  >Toalhas Cangas<\/h2><div class ='av-subheading av-subheading_below  ' style='font-size:20px;'><p>INFANTIL<\/p>\n<\/div><div class='special-heading-border'><div class='special-heading-inner-border' ><\/div><\/div><\/div>\n<section class=\"av_textblock_section \"  itemscope=\"itemscope\" itemtype=\"https:\/\/schema.org\/CreativeWork\" ><div class='avia_textblock  '   itemprop=\"text\" ><p style=\"text-align: center;\">Tendo a moda como uma paix\u00e3o em comum, as g\u00eameas Swanmy e Swara s\u00e3o modelos de carreira, cheias de hist\u00f3rias e aprendizados, tanto nas passarelas quanto nos neg\u00f3cios. Foi a inspira\u00e7\u00e3o nas \u00faltimas tend\u00eancias da moda praia que incentivou as irm\u00e3s a criarem a loja Menina Sereia, que possui lindos produtos como toalhas, cangas, quimonos e bolsas, para que cada mulher liberte sua sereia interior com toda a sofistica\u00e7\u00e3o das \u00faltimas tend\u00eancias.<\/p>\n<\/div><\/section>\n<div id='av-masonry-1' class='av-masonry  noHover av-flex-size av-no-gap av-hover-overlay-active av-masonry-col-4 av-caption-always av-caption-style-    ' style='background-color:#ffffff; ' ><div class='av-masonry-container isotope av-js-disabled ' ><div class='av-masonry-entry isotope-item av-masonry-item-no-image all_sort infantil_sort  toalhas-cangas_sort '><\/div><a href=\"https:\/\/www.meninasereia.com.br\/pt-br\/produto\/canga-toalha-menina-sereia-gaia-infantil-multicolorida\/\" id='av-masonry-1-item-4790' data-av-masonry-item='4790' class='av-masonry-entry isotope-item post-4790 product type-product status-publish has-post-thumbnail product_cat-infantil product_cat-toalhas-cangas product_tag-canga-atoalhada product_tag-menina-sereia product_tag-multicolorido product_tag-toalha-canga product_tag-toalha-canga-infantil product_tag-unissex first instock taxable shipping-taxable purchasable product-type-simple all_sort infantil_sort  toalhas-cangas_sort  av-masonry-item-with-image' title=\"Canga\/ Toalha Menina Sereia Gaia Infantil Multicolorida\"  itemscope=\"itemscope\" itemtype=\"https:\/\/schema.org\/CreativeWork\" ><div class='av-inner-masonry-sizer'><\/div><figure class='av-inner-masonry main_color'><div class=\"av-masonry-outerimage-container\"><div class=\"av-masonry-image-container\" ><img decoding=\"async\" src=\"https:\/\/www.meninasereia.com.br\/wp-content\/uploads\/2018\/03\/Menina-Sereia-LB01911-Editar-705x470.jpg\" title=\"Menina Sereia LB01911-Editar\" alt=\"\" \/><\/div><\/div><figcaption class='av-inner-masonry-content site-background'><div class='av-inner-masonry-content-pos'><div class='av-inner-masonry-content-pos-content'><div class='avia-arrow'><\/div><h3 class='av-masonry-entry-title entry-title'  itemprop=\"headline\" >Canga\/ Toalha Menina Sereia Gaia Infantil Multicolorida<\/h3><span class=\"av-masonry-price price\"><span class=\"woocommerce-Price-amount amount\"><bdi><span class=\"woocommerce-Price-currencySymbol\">&#82;&#36;<\/span>79,90<\/bdi><\/span><\/span><\/div><\/div><\/figcaption><\/figure><\/a><!--end av-masonry entry--><a href=\"https:\/\/www.meninasereia.com.br\/pt-br\/produto\/canga-toalha-menina-sereia-afrodite-infantil-multicolorida\/\" id='av-masonry-1-item-4775' data-av-masonry-item='4775' class='av-masonry-entry isotope-item post-4775 product type-product status-publish has-post-thumbnail product_cat-infantil product_cat-toalhas-cangas product_tag-canga-atoalhada product_tag-feminino product_tag-menina-sereia product_tag-multicolorido product_tag-toalha-canga product_tag-toalha-canga-infantil  instock taxable shipping-taxable purchasable product-type-simple all_sort infantil_sort  toalhas-cangas_sort  av-masonry-item-with-image' title=\"Canga\/ Toalha Menina Sereia Afrodite Infantil Multicolorida\"  itemscope=\"itemscope\" itemtype=\"https:\/\/schema.org\/CreativeWork\" ><div class='av-inner-masonry-sizer'><\/div><figure class='av-inner-masonry main_color'><div class=\"av-masonry-outerimage-container\"><div class=\"av-masonry-image-container\" ><img decoding=\"async\" src=\"https:\/\/www.meninasereia.com.br\/wp-content\/uploads\/2018\/03\/Menina-Sereia-LB01917-Editar-705x470.jpg\" title=\"Menina Sereia LB01917-Editar\" alt=\"\" \/><\/div><\/div><figcaption class='av-inner-masonry-content site-background'><div class='av-inner-masonry-content-pos'><div class='av-inner-masonry-content-pos-content'><div class='avia-arrow'><\/div><h3 class='av-masonry-entry-title entry-title'  itemprop=\"headline\" >Canga\/ Toalha Menina Sereia Afrodite Infantil Multicolorida<\/h3><span class=\"av-masonry-price price\"><span class=\"woocommerce-Price-amount amount\"><bdi><span class=\"woocommerce-Price-currencySymbol\">&#82;&#36;<\/span>79,90<\/bdi><\/span><\/span><\/div><\/div><\/figcaption><\/figure><\/a><!--end av-masonry entry--><a href=\"https:\/\/www.meninasereia.com.br\/pt-br\/produto\/canga-toalha-menina-sereia-demeter-infantil-multicolorida\/\" id='av-masonry-1-item-4786' data-av-masonry-item='4786' class='av-masonry-entry isotope-item post-4786 product type-product status-publish has-post-thumbnail product_cat-infantil product_cat-toalhas-cangas product_tag-canga-atoalhada product_tag-menina-sereia product_tag-multicolorido product_tag-toalha-canga product_tag-toalha-canga-infantil product_tag-unissex last instock taxable shipping-taxable purchasable product-type-simple all_sort infantil_sort  toalhas-cangas_sort  av-masonry-item-with-image' title=\"Canga\/ Toalha Menina Sereia Dem\u00e9ter Infantil Multicolorida\"  itemscope=\"itemscope\" itemtype=\"https:\/\/schema.org\/CreativeWork\" ><div class='av-inner-masonry-sizer'><\/div><figure class='av-inner-masonry main_color'><div class=\"av-masonry-outerimage-container\"><div class=\"av-masonry-image-container\" ><img decoding=\"async\" src=\"https:\/\/www.meninasereia.com.br\/wp-content\/uploads\/2018\/03\/Menina-Sereia-LB01916-Editar-705x470.jpg\" title=\"Menina Sereia LB01916-Editar\" alt=\"\" \/><\/div><\/div><figcaption class='av-inner-masonry-content site-background'><div class='av-inner-masonry-content-pos'><div class='av-inner-masonry-content-pos-content'><div class='avia-arrow'><\/div><h3 class='av-masonry-entry-title entry-title'  itemprop=\"headline\" >Canga\/ Toalha Menina Sereia Dem\u00e9ter Infantil Multicolorida<\/h3><span class=\"av-masonry-price price\"><span class=\"woocommerce-Price-amount amount\"><bdi><span class=\"woocommerce-Price-currencySymbol\">&#82;&#36;<\/span>79,90<\/bdi><\/span><\/span><\/div><\/div><\/figcaption><\/figure><\/a><!--end av-masonry entry--><a href=\"https:\/\/www.meninasereia.com.br\/pt-br\/produto\/cangatoalha-menina-sereia-acacia-infantil-multicolorida\/\" id='av-masonry-1-item-3528' data-av-masonry-item='3528' class='av-masonry-entry isotope-item post-3528 product type-product status-publish has-post-thumbnail product_cat-infantil product_cat-toalhas-cangas product_tag-canga-atoalhada product_tag-feminino product_tag-menina-sereia product_tag-multicolorido product_tag-toalha-canga-infantil product_tag-unissex first instock taxable shipping-taxable purchasable product-type-simple all_sort infantil_sort  toalhas-cangas_sort  av-masonry-item-with-image' title=\"Canga\/ Toalha Menina Sereia Ac\u00e1cia Infantil Multicolorida\"  itemscope=\"itemscope\" itemtype=\"https:\/\/schema.org\/CreativeWork\" ><div class='av-inner-masonry-sizer'><\/div><figure class='av-inner-masonry main_color'><div class=\"av-masonry-outerimage-container\"><div class=\"av-masonry-image-container\" ><img decoding=\"async\" src=\"https:\/\/www.meninasereia.com.br\/wp-content\/uploads\/2017\/07\/Menina-Sereia-32-470x705.jpg\" title=\"Menina Sereia Toalha Canga infantil Ac\u00e1cia\" alt=\"\" \/><\/div><\/div><figcaption class='av-inner-masonry-content site-background'><div class='av-inner-masonry-content-pos'><div class='av-inner-masonry-content-pos-content'><div class='avia-arrow'><\/div><h3 class='av-masonry-entry-title entry-title'  itemprop=\"headline\" >Canga\/ Toalha Menina Sereia Ac\u00e1cia Infantil Multicolorida<\/h3><span class=\"av-masonry-price price\"><span class=\"woocommerce-Price-amount amount\"><bdi><span class=\"woocommerce-Price-currencySymbol\">&#82;&#36;<\/span>79,90<\/bdi><\/span><\/span><\/div><\/div><\/figcaption><\/figure><\/a><!--end av-masonry entry--><a href=\"https:\/\/www.meninasereia.com.br\/pt-br\/produto\/canga-toalha-menina-sereia-hemera-infantil-multicolorida\/\" id='av-masonry-1-item-4791' data-av-masonry-item='4791' class='av-masonry-entry isotope-item post-4791 product type-product status-publish has-post-thumbnail product_cat-infantil product_cat-toalhas-cangas product_tag-canga-atoalhada product_tag-menina-sereia product_tag-multicolorido product_tag-toalha-canga product_tag-toalha-canga-infantil product_tag-unissex  instock shipping-taxable purchasable product-type-simple all_sort infantil_sort  toalhas-cangas_sort  av-masonry-item-with-image' title=\"Canga\/ Toalha Menina Sereia Hemera Infantil Multicolorida\"  itemscope=\"itemscope\" itemtype=\"https:\/\/schema.org\/CreativeWork\" ><div class='av-inner-masonry-sizer'><\/div><figure class='av-inner-masonry main_color'><div class=\"av-masonry-outerimage-container\"><div class=\"av-masonry-image-container\" ><img decoding=\"async\" src=\"https:\/\/www.meninasereia.com.br\/wp-content\/uploads\/2018\/03\/Menina-Sereia-LB01914-Editar-705x470.jpg\" title=\"Menina Sereia LB01914-Editar\" alt=\"\" \/><\/div><\/div><figcaption class='av-inner-masonry-content site-background'><div class='av-inner-masonry-content-pos'><div class='av-inner-masonry-content-pos-content'><div class='avia-arrow'><\/div><h3 class='av-masonry-entry-title entry-title'  itemprop=\"headline\" >Canga\/ Toalha Menina Sereia Hemera Infantil Multicolorida<\/h3><span class=\"av-masonry-price price\"><span class=\"woocommerce-Price-amount amount\"><bdi><span class=\"woocommerce-Price-currencySymbol\">&#82;&#36;<\/span>79,90<\/bdi><\/span><\/span><\/div><\/div><\/figcaption><\/figure><\/a><!--end av-masonry entry--><a href=\"https:\/\/www.meninasereia.com.br\/pt-br\/produto\/canga-toalha-menina-sereia-talassa-infantil-multicolorida\/\" id='av-masonry-1-item-4800' data-av-masonry-item='4800' class='av-masonry-entry isotope-item post-4800 product type-product status-publish has-post-thumbnail product_cat-infantil product_cat-toalhas-cangas product_tag-canga-atoalhada product_tag-menina-sereia product_tag-multicolorido product_tag-toalha-canga-infantil product_tag-toalhas-cangas product_tag-unissex last instock shipping-taxable purchasable product-type-simple all_sort infantil_sort  toalhas-cangas_sort  av-masonry-item-with-image' title=\"Canga\/ Toalha Menina Sereia T\u00e1lassa Infantil Multicolorida\"  itemscope=\"itemscope\" itemtype=\"https:\/\/schema.org\/CreativeWork\" ><div class='av-inner-masonry-sizer'><\/div><figure class='av-inner-masonry main_color'><div class=\"av-masonry-outerimage-container\"><div class=\"av-masonry-image-container\" ><img decoding=\"async\" src=\"https:\/\/www.meninasereia.com.br\/wp-content\/uploads\/2018\/03\/Menina-Sereia-LB01919-Editar-705x470.jpg\" title=\"Menina Sereia LB01919-Editar\" alt=\"\" \/><\/div><\/div><figcaption class='av-inner-masonry-content site-background'><div class='av-inner-masonry-content-pos'><div class='av-inner-masonry-content-pos-content'><div class='avia-arrow'><\/div><h3 class='av-masonry-entry-title entry-title'  itemprop=\"headline\" >Canga\/ Toalha Menina Sereia T\u00e1lassa Infantil Multicolorida<\/h3><span class=\"av-masonry-price price\"><span class=\"woocommerce-Price-amount amount\"><bdi><span class=\"woocommerce-Price-currencySymbol\">&#82;&#36;<\/span>79,90<\/bdi><\/span><\/span><\/div><\/div><\/figcaption><\/figure><\/a><!--end av-masonry entry--><a href=\"https:\/\/www.meninasereia.com.br\/pt-br\/produto\/canga-toalha-menina-sereia-atena-infantil-multicolorida\/\" id='av-masonry-1-item-4787' data-av-masonry-item='4787' class='av-masonry-entry isotope-item post-4787 product type-product status-publish has-post-thumbnail product_cat-infantil product_cat-toalhas-cangas product_tag-canga-atoalhada product_tag-menina-sereia product_tag-multicolorido product_tag-toalha-canga product_tag-toalha-canga-infantil product_tag-unissex first instock taxable shipping-taxable purchasable product-type-simple all_sort infantil_sort  toalhas-cangas_sort  av-masonry-item-with-image' title=\"Canga\/ Toalha Menina Sereia Atena Infantil Multicolorida\"  itemscope=\"itemscope\" itemtype=\"https:\/\/schema.org\/CreativeWork\" ><div class='av-inner-masonry-sizer'><\/div><figure class='av-inner-masonry main_color'><div class=\"av-masonry-outerimage-container\"><div class=\"av-masonry-image-container\" ><img decoding=\"async\" src=\"https:\/\/www.meninasereia.com.br\/wp-content\/uploads\/2018\/03\/Menina-Sereia-LB01923-Editar-705x470.jpg\" title=\"Menina Sereia LB01923-Editar\" alt=\"\" \/><\/div><\/div><figcaption class='av-inner-masonry-content site-background'><div class='av-inner-masonry-content-pos'><div class='av-inner-masonry-content-pos-content'><div class='avia-arrow'><\/div><h3 class='av-masonry-entry-title entry-title'  itemprop=\"headline\" >Canga\/ Toalha Menina Sereia Atena Infantil Multicolorida<\/h3><span class=\"av-masonry-price price\"><span class=\"woocommerce-Price-amount amount\"><bdi><span class=\"woocommerce-Price-currencySymbol\">&#82;&#36;<\/span>79,90<\/bdi><\/span><\/span><\/div><\/div><\/figcaption><\/figure><\/a><!--end av-masonry entry--><a href=\"https:\/\/www.meninasereia.com.br\/pt-br\/produto\/canga-toalha-menina-sereia-hera-infantil-multicolorida\/\" id='av-masonry-1-item-4794' data-av-masonry-item='4794' class='av-masonry-entry isotope-item post-4794 product type-product status-publish has-post-thumbnail product_cat-infantil product_cat-toalhas-cangas product_tag-canga-atoalhada product_tag-menina-sereia product_tag-multicolorido product_tag-toalha-canga-infantil product_tag-toalhas-cangas product_tag-unissex  instock taxable shipping-taxable purchasable product-type-simple all_sort infantil_sort  toalhas-cangas_sort  av-masonry-item-with-image' title=\"Canga\/ Toalha Menina Sereia Hera Infantil Multicolorida\"  itemscope=\"itemscope\" itemtype=\"https:\/\/schema.org\/CreativeWork\" ><div class='av-inner-masonry-sizer'><\/div><figure class='av-inner-masonry main_color'><div class=\"av-masonry-outerimage-container\"><div class=\"av-masonry-image-container\" ><img decoding=\"async\" src=\"https:\/\/www.meninasereia.com.br\/wp-content\/uploads\/2018\/03\/Menina-Sereia-LB01921-Editar-705x470.jpg\" title=\"Menina Sereia LB01921-Editar\" alt=\"\" \/><\/div><\/div><figcaption class='av-inner-masonry-content site-background'><div class='av-inner-masonry-content-pos'><div class='av-inner-masonry-content-pos-content'><div class='avia-arrow'><\/div><h3 class='av-masonry-entry-title entry-title'  itemprop=\"headline\" >Canga\/ Toalha Menina Sereia Hera Infantil Multicolorida<\/h3><span class=\"av-masonry-price price\"><span class=\"woocommerce-Price-amount amount\"><bdi><span class=\"woocommerce-Price-currencySymbol\">&#82;&#36;<\/span>79,90<\/bdi><\/span><\/span><\/div><\/div><\/figcaption><\/figure><\/a><!--end av-masonry entry--><a href=\"https:\/\/www.meninasereia.com.br\/pt-br\/produto\/canga-toalha-menina-sereia-nix-infantil-multicolorida\/\" id='av-masonry-1-item-4795' data-av-masonry-item='4795' class='av-masonry-entry isotope-item post-4795 product type-product status-publish has-post-thumbnail product_cat-infantil product_cat-toalhas-cangas product_tag-canga-atoalhada product_tag-menina-sereia product_tag-multicolorido product_tag-toalha-canga product_tag-toalha-canga-infantil product_tag-unissex last instock taxable shipping-taxable purchasable product-type-simple all_sort infantil_sort  toalhas-cangas_sort  av-masonry-item-with-image' title=\"Canga\/ Toalha Menina Sereia Nix Infantil Multicolorida\"  itemscope=\"itemscope\" itemtype=\"https:\/\/schema.org\/CreativeWork\" ><div class='av-inner-masonry-sizer'><\/div><figure class='av-inner-masonry main_color'><div class=\"av-masonry-outerimage-container\"><div class=\"av-masonry-image-container\" ><img decoding=\"async\" src=\"https:\/\/www.meninasereia.com.br\/wp-content\/uploads\/2018\/03\/Menina-Sereia-LB01912-Editar-705x470.jpg\" title=\"Menina Sereia LB01912-Editar\" alt=\"\" \/><\/div><\/div><figcaption class='av-inner-masonry-content site-background'><div class='av-inner-masonry-content-pos'><div class='av-inner-masonry-content-pos-content'><div class='avia-arrow'><\/div><h3 class='av-masonry-entry-title entry-title'  itemprop=\"headline\" >Canga\/ Toalha Menina Sereia Nix Infantil Multicolorida<\/h3><span class=\"av-masonry-price price\"><span class=\"woocommerce-Price-amount amount\"><bdi><span class=\"woocommerce-Price-currencySymbol\">&#82;&#36;<\/span>79,90<\/bdi><\/span><\/span><\/div><\/div><\/figcaption><\/figure><\/a><!--end av-masonry entry--><a href=\"https:\/\/www.meninasereia.com.br\/pt-br\/produto\/cangatoalha-menina-sereia-itacare-infantil-multicolorida\/\" id='av-masonry-1-item-3541' data-av-masonry-item='3541' class='av-masonry-entry isotope-item post-3541 product type-product status-publish has-post-thumbnail product_cat-infantil product_cat-toalhas-cangas product_tag-canga-atoalhada product_tag-feminino product_tag-menina-sereia product_tag-multicolorido product_tag-toalha-canga product_tag-toalha-canga-infantil product_tag-unissex first outofstock shipping-taxable purchasable product-type-simple all_sort infantil_sort  toalhas-cangas_sort  av-masonry-item-with-image' title=\"Canga\/ Toalha Menina Sereia Itacar\u00e9 Infantil Multicolorida\"  itemscope=\"itemscope\" itemtype=\"https:\/\/schema.org\/CreativeWork\" ><div class='av-inner-masonry-sizer'><\/div><figure class='av-inner-masonry main_color'><div class=\"av-masonry-outerimage-container\"><div class=\"av-masonry-image-container\" ><img decoding=\"async\" src=\"https:\/\/www.meninasereia.com.br\/wp-content\/uploads\/2017\/07\/Menina-Sereia-20-470x705.jpg\" title=\"Menina Sereia Toalha Canga Infantil Itacar\u00e9\" alt=\"\" \/><\/div><\/div><figcaption class='av-inner-masonry-content site-background'><div class='av-inner-masonry-content-pos'><div class='av-inner-masonry-content-pos-content'><div class='avia-arrow'><\/div><h3 class='av-masonry-entry-title entry-title'  itemprop=\"headline\" >Canga\/ Toalha Menina Sereia Itacar\u00e9 Infantil Multicolorida<\/h3><span class=\"av-masonry-price price\"><span class=\"woocommerce-Price-amount amount\"><bdi><span class=\"woocommerce-Price-currencySymbol\">&#82;&#36;<\/span>79,90<\/bdi><\/span><\/span><\/div><\/div><\/figcaption><\/figure><\/a><!--end av-masonry entry--><\/div><\/div>\n","protected":false},"excerpt":{"rendered":"","protected":false},"author":1,"featured_media":0,"parent":1116,"menu_order":0,"comment_status":"closed","ping_status":"closed","template":"","meta":{"footnotes":""},"class_list":["post-4112","page","type-page","status-publish","hentry"],"_links":{"self":[{"href":"https:\/\/www.meninasereia.com.br\/pt-br\/wp-json\/wp\/v2\/pages\/4112","targetHints":{"allow":["GET"]}}],"collection":[{"href":"https:\/\/www.meninasereia.com.br\/pt-br\/wp-json\/wp\/v2\/pages"}],"about":[{"href":"https:\/\/www.meninasereia.com.br\/pt-br\/wp-json\/wp\/v2\/types\/page"}],"author":[{"embeddable":true,"href":"https:\/\/www.meninasereia.com.br\/pt-br\/wp-json\/wp\/v2\/users\/1"}],"replies":[{"embeddable":true,"href":"https:\/\/www.meninasereia.com.br\/pt-br\/wp-json\/wp\/v2\/comments?post=4112"}],"version-history":[{"count":9,"href":"https:\/\/www.meninasereia.com.br\/pt-br\/wp-json\/wp\/v2\/pages\/4112\/revisions"}],"predecessor-version":[{"id":4166,"href":"https:\/\/www.meninasereia.com.br\/pt-br\/wp-json\/wp\/v2\/pages\/4112\/revisions\/4166"}],"up":[{"embeddable":true,"href":"https:\/\/www.meninasereia.com.br\/pt-br\/wp-json\/wp\/v2\/pages\/1116"}],"wp:attachment":[{"href":"https:\/\/www.meninasereia.com.br\/pt-br\/wp-json\/wp\/v2\/media?parent=4112"}],"curies":[{"name":"wp","href":"https:\/\/api.w.org\/{rel}","templated":true}]}}