{"id":4122,"date":"2017-10-17T16:36:40","date_gmt":"2017-10-17T19:36:40","guid":{"rendered":"http:\/\/www.meninasereia.com.br\/?page_id=4122"},"modified":"2019-02-05T16:35:41","modified_gmt":"2019-02-05T19:35:41","slug":"mae-e-filha","status":"publish","type":"page","link":"https:\/\/www.meninasereia.com.br\/pt-br\/shop\/toalhas-cangas\/mae-e-filha\/","title":{"rendered":"M\u00e3e e Filha"},"content":{"rendered":"<div style='padding-bottom:10px; ' class='av-special-heading av-special-heading-h2  blockquote modern-quote modern-centered   '><h2 class='av-special-heading-tag '  itemprop=\"headline\"  >Toalhas Cangas<\/h2><div class ='av-subheading av-subheading_below  ' style='font-size:20px;'><p>M\u00c3E E FILHA<\/p>\n<\/div><div class='special-heading-border'><div class='special-heading-inner-border' ><\/div><\/div><\/div>\n<section class=\"av_textblock_section \"  itemscope=\"itemscope\" itemtype=\"https:\/\/schema.org\/CreativeWork\" ><div class='avia_textblock  '   itemprop=\"text\" ><p style=\"text-align: center;\">Tendo a moda como uma paix\u00e3o em comum, as g\u00eameas Swanmy e Swara s\u00e3o modelos de carreira, cheias de hist\u00f3rias e aprendizados, tanto nas passarelas quanto nos neg\u00f3cios. Foi a inspira\u00e7\u00e3o nas \u00faltimas tend\u00eancias da moda praia que incentivou as irm\u00e3s a criarem a loja Menina Sereia, que possui lindos produtos como toalhas, cangas, quimonos e bolsas, para que cada mulher liberte sua sereia interior com toda a sofistica\u00e7\u00e3o das \u00faltimas tend\u00eancias.<\/p>\n<\/div><\/section>\n\n","protected":false},"excerpt":{"rendered":"","protected":false},"author":1,"featured_media":0,"parent":1116,"menu_order":0,"comment_status":"closed","ping_status":"closed","template":"","meta":{"footnotes":""},"class_list":["post-4122","page","type-page","status-publish","hentry"],"_links":{"self":[{"href":"https:\/\/www.meninasereia.com.br\/pt-br\/wp-json\/wp\/v2\/pages\/4122","targetHints":{"allow":["GET"]}}],"collection":[{"href":"https:\/\/www.meninasereia.com.br\/pt-br\/wp-json\/wp\/v2\/pages"}],"about":[{"href":"https:\/\/www.meninasereia.com.br\/pt-br\/wp-json\/wp\/v2\/types\/page"}],"author":[{"embeddable":true,"href":"https:\/\/www.meninasereia.com.br\/pt-br\/wp-json\/wp\/v2\/users\/1"}],"replies":[{"embeddable":true,"href":"https:\/\/www.meninasereia.com.br\/pt-br\/wp-json\/wp\/v2\/comments?post=4122"}],"version-history":[{"count":3,"href":"https:\/\/www.meninasereia.com.br\/pt-br\/wp-json\/wp\/v2\/pages\/4122\/revisions"}],"predecessor-version":[{"id":4155,"href":"https:\/\/www.meninasereia.com.br\/pt-br\/wp-json\/wp\/v2\/pages\/4122\/revisions\/4155"}],"up":[{"embeddable":true,"href":"https:\/\/www.meninasereia.com.br\/pt-br\/wp-json\/wp\/v2\/pages\/1116"}],"wp:attachment":[{"href":"https:\/\/www.meninasereia.com.br\/pt-br\/wp-json\/wp\/v2\/media?parent=4122"}],"curies":[{"name":"wp","href":"https:\/\/api.w.org\/{rel}","templated":true}]}}