{"id":626,"date":"2017-02-02T14:26:58","date_gmt":"2017-02-02T14:26:58","guid":{"rendered":"http:\/\/test.kriesi.at\/enfold-2017\/?page_id=626"},"modified":"2020-03-20T13:40:43","modified_gmt":"2020-03-20T16:40:43","slug":"sobre-nos","status":"publish","type":"page","link":"https:\/\/www.meninasereia.com.br\/pt-br\/pages\/sobre-nos\/","title":{"rendered":"Sobre n\u00f3s"},"content":{"rendered":"<\/div><\/div><\/div><!-- close content main div --><\/div><\/div><div id='av_section_1' class='avia-section main_color avia-section-large avia-no-border-styling avia-bg-style-scroll   container_wrap sidebar_right' style = 'background-image: '  ><div class='container' ><div class='template-page content  av-content-small alpha units'><div class='post-entry post-entry-type-page post-entry-626'><div class='entry-content-wrapper clearfix'>\n<div style='padding-bottom:20px; font-size:40px;' class='av-special-heading av-special-heading-h2  blockquote modern-quote   av-inherit-size '><h2 class='av-special-heading-tag '  itemprop=\"headline\"  >Sobre n\u00f3s<\/h2><div class='special-heading-border'><div class='special-heading-inner-border' ><\/div><\/div><\/div>\n<div class='avia-image-container  av-styling-    avia-align-center '  itemprop=\"ImageObject\" itemscope=\"itemscope\" itemtype=\"https:\/\/schema.org\/ImageObject\"  ><div class='avia-image-container-inner'><div class='avia-image-overlay-wrap'><img class='avia_image ' src='https:\/\/www.meninasereia.com.br\/wp-content\/uploads\/2017\/02\/banner_1920_480_final.jpg' alt='' title='banner_1920_480_final' height=\"480\"width=\"1920\"  itemprop=\"thumbnailUrl\"  \/><\/div><\/div><\/div>\n<div style=' margin-top:20px; margin-bottom:20px;'  class='hr hr-custom hr-left hr-icon-no  '><span class='hr-inner   inner-border-av-border-fat' style=' width:50px; border-color:#000000;' ><span class='hr-inner-style'><\/span><\/span><\/div>\n<div class=\"flex_column av_one_half  flex_column_div av-zero-column-padding first  \" style='border-radius:0px; '><section class=\"av_textblock_section \"  itemscope=\"itemscope\" itemtype=\"https:\/\/schema.org\/CreativeWork\" ><div class='avia_textblock  '   itemprop=\"text\" ><p>Tendo a moda como uma paix\u00e3o em comum, as g\u00eameas Swanmy e Swara s\u00e3o modelos de carreira, cheias de hist\u00f3rias e aprendizados, tanto nas passarelas quanto nos neg\u00f3cios. Foi a inspira\u00e7\u00e3o nas \u00faltimas tend\u00eancias da moda praia que incentivou as irm\u00e3s a criarem a loja Menina Sereia, que possui lindos produtos como toalhas, cangas, quimonos e bolsas, para que cada mulher liberte sua sereia interior com toda a sofistica\u00e7\u00e3o das \u00faltimas tend\u00eancias.<\/p>\n<\/div><\/section><\/div><div class=\"flex_column av_one_half  flex_column_div av-zero-column-padding   \" style='border-radius:0px; '><p><div style='height:20px' class='hr hr-invisible  '><span class='hr-inner ' ><span class='hr-inner-style'><\/span><\/span><\/div><br \/>\n<div class='avia-image-container  av-styling-    avia-align-center '  itemprop=\"ImageObject\" itemscope=\"itemscope\" itemtype=\"https:\/\/schema.org\/ImageObject\"  ><div class='avia-image-container-inner'><div class='avia-image-overlay-wrap'><img class='avia_image ' src='https:\/\/www.meninasereia.com.br\/wp-content\/uploads\/2017\/02\/sereia_avatar.jpg' alt='' title='sereia_avatar' height=\"138\"width=\"263\"  itemprop=\"thumbnailUrl\"  \/><\/div><\/div><\/div><\/p><\/div><div class=\"flex_column av_one_half  flex_column_div av-zero-column-padding first  \" style='border-radius:0px; '><div class='avia-image-container  av-styling-    avia-align-center '  itemprop=\"ImageObject\" itemscope=\"itemscope\" itemtype=\"https:\/\/schema.org\/ImageObject\"  ><div class='avia-image-container-inner'><div class='avia-image-overlay-wrap'><img class='avia_image ' src='https:\/\/www.meninasereia.com.br\/wp-content\/uploads\/2017\/07\/MSTC1632_1_PP-1-711x1030.jpg' alt='' title='MSTC1632_1_PP' height=\"1030\"width=\"711\"  itemprop=\"thumbnailUrl\"  \/><\/div><\/div><\/div><\/div><div class=\"flex_column av_one_half  flex_column_div av-zero-column-padding   \" style='border-radius:0px; '><p><div style='height:300px' class='hr hr-invisible  '><span class='hr-inner ' ><span class='hr-inner-style'><\/span><\/span><\/div><br \/>\n<section class=\"av_textblock_section \"  itemscope=\"itemscope\" itemtype=\"https:\/\/schema.org\/CreativeWork\" ><div class='avia_textblock  '   itemprop=\"text\" ><div id=\"i24n08jj\" class=\"txtNew\" data-reactid=\".0.$SITE_ROOT.$desktop_siteRoot.$PAGES_CONTAINER.$centeredContent.$inlineContent.$SITE_PAGES.$czpg_DESKTOP.$inlineContent.$i24n08jj\">\n<h2 class=\"font_2\">SOBRE A MENINA SEREIA<\/h2>\n<\/div>\n<div id=\"i5250pck\" class=\"txtNew\" data-reactid=\".0.$SITE_ROOT.$desktop_siteRoot.$PAGES_CONTAINER.$centeredContent.$inlineContent.$SITE_PAGES.$czpg_DESKTOP.$inlineContent.$i5250pck\"><\/div>\n<p>As irm\u00e3s Sampaio\u2019s nascida em Aracaju-SE nasceram com o p\u00e9 na praia e o outro na passarela. Desde cedo as irm\u00e3s almejavam ganhar o mundo com sua carisma e dedica\u00e7\u00e3o.<\/p>\n<p>Mudaram- se para S\u00e3o Paulo e mesmo assim continuaram mergulhadas no l\u00fadico<span class=\"Apple-converted-space\">&nbsp; <\/span>mundo fashion. Depois de anos viajando o mundo<span class=\"Apple-converted-space\">&nbsp; <\/span>passando por Paris, Mil\u00e3o, Portugal, M\u00e9xico e EUA, sentiram a necessidade de iniciar seu pr\u00f3prio neg\u00f3cio.<\/p>\n<p>E assim como uma necessidade de express\u00e3o em 2015 surgiu a Menina Sereia uma materializa\u00e7\u00e3o de um sonho infantil, trazendo a marca 4 pilares que nada mais s\u00e3o:<\/p>\n<p><span class=\"Apple-converted-space\">&nbsp;<\/span>Almare: lembran\u00e7as da inf\u00e2ncia, da fam\u00edlia, do rapaz que passava de bicicleta gritando zaroio, p\u00e9 de moleque, beijim molhado, saudades da praia, do mar&#8230;<\/p>\n<p><span class=\"Apple-converted-space\">&nbsp;<\/span>F\u00f4lego: que traz a arte, liberdade de express\u00e3o, cria\u00e7\u00e3o, \u00e9 um pilar para divulgar novos artistas.<span class=\"Apple-converted-space\">&nbsp;<\/span><\/p>\n<p>Flora: que traz toda a beleza das flores das plantas da natureza.<\/p>\n<p><span class=\"Apple-converted-space\">&nbsp;<\/span>Primaz que tr\u00e1s na bagagem a ess\u00eancia de cada viagem, nas quais as g\u00eameas se inspiram.<\/p>\n<p>A Menina Sereia \u00e9 um acess\u00f3rio que veio para trazer praticidade, modernidade, jovialidade a moda praia, a marca atras uma gama de Toalha Canga e Kimonos para todo tipo e publico, criada para esbanjar e evidenciar ainda mais a moda praia mundial.<span class=\"Apple-converted-space\">&nbsp;<\/span><\/p>\n<p>A marca trabalhou com grandes e-commeces no Brazil, Dafiti, DayShopping, Nomadi (EUA) fizeram parcerias no Boat Show com as aclamadas empresas Azimut e Cimitarra e projeto ver\u00e3o fizeram parceria com a Chilly Beans e a Espa\u00e7o Lazer.<\/p>\n<p>Concretizando um sonho, as g\u00eameas Sampaio, j\u00e1 conquistaram o cora\u00e7\u00e3o das sereias brasileiras, agora buscam sereiar em outros mares.<\/p>\n<\/div><\/section><\/p><\/div><\/div><\/div><\/div><!-- close content main div --><\/div><\/div><div id='after_section_1' class='main_color av_default_container_wrap container_wrap sidebar_right'   ><div class='container' ><div class='template-page content  av-content-small alpha units'><div class='post-entry post-entry-type-page post-entry-626'><div class='entry-content-wrapper clearfix'>\n","protected":false},"excerpt":{"rendered":"","protected":false},"author":1,"featured_media":0,"parent":603,"menu_order":0,"comment_status":"closed","ping_status":"closed","template":"","meta":{"footnotes":""},"class_list":["post-626","page","type-page","status-publish","hentry"],"_links":{"self":[{"href":"https:\/\/www.meninasereia.com.br\/pt-br\/wp-json\/wp\/v2\/pages\/626","targetHints":{"allow":["GET"]}}],"collection":[{"href":"https:\/\/www.meninasereia.com.br\/pt-br\/wp-json\/wp\/v2\/pages"}],"about":[{"href":"https:\/\/www.meninasereia.com.br\/pt-br\/wp-json\/wp\/v2\/types\/page"}],"author":[{"embeddable":true,"href":"https:\/\/www.meninasereia.com.br\/pt-br\/wp-json\/wp\/v2\/users\/1"}],"replies":[{"embeddable":true,"href":"https:\/\/www.meninasereia.com.br\/pt-br\/wp-json\/wp\/v2\/comments?post=626"}],"version-history":[{"count":20,"href":"https:\/\/www.meninasereia.com.br\/pt-br\/wp-json\/wp\/v2\/pages\/626\/revisions"}],"predecessor-version":[{"id":6748,"href":"https:\/\/www.meninasereia.com.br\/pt-br\/wp-json\/wp\/v2\/pages\/626\/revisions\/6748"}],"up":[{"embeddable":true,"href":"https:\/\/www.meninasereia.com.br\/pt-br\/wp-json\/wp\/v2\/pages\/603"}],"wp:attachment":[{"href":"https:\/\/www.meninasereia.com.br\/pt-br\/wp-json\/wp\/v2\/media?parent=626"}],"curies":[{"name":"wp","href":"https:\/\/api.w.org\/{rel}","templated":true}]}}