{"id":3177,"date":"2017-07-03T01:08:56","date_gmt":"2017-07-03T04:08:56","guid":{"rendered":"http:\/\/meninasereia2.hospedagemdesites.ws\/?post_type=product&#038;p=3177"},"modified":"2020-01-29T17:51:37","modified_gmt":"2020-01-29T20:51:37","slug":"cangatoalha-menina-sereia-taipus-de-fora-multicolorida","status":"publish","type":"product","link":"https:\/\/www.meninasereia.com.br\/pt-br\/produto\/cangatoalha-menina-sereia-taipus-de-fora-multicolorida\/","title":{"rendered":"Canga\/Toalha Menina Sereia Taipus De Fora Multicolorida"},"content":{"rendered":"<p>O diferencial da nossa marca \u00e9 que a sua Toalha Canga vai ser \u00fanica, a estampa ser\u00e1 a que voc\u00ea escolheu , mas os pom poms e o atoalhado estaremos sempre diversificando as cores para que a sua Toalha Canga seja \u00fanica. Esta Toalha Canga de cores vibrantes, \u00e9 perfeita para ir \u00e0 praia, ao clube, ao piquenique e at\u00e9 mesmo para decorar a sua casa, e deixar-la mais alegre.<\/p>\n","protected":false},"excerpt":{"rendered":"<p class=\"p1\">Um lado 100% Viscose Outro lado 100% Algod\u00e3o Tecido Felpudo Pom Pom e Tassel<\/p>\n<p class=\"p1\">Tamanho: 1,40 x 1,00<\/p>\n","protected":false},"featured_media":3452,"template":"","meta":[],"product_brand":[],"product_cat":[47,101],"product_tag":[73,49,50,48],"class_list":{"0":"post-3177","1":"product","2":"type-product","3":"status-publish","4":"has-post-thumbnail","6":"product_cat-toalhas-cangas","7":"product_cat-adulto","8":"product_tag-canga-atoalhada","9":"product_tag-menina-sereia","10":"product_tag-multicolorido","11":"product_tag-toalhas-cangas","13":"first","14":"outofstock","15":"shipping-taxable","16":"purchasable","17":"product-type-simple"},"_links":{"self":[{"href":"https:\/\/www.meninasereia.com.br\/pt-br\/wp-json\/wp\/v2\/product\/3177","targetHints":{"allow":["GET"]}}],"collection":[{"href":"https:\/\/www.meninasereia.com.br\/pt-br\/wp-json\/wp\/v2\/product"}],"about":[{"href":"https:\/\/www.meninasereia.com.br\/pt-br\/wp-json\/wp\/v2\/types\/product"}],"wp:featuredmedia":[{"embeddable":true,"href":"https:\/\/www.meninasereia.com.br\/pt-br\/wp-json\/wp\/v2\/media\/3452"}],"wp:attachment":[{"href":"https:\/\/www.meninasereia.com.br\/pt-br\/wp-json\/wp\/v2\/media?parent=3177"}],"wp:term":[{"taxonomy":"product_brand","embeddable":true,"href":"https:\/\/www.meninasereia.com.br\/pt-br\/wp-json\/wp\/v2\/product_brand?post=3177"},{"taxonomy":"product_cat","embeddable":true,"href":"https:\/\/www.meninasereia.com.br\/pt-br\/wp-json\/wp\/v2\/product_cat?post=3177"},{"taxonomy":"product_tag","embeddable":true,"href":"https:\/\/www.meninasereia.com.br\/pt-br\/wp-json\/wp\/v2\/product_tag?post=3177"}],"curies":[{"name":"wp","href":"https:\/\/api.w.org\/{rel}","templated":true}]}}