{"id":3193,"date":"2017-07-03T01:21:41","date_gmt":"2017-07-03T04:21:41","guid":{"rendered":"http:\/\/meninasereia2.hospedagemdesites.ws\/?post_type=product&#038;p=3193"},"modified":"2018-05-27T10:26:55","modified_gmt":"2018-05-27T13:26:55","slug":"cangatoalha-menina-sereia-flor-de-lis-multicolorida","status":"publish","type":"product","link":"https:\/\/www.meninasereia.com.br\/pt-br\/produto\/cangatoalha-menina-sereia-flor-de-lis-multicolorida\/","title":{"rendered":"Canga\/Toalha Menina Sereia Flor de Lis Multicolorida"},"content":{"rendered":"<div class=\"box-description\">\n<p class=\"product-information-description\">A flor de lis, tal como o l\u00edrio, simboliza a pureza, a virgindade, a beleza e a renova\u00e7\u00e3o espiritual. Esse s\u00edmbolo \u00e9, na verdade, o l\u00edrio da realeza usado inicialmente pela realeza francesa desde o s\u00e9culo XII, de modo que se tornou emblema da Fran\u00e7a, onde simboliza poder, soberania, lealdade e honra.<\/p>\n<\/div>\n","protected":false},"excerpt":{"rendered":"<p class=\"p1\">Um lado 100% Viscose Outro lado 100% Algod\u00e3o Tecido Felpudo Pom Pom e Tassel<\/p>\n<p class=\"p1\">Tamanho: Altura 1,40 x Largura 1,00<\/p>\n","protected":false},"featured_media":3195,"template":"","meta":[],"product_brand":[],"product_cat":[47,101],"product_tag":[49,50,48],"class_list":{"0":"post-3193","1":"product","2":"type-product","3":"status-publish","4":"has-post-thumbnail","6":"product_cat-toalhas-cangas","7":"product_cat-adulto","8":"product_tag-menina-sereia","9":"product_tag-multicolorido","10":"product_tag-toalhas-cangas","12":"first","13":"outofstock","14":"sale","15":"shipping-taxable","16":"purchasable","17":"product-type-simple"},"_links":{"self":[{"href":"https:\/\/www.meninasereia.com.br\/pt-br\/wp-json\/wp\/v2\/product\/3193","targetHints":{"allow":["GET"]}}],"collection":[{"href":"https:\/\/www.meninasereia.com.br\/pt-br\/wp-json\/wp\/v2\/product"}],"about":[{"href":"https:\/\/www.meninasereia.com.br\/pt-br\/wp-json\/wp\/v2\/types\/product"}],"wp:featuredmedia":[{"embeddable":true,"href":"https:\/\/www.meninasereia.com.br\/pt-br\/wp-json\/wp\/v2\/media\/3195"}],"wp:attachment":[{"href":"https:\/\/www.meninasereia.com.br\/pt-br\/wp-json\/wp\/v2\/media?parent=3193"}],"wp:term":[{"taxonomy":"product_brand","embeddable":true,"href":"https:\/\/www.meninasereia.com.br\/pt-br\/wp-json\/wp\/v2\/product_brand?post=3193"},{"taxonomy":"product_cat","embeddable":true,"href":"https:\/\/www.meninasereia.com.br\/pt-br\/wp-json\/wp\/v2\/product_cat?post=3193"},{"taxonomy":"product_tag","embeddable":true,"href":"https:\/\/www.meninasereia.com.br\/pt-br\/wp-json\/wp\/v2\/product_tag?post=3193"}],"curies":[{"name":"wp","href":"https:\/\/api.w.org\/{rel}","templated":true}]}}