{"id":3198,"date":"2017-07-03T01:30:28","date_gmt":"2017-07-03T04:30:28","guid":{"rendered":"http:\/\/meninasereia2.hospedagemdesites.ws\/?post_type=product&#038;p=3198"},"modified":"2017-11-19T12:59:02","modified_gmt":"2017-11-19T15:59:02","slug":"cangatoalha-menina-sereia-iris-multicolorida","status":"publish","type":"product","link":"https:\/\/www.meninasereia.com.br\/pt-br\/produto\/cangatoalha-menina-sereia-iris-multicolorida\/","title":{"rendered":"Canga\/Toalha Menina Sereia \u00cdris Multicolorida"},"content":{"rendered":"<div class=\"box-description\">\n<p>Nomeamos nossa toalha canga de Iris essa palavra veio da mitologia grega que tinha, Iris \u00e9 a deusa do arco-\u00edris e da filha de Thaumas e Electra. Ela foi representado como mensageiro de Hera e Zeus. Desde os tempos antigos, a flor real de Iris simbolizava o poder e majestade. A flor foi dedicado a Juno \u2013 uma divindade romana, que foi surpreendentemente pensado para ser a origem do cetro. O povo do Egito colocou uma flor de \u00edris na testa da Esfinge e no cetro dos reis eg\u00edpcios, que identificou tr\u00eas folhas de suas flores como s\u00edmbolo de sabedoria, valor e f\u00e9.<\/p>\n<p>Durante os tempos medievais, antes do renascimento italiano, o significado da flor foi associada com a monarquia francesa. Desde ent\u00e3o, Fleur de Lys tornou-se o s\u00edmbolo nacional da Fran\u00e7a. Em algumas l\u00ednguas do mundo, \u00edris flores s\u00e3o chamados de sinalizadores ou espadas, o que implica que eles eram um s\u00edmbolo da heran\u00e7a da realeza, e na her\u00e1ldica. No Jap\u00e3o, o significado tem sido interpretada como uma express\u00e3o de feitos her\u00f3icos. A cor azul da \u00edris japonesa simboliza o sangue azul. \u00c9 por isso que as flores de \u00edris s\u00e3o amplamente utilizados na festa da primavera japonesa para os meninos. Iris flores foram utilizados no fabrico de perfumes, fragr\u00e2ncias e como uma erva medicinal tamb\u00e9m. Hoje, voc\u00ea pode encontrar \u00edris em jardins, quintais, buqu\u00eas e at\u00e9 mesmo nas florestas em todo o mundo.<\/p>\n<\/div>\n","protected":false},"excerpt":{"rendered":"<p class=\"p1\">Um lado 100% Viscose Outro lado 100% Algod\u00e3o Tecido Felpudo Pom Pom e Tassel<\/p>\n<p class=\"p1\">Tamanho: Altura 1,40 x Largura 1,00<\/p>\n","protected":false},"featured_media":3203,"template":"","meta":[],"product_brand":[],"product_cat":[47,101],"product_tag":[49,50,48],"class_list":{"0":"post-3198","1":"product","2":"type-product","3":"status-publish","4":"has-post-thumbnail","6":"product_cat-toalhas-cangas","7":"product_cat-adulto","8":"product_tag-menina-sereia","9":"product_tag-multicolorido","10":"product_tag-toalhas-cangas","12":"first","13":"outofstock","14":"shipping-taxable","15":"purchasable","16":"product-type-simple"},"_links":{"self":[{"href":"https:\/\/www.meninasereia.com.br\/pt-br\/wp-json\/wp\/v2\/product\/3198","targetHints":{"allow":["GET"]}}],"collection":[{"href":"https:\/\/www.meninasereia.com.br\/pt-br\/wp-json\/wp\/v2\/product"}],"about":[{"href":"https:\/\/www.meninasereia.com.br\/pt-br\/wp-json\/wp\/v2\/types\/product"}],"wp:featuredmedia":[{"embeddable":true,"href":"https:\/\/www.meninasereia.com.br\/pt-br\/wp-json\/wp\/v2\/media\/3203"}],"wp:attachment":[{"href":"https:\/\/www.meninasereia.com.br\/pt-br\/wp-json\/wp\/v2\/media?parent=3198"}],"wp:term":[{"taxonomy":"product_brand","embeddable":true,"href":"https:\/\/www.meninasereia.com.br\/pt-br\/wp-json\/wp\/v2\/product_brand?post=3198"},{"taxonomy":"product_cat","embeddable":true,"href":"https:\/\/www.meninasereia.com.br\/pt-br\/wp-json\/wp\/v2\/product_cat?post=3198"},{"taxonomy":"product_tag","embeddable":true,"href":"https:\/\/www.meninasereia.com.br\/pt-br\/wp-json\/wp\/v2\/product_tag?post=3198"}],"curies":[{"name":"wp","href":"https:\/\/api.w.org\/{rel}","templated":true}]}}