{"id":3206,"date":"2017-07-03T01:40:59","date_gmt":"2017-07-03T04:40:59","guid":{"rendered":"http:\/\/meninasereia2.hospedagemdesites.ws\/?post_type=product&#038;p=3206"},"modified":"2018-05-10T17:47:19","modified_gmt":"2018-05-10T20:47:19","slug":"cangatoalha-menina-sereia-vitoria-regia-multicolorida","status":"publish","type":"product","link":"https:\/\/www.meninasereia.com.br\/pt-br\/produto\/cangatoalha-menina-sereia-vitoria-regia-multicolorida\/","title":{"rendered":"Canga\/Toalha Menina Sereia Vit\u00f3ria-R\u00e9gia Multicolorida"},"content":{"rendered":"<p>&nbsp;<\/p>\n<p>Um dia, tendo parado para descansar \u00e0 beira de um lago, viu em sua superf\u00edcie a imagem da deusa amada: a lua refletida em suas \u00e1guas. Cega pelo seu sonho, lan\u00e7ou-se ao fundo e se afogou. A lua, compadecida, quis recompensar o sacrif\u00edcio da bela jovem \u00edndia, e resolveu transform\u00e1-la em uma estrela diferente de todas aquelas que brilham no c\u00e9u. Transformou-a ent\u00e3o numa &#8220;Estrela das \u00c1guas&#8221;, \u00fanica e perfeita, que \u00e9 a planta vit\u00f3ria-r\u00e9gia. Assim, nasceu uma linda planta cujas flores perfumadas e brancas s\u00f3 abrem \u00e0 noite, e ao nascer do sol ficam rosadas.<\/p>\n","protected":false},"excerpt":{"rendered":"<p class=\"p1\">Um lado 100% Viscose Outro lado 100% Algod\u00e3o Tecido Felpudo Pom Pom e Tassel<\/p>\n<p class=\"p1\">Tamanho: Altura 1,40 x Largura 1,00<\/p>\n","protected":false},"featured_media":3213,"template":"","meta":[],"product_brand":[],"product_cat":[47,101],"product_tag":[49,50,48],"class_list":{"0":"post-3206","1":"product","2":"type-product","3":"status-publish","4":"has-post-thumbnail","6":"product_cat-toalhas-cangas","7":"product_cat-adulto","8":"product_tag-menina-sereia","9":"product_tag-multicolorido","10":"product_tag-toalhas-cangas","12":"first","13":"outofstock","14":"sale","15":"shipping-taxable","16":"purchasable","17":"product-type-simple"},"_links":{"self":[{"href":"https:\/\/www.meninasereia.com.br\/pt-br\/wp-json\/wp\/v2\/product\/3206","targetHints":{"allow":["GET"]}}],"collection":[{"href":"https:\/\/www.meninasereia.com.br\/pt-br\/wp-json\/wp\/v2\/product"}],"about":[{"href":"https:\/\/www.meninasereia.com.br\/pt-br\/wp-json\/wp\/v2\/types\/product"}],"wp:featuredmedia":[{"embeddable":true,"href":"https:\/\/www.meninasereia.com.br\/pt-br\/wp-json\/wp\/v2\/media\/3213"}],"wp:attachment":[{"href":"https:\/\/www.meninasereia.com.br\/pt-br\/wp-json\/wp\/v2\/media?parent=3206"}],"wp:term":[{"taxonomy":"product_brand","embeddable":true,"href":"https:\/\/www.meninasereia.com.br\/pt-br\/wp-json\/wp\/v2\/product_brand?post=3206"},{"taxonomy":"product_cat","embeddable":true,"href":"https:\/\/www.meninasereia.com.br\/pt-br\/wp-json\/wp\/v2\/product_cat?post=3206"},{"taxonomy":"product_tag","embeddable":true,"href":"https:\/\/www.meninasereia.com.br\/pt-br\/wp-json\/wp\/v2\/product_tag?post=3206"}],"curies":[{"name":"wp","href":"https:\/\/api.w.org\/{rel}","templated":true}]}}