{"id":3217,"date":"2017-07-03T01:51:32","date_gmt":"2017-07-03T04:51:32","guid":{"rendered":"http:\/\/meninasereia2.hospedagemdesites.ws\/?post_type=product&#038;p=3217"},"modified":"2017-10-03T07:50:45","modified_gmt":"2017-10-03T10:50:45","slug":"cangatoalha-buzios-multicolorida","status":"publish","type":"product","link":"https:\/\/www.meninasereia.com.br\/pt-br\/produto\/cangatoalha-buzios-multicolorida\/","title":{"rendered":"Canga\/Toalha Menina Sereia Buz\u00edos Multicolorida"},"content":{"rendered":"<p>O diferencial da nossa marca \u00e9 que a sua toalha canga ser\u00e1 sempre \u00fanica, a estampa ser\u00e1 a que voc\u00ea escolheu , mas os pom poms e o atoalhado estaremos sempre diversificando as cores para que a sua toalha canga seja exclusiva. \u00a0Esta Toalha Canga de cores vibrantes, \u00e9 perfeita para ir \u00e0 praia, ao clube, ao piquenique e at\u00e9 mesmo para decorar a sua casa, e deixar-la mais alegre.<\/p>\n","protected":false},"excerpt":{"rendered":"<p class=\"p1\">Um lado 100% Viscose Outro lado 100% Algod\u00e3o Tecido Felpudo Pom Pom e Tassel<\/p>\n<p class=\"p1\">Tamanho: Altura 1,40 x Largura 1,00<\/p>\n","protected":false},"featured_media":3226,"template":"","meta":[],"product_brand":[],"product_cat":[47],"product_tag":[49,50,48],"class_list":{"0":"post-3217","1":"product","2":"type-product","3":"status-publish","4":"has-post-thumbnail","6":"product_cat-toalhas-cangas","7":"product_tag-menina-sereia","8":"product_tag-multicolorido","9":"product_tag-toalhas-cangas","11":"first","12":"outofstock","13":"shipping-taxable","14":"purchasable","15":"product-type-simple"},"_links":{"self":[{"href":"https:\/\/www.meninasereia.com.br\/pt-br\/wp-json\/wp\/v2\/product\/3217","targetHints":{"allow":["GET"]}}],"collection":[{"href":"https:\/\/www.meninasereia.com.br\/pt-br\/wp-json\/wp\/v2\/product"}],"about":[{"href":"https:\/\/www.meninasereia.com.br\/pt-br\/wp-json\/wp\/v2\/types\/product"}],"wp:featuredmedia":[{"embeddable":true,"href":"https:\/\/www.meninasereia.com.br\/pt-br\/wp-json\/wp\/v2\/media\/3226"}],"wp:attachment":[{"href":"https:\/\/www.meninasereia.com.br\/pt-br\/wp-json\/wp\/v2\/media?parent=3217"}],"wp:term":[{"taxonomy":"product_brand","embeddable":true,"href":"https:\/\/www.meninasereia.com.br\/pt-br\/wp-json\/wp\/v2\/product_brand?post=3217"},{"taxonomy":"product_cat","embeddable":true,"href":"https:\/\/www.meninasereia.com.br\/pt-br\/wp-json\/wp\/v2\/product_cat?post=3217"},{"taxonomy":"product_tag","embeddable":true,"href":"https:\/\/www.meninasereia.com.br\/pt-br\/wp-json\/wp\/v2\/product_tag?post=3217"}],"curies":[{"name":"wp","href":"https:\/\/api.w.org\/{rel}","templated":true}]}}