{"id":3231,"date":"2017-07-03T01:59:31","date_gmt":"2017-07-03T04:59:31","guid":{"rendered":"http:\/\/meninasereia2.hospedagemdesites.ws\/?post_type=product&#038;p=3231"},"modified":"2017-10-23T11:47:56","modified_gmt":"2017-10-23T14:47:56","slug":"cangatoalha-menina-sereia-king-protea-multicolorida","status":"publish","type":"product","link":"https:\/\/www.meninasereia.com.br\/pt-br\/produto\/cangatoalha-menina-sereia-king-protea-multicolorida\/","title":{"rendered":"Canga\/Toalha Menina Sereia King Protea Multicolorida"},"content":{"rendered":"<p class=\"product-information-description\">As flores mais bonitas do mundo est\u00e3o na ponta da \u00c1frica do Sul a cidade do\u00a0Cabo \u00e9 um ecossistema extraordin\u00e1rio e um dos mais ricos do planeta em biodiversidade.<br \/>\nO nome da nossa Toalha Canga com cores Africanas nos levou a mergulhar em uma viagem no mundo das flores dessa fam\u00edlia, da Potrea, a King Protea, a mais exuberante de todas. Sua flor, de p\u00e9talas rosadas, pode chegar a 30 cm de di\u00e2metro e se mant\u00eam aberta durante semanas. A King Protea \u00e9 o rei da fam\u00edlia das Prote\u00e1ceas, que compreende 115 s\u00faditos (61% s\u00e3o sul-africanos) e \u00e9 reverenciada como flor nacional. A planta assemelha-se a uma alcachofra vermelha, apar\u00eancia que sugeriu o nome para a esp\u00e9cie \u2013 cyranoides \u2013 ou seja, \u201ccomo uma alcachofra\u201d. Contrastando com as folhas verdes, grossas e escuras, cada esp\u00e9cie desabrocha uma diferente joia. Os estames de cores vivas \u2013 vermelho, laranja ou amarelo \u2013 abrem-se como que querendo revelar a magia da natureza.<\/p>\n","protected":false},"excerpt":{"rendered":"<p class=\"p1\">Um lado 100% Viscose Outro lado 100% Algod\u00e3o Tecido Felpudo Pom Pom e Tassel<\/p>\n<p class=\"p1\">Tamanho: Altura 1,40 x Largura 1,00<\/p>\n","protected":false},"featured_media":3232,"template":"","meta":[],"product_brand":[],"product_cat":[47,101],"product_tag":[49,50,48],"class_list":{"0":"post-3231","1":"product","2":"type-product","3":"status-publish","4":"has-post-thumbnail","6":"product_cat-toalhas-cangas","7":"product_cat-adulto","8":"product_tag-menina-sereia","9":"product_tag-multicolorido","10":"product_tag-toalhas-cangas","12":"first","13":"outofstock","14":"shipping-taxable","15":"purchasable","16":"product-type-simple"},"_links":{"self":[{"href":"https:\/\/www.meninasereia.com.br\/pt-br\/wp-json\/wp\/v2\/product\/3231","targetHints":{"allow":["GET"]}}],"collection":[{"href":"https:\/\/www.meninasereia.com.br\/pt-br\/wp-json\/wp\/v2\/product"}],"about":[{"href":"https:\/\/www.meninasereia.com.br\/pt-br\/wp-json\/wp\/v2\/types\/product"}],"wp:featuredmedia":[{"embeddable":true,"href":"https:\/\/www.meninasereia.com.br\/pt-br\/wp-json\/wp\/v2\/media\/3232"}],"wp:attachment":[{"href":"https:\/\/www.meninasereia.com.br\/pt-br\/wp-json\/wp\/v2\/media?parent=3231"}],"wp:term":[{"taxonomy":"product_brand","embeddable":true,"href":"https:\/\/www.meninasereia.com.br\/pt-br\/wp-json\/wp\/v2\/product_brand?post=3231"},{"taxonomy":"product_cat","embeddable":true,"href":"https:\/\/www.meninasereia.com.br\/pt-br\/wp-json\/wp\/v2\/product_cat?post=3231"},{"taxonomy":"product_tag","embeddable":true,"href":"https:\/\/www.meninasereia.com.br\/pt-br\/wp-json\/wp\/v2\/product_tag?post=3231"}],"curies":[{"name":"wp","href":"https:\/\/api.w.org\/{rel}","templated":true}]}}