{"id":3243,"date":"2017-07-03T19:24:37","date_gmt":"2017-07-03T22:24:37","guid":{"rendered":"http:\/\/meninasereia2.hospedagemdesites.ws\/?post_type=product&#038;p=3243"},"modified":"2018-01-24T13:19:20","modified_gmt":"2018-01-24T16:19:20","slug":"canga-menina-sereia-koh-tao-multicolorida","status":"publish","type":"product","link":"https:\/\/www.meninasereia.com.br\/pt-br\/produto\/canga-menina-sereia-koh-tao-multicolorida\/","title":{"rendered":"Canga Menina Sereia Koh Tao Multicolorida"},"content":{"rendered":"<p>O diferencial da nossa marca \u00e9 que a sua canga vai ser \u00fanica, a estampa ser\u00e1 a que voc\u00ea escolheu , mas os pom poms e os tassels estaremos sempre diversificando as cores para que a sua canga seja \u00fanica. Esta Canga de cores vibrantes, \u00e9 perfeita para ir \u00e0 praia, ao clube e para dar um toque no seu look.<\/p>\n","protected":false},"excerpt":{"rendered":"<p>100% Viscose Pom Pom e Tassel<\/p>\n<p>Tamanho: Altura 1,40 x Largura 1,40<\/p>\n","protected":false},"featured_media":3244,"template":"","meta":[],"product_brand":[],"product_cat":[53],"product_tag":[62,49,50],"class_list":{"0":"post-3243","1":"product","2":"type-product","3":"status-publish","4":"has-post-thumbnail","6":"product_cat-cangas","7":"product_tag-cangas","8":"product_tag-menina-sereia","9":"product_tag-multicolorido","11":"first","12":"outofstock","13":"sale","14":"shipping-taxable","15":"purchasable","16":"product-type-simple"},"_links":{"self":[{"href":"https:\/\/www.meninasereia.com.br\/pt-br\/wp-json\/wp\/v2\/product\/3243","targetHints":{"allow":["GET"]}}],"collection":[{"href":"https:\/\/www.meninasereia.com.br\/pt-br\/wp-json\/wp\/v2\/product"}],"about":[{"href":"https:\/\/www.meninasereia.com.br\/pt-br\/wp-json\/wp\/v2\/types\/product"}],"wp:featuredmedia":[{"embeddable":true,"href":"https:\/\/www.meninasereia.com.br\/pt-br\/wp-json\/wp\/v2\/media\/3244"}],"wp:attachment":[{"href":"https:\/\/www.meninasereia.com.br\/pt-br\/wp-json\/wp\/v2\/media?parent=3243"}],"wp:term":[{"taxonomy":"product_brand","embeddable":true,"href":"https:\/\/www.meninasereia.com.br\/pt-br\/wp-json\/wp\/v2\/product_brand?post=3243"},{"taxonomy":"product_cat","embeddable":true,"href":"https:\/\/www.meninasereia.com.br\/pt-br\/wp-json\/wp\/v2\/product_cat?post=3243"},{"taxonomy":"product_tag","embeddable":true,"href":"https:\/\/www.meninasereia.com.br\/pt-br\/wp-json\/wp\/v2\/product_tag?post=3243"}],"curies":[{"name":"wp","href":"https:\/\/api.w.org\/{rel}","templated":true}]}}