{"id":3332,"date":"2017-07-04T01:50:50","date_gmt":"2017-07-04T04:50:50","guid":{"rendered":"http:\/\/meninasereia2.hospedagemdesites.ws\/?post_type=product&#038;p=3332"},"modified":"2018-04-15T15:33:51","modified_gmt":"2018-04-15T18:33:51","slug":"cangatoalha-menina-sereia-gardenia-multicolorida","status":"publish","type":"product","link":"https:\/\/www.meninasereia.com.br\/pt-br\/produto\/cangatoalha-menina-sereia-gardenia-multicolorida\/","title":{"rendered":"Canga\/Toalha Menina Sereia Gard\u00eania Multicolorida"},"content":{"rendered":"<p class=\"product-information-description\">O nome dado a Toalha Canga Gard\u00eania vem de uma flor origin\u00e1ria da China, que pode significar pureza, sinceridade, do\u00e7ura e tamb\u00e9m pode ser o s\u00edmbolo de um amor secreto e sinceridade. Esta planta ornamental pertence \u00e0 fam\u00edlia das rubi\u00e1ceas e apresenta grandes e belas flores brancas. Com o passar do tempo, as suas p\u00e9talas ganham uma tonalidade creme. Relativamente \u00e0 sua simbologia, a gard\u00eania \u00e9 muito usada por pessoas que querem demonstrar os seus sentimentos. O que torna est\u00e1 \u00a0Toalha Canga n\u00e3o s\u00f3 um presente perfeito para pessoa amada como um lindo acess\u00f3rio de praia, campo ou decora\u00e7\u00e3o.<\/p>\n","protected":false},"excerpt":{"rendered":"<p class=\"product-information-description\">\u200bUm lado 100% Viscose Outro lado 100% Algod\u00e3o Tecido Felpudo Pom Pom e Tassel<br \/>\nTamanho 1,40 x 1,00<\/p>\n","protected":false},"featured_media":3333,"template":"","meta":[],"product_brand":[],"product_cat":[47,101],"product_tag":[73,61,49,50,48],"class_list":{"0":"post-3332","1":"product","2":"type-product","3":"status-publish","4":"has-post-thumbnail","6":"product_cat-toalhas-cangas","7":"product_cat-adulto","8":"product_tag-canga-atoalhada","9":"product_tag-feminino","10":"product_tag-menina-sereia","11":"product_tag-multicolorido","12":"product_tag-toalhas-cangas","14":"first","15":"outofstock","16":"shipping-taxable","17":"purchasable","18":"product-type-simple"},"_links":{"self":[{"href":"https:\/\/www.meninasereia.com.br\/pt-br\/wp-json\/wp\/v2\/product\/3332","targetHints":{"allow":["GET"]}}],"collection":[{"href":"https:\/\/www.meninasereia.com.br\/pt-br\/wp-json\/wp\/v2\/product"}],"about":[{"href":"https:\/\/www.meninasereia.com.br\/pt-br\/wp-json\/wp\/v2\/types\/product"}],"wp:featuredmedia":[{"embeddable":true,"href":"https:\/\/www.meninasereia.com.br\/pt-br\/wp-json\/wp\/v2\/media\/3333"}],"wp:attachment":[{"href":"https:\/\/www.meninasereia.com.br\/pt-br\/wp-json\/wp\/v2\/media?parent=3332"}],"wp:term":[{"taxonomy":"product_brand","embeddable":true,"href":"https:\/\/www.meninasereia.com.br\/pt-br\/wp-json\/wp\/v2\/product_brand?post=3332"},{"taxonomy":"product_cat","embeddable":true,"href":"https:\/\/www.meninasereia.com.br\/pt-br\/wp-json\/wp\/v2\/product_cat?post=3332"},{"taxonomy":"product_tag","embeddable":true,"href":"https:\/\/www.meninasereia.com.br\/pt-br\/wp-json\/wp\/v2\/product_tag?post=3332"}],"curies":[{"name":"wp","href":"https:\/\/api.w.org\/{rel}","templated":true}]}}