{"id":3369,"date":"2017-07-04T19:36:24","date_gmt":"2017-07-04T22:36:24","guid":{"rendered":"http:\/\/meninasereia2.hospedagemdesites.ws\/?post_type=product&#038;p=3369"},"modified":"2017-12-08T11:27:55","modified_gmt":"2017-12-08T14:27:55","slug":"calca-tecido-menina-sereia-bali-turquesa","status":"publish","type":"product","link":"https:\/\/www.meninasereia.com.br\/pt-br\/produto\/calca-tecido-menina-sereia-bali-turquesa\/","title":{"rendered":"Cal\u00e7a Tecido Menina Sereia Bali Turquesa"},"content":{"rendered":"<p>Esse cal\u00e7a \u00e9 perfeito para aquela hora de lazer; passear no parque, ir \u00e0 praia, para aquela viagem ao campo e para os dias ensolarados.<\/p>\n","protected":false},"excerpt":{"rendered":"<p class=\"title title-39\">\u00a0100% Algod\u00e3o<\/p>\n","protected":false},"featured_media":3370,"template":"","meta":[],"product_brand":[],"product_cat":[80],"product_tag":[81,61,49,50],"class_list":{"0":"post-3369","1":"product","2":"type-product","3":"status-publish","4":"has-post-thumbnail","6":"product_cat-calcas","7":"product_tag-calcas","8":"product_tag-feminino","9":"product_tag-menina-sereia","10":"product_tag-multicolorido","12":"first","13":"outofstock","14":"sale","15":"shipping-taxable","16":"purchasable","17":"product-type-simple"},"_links":{"self":[{"href":"https:\/\/www.meninasereia.com.br\/pt-br\/wp-json\/wp\/v2\/product\/3369","targetHints":{"allow":["GET"]}}],"collection":[{"href":"https:\/\/www.meninasereia.com.br\/pt-br\/wp-json\/wp\/v2\/product"}],"about":[{"href":"https:\/\/www.meninasereia.com.br\/pt-br\/wp-json\/wp\/v2\/types\/product"}],"wp:featuredmedia":[{"embeddable":true,"href":"https:\/\/www.meninasereia.com.br\/pt-br\/wp-json\/wp\/v2\/media\/3370"}],"wp:attachment":[{"href":"https:\/\/www.meninasereia.com.br\/pt-br\/wp-json\/wp\/v2\/media?parent=3369"}],"wp:term":[{"taxonomy":"product_brand","embeddable":true,"href":"https:\/\/www.meninasereia.com.br\/pt-br\/wp-json\/wp\/v2\/product_brand?post=3369"},{"taxonomy":"product_cat","embeddable":true,"href":"https:\/\/www.meninasereia.com.br\/pt-br\/wp-json\/wp\/v2\/product_cat?post=3369"},{"taxonomy":"product_tag","embeddable":true,"href":"https:\/\/www.meninasereia.com.br\/pt-br\/wp-json\/wp\/v2\/product_tag?post=3369"}],"curies":[{"name":"wp","href":"https:\/\/api.w.org\/{rel}","templated":true}]}}