{"id":3388,"date":"2017-07-04T20:05:47","date_gmt":"2017-07-04T23:05:47","guid":{"rendered":"http:\/\/meninasereia2.hospedagemdesites.ws\/?post_type=product&#038;p=3388"},"modified":"2017-12-08T11:27:34","modified_gmt":"2017-12-08T14:27:34","slug":"calca-tecido-menina-sereia-bali-verde-mar","status":"publish","type":"product","link":"https:\/\/www.meninasereia.com.br\/pt-br\/produto\/calca-tecido-menina-sereia-bali-verde-mar\/","title":{"rendered":"Cal\u00e7a Tecido Menina Sereia Bali Verde Mar"},"content":{"rendered":"<p class=\"product-information-description\">Essa cal\u00e7a \u00e9 perfeita para aquela hora de lazer; passear no parque, ir \u00e0 praia, para aquela viagem ao campo e para os dias ensolarados.<\/p>\n","protected":false},"excerpt":{"rendered":"<p>100% Algod\u00e30<\/p>\n","protected":false},"featured_media":3389,"template":"","meta":[],"product_brand":[],"product_cat":[80],"product_tag":[81,61,49,50],"class_list":{"0":"post-3388","1":"product","2":"type-product","3":"status-publish","4":"has-post-thumbnail","6":"product_cat-calcas","7":"product_tag-calcas","8":"product_tag-feminino","9":"product_tag-menina-sereia","10":"product_tag-multicolorido","12":"first","13":"outofstock","14":"sale","15":"shipping-taxable","16":"purchasable","17":"product-type-simple"},"_links":{"self":[{"href":"https:\/\/www.meninasereia.com.br\/pt-br\/wp-json\/wp\/v2\/product\/3388","targetHints":{"allow":["GET"]}}],"collection":[{"href":"https:\/\/www.meninasereia.com.br\/pt-br\/wp-json\/wp\/v2\/product"}],"about":[{"href":"https:\/\/www.meninasereia.com.br\/pt-br\/wp-json\/wp\/v2\/types\/product"}],"wp:featuredmedia":[{"embeddable":true,"href":"https:\/\/www.meninasereia.com.br\/pt-br\/wp-json\/wp\/v2\/media\/3389"}],"wp:attachment":[{"href":"https:\/\/www.meninasereia.com.br\/pt-br\/wp-json\/wp\/v2\/media?parent=3388"}],"wp:term":[{"taxonomy":"product_brand","embeddable":true,"href":"https:\/\/www.meninasereia.com.br\/pt-br\/wp-json\/wp\/v2\/product_brand?post=3388"},{"taxonomy":"product_cat","embeddable":true,"href":"https:\/\/www.meninasereia.com.br\/pt-br\/wp-json\/wp\/v2\/product_cat?post=3388"},{"taxonomy":"product_tag","embeddable":true,"href":"https:\/\/www.meninasereia.com.br\/pt-br\/wp-json\/wp\/v2\/product_tag?post=3388"}],"curies":[{"name":"wp","href":"https:\/\/api.w.org\/{rel}","templated":true}]}}