{"id":3432,"date":"2017-07-04T21:09:41","date_gmt":"2017-07-05T00:09:41","guid":{"rendered":"http:\/\/meninasereia2.hospedagemdesites.ws\/?post_type=product&#038;p=3432"},"modified":"2017-09-28T17:19:15","modified_gmt":"2017-09-28T20:19:15","slug":"bolsa-transversal-menina-sereia-lilas-e-azul-royal","status":"publish","type":"product","link":"https:\/\/www.meninasereia.com.br\/pt-br\/produto\/bolsa-transversal-menina-sereia-lilas-e-azul-royal\/","title":{"rendered":"Bolsa Transversal Menina Sereia Lil\u00e1s e Azul Royal"},"content":{"rendered":"<p>Bolsa transversal feita \u00e0 m\u00e3o, para dar um toque hippie chic ao seu look do dia.<\/p>\n","protected":false},"excerpt":{"rendered":"<p class=\"title title-39\">100% Poli\u00e9ster<\/p>\n","protected":false},"featured_media":3433,"template":"","meta":[],"product_brand":[],"product_cat":[103],"product_tag":[84,83,61,49,50],"class_list":{"0":"post-3432","1":"product","2":"type-product","3":"status-publish","4":"has-post-thumbnail","6":"product_cat-bolsas","7":"product_tag-bolsa","8":"product_tag-bolsa-transversal","9":"product_tag-feminino","10":"product_tag-menina-sereia","11":"product_tag-multicolorido","13":"first","14":"outofstock","15":"shipping-taxable","16":"purchasable","17":"product-type-simple"},"_links":{"self":[{"href":"https:\/\/www.meninasereia.com.br\/pt-br\/wp-json\/wp\/v2\/product\/3432","targetHints":{"allow":["GET"]}}],"collection":[{"href":"https:\/\/www.meninasereia.com.br\/pt-br\/wp-json\/wp\/v2\/product"}],"about":[{"href":"https:\/\/www.meninasereia.com.br\/pt-br\/wp-json\/wp\/v2\/types\/product"}],"wp:featuredmedia":[{"embeddable":true,"href":"https:\/\/www.meninasereia.com.br\/pt-br\/wp-json\/wp\/v2\/media\/3433"}],"wp:attachment":[{"href":"https:\/\/www.meninasereia.com.br\/pt-br\/wp-json\/wp\/v2\/media?parent=3432"}],"wp:term":[{"taxonomy":"product_brand","embeddable":true,"href":"https:\/\/www.meninasereia.com.br\/pt-br\/wp-json\/wp\/v2\/product_brand?post=3432"},{"taxonomy":"product_cat","embeddable":true,"href":"https:\/\/www.meninasereia.com.br\/pt-br\/wp-json\/wp\/v2\/product_cat?post=3432"},{"taxonomy":"product_tag","embeddable":true,"href":"https:\/\/www.meninasereia.com.br\/pt-br\/wp-json\/wp\/v2\/product_tag?post=3432"}],"curies":[{"name":"wp","href":"https:\/\/api.w.org\/{rel}","templated":true}]}}