{"id":3471,"date":"2017-07-17T22:38:34","date_gmt":"2017-07-18T01:38:34","guid":{"rendered":"http:\/\/meninasereia2.hospedagemdesites.ws\/?post_type=product&#038;p=3471"},"modified":"2020-01-29T17:51:38","modified_gmt":"2020-01-29T20:51:38","slug":"kimono-menina-sereia-itacare-multicolorido","status":"publish","type":"product","link":"https:\/\/www.meninasereia.com.br\/pt-br\/produto\/kimono-menina-sereia-itacare-multicolorido\/","title":{"rendered":"Kimono Menina Sereia Itacar\u00e9 Multicolorido"},"content":{"rendered":"<p>Kimono Menina Sereia Itacar\u00e9 Multicolorida Tamanho \u00danico<\/p>\n","protected":false},"excerpt":{"rendered":"<p>Kimono Menina Sereia Itacar\u00e9 Multicolorida Tamanho \u00danico<\/p>\n","protected":false},"featured_media":3472,"template":"","meta":[],"product_brand":[],"product_cat":[85],"product_tag":[61,86,49,50,96,64],"class_list":{"0":"post-3471","1":"product","2":"type-product","3":"status-publish","4":"has-post-thumbnail","6":"product_cat-kimonos","7":"product_tag-feminino","8":"product_tag-kimono","9":"product_tag-menina-sereia","10":"product_tag-multicolorido","11":"product_tag-quimono","12":"product_tag-tunica","14":"first","15":"outofstock","16":"taxable","17":"shipping-taxable","18":"purchasable","19":"product-type-simple"},"_links":{"self":[{"href":"https:\/\/www.meninasereia.com.br\/pt-br\/wp-json\/wp\/v2\/product\/3471","targetHints":{"allow":["GET"]}}],"collection":[{"href":"https:\/\/www.meninasereia.com.br\/pt-br\/wp-json\/wp\/v2\/product"}],"about":[{"href":"https:\/\/www.meninasereia.com.br\/pt-br\/wp-json\/wp\/v2\/types\/product"}],"wp:featuredmedia":[{"embeddable":true,"href":"https:\/\/www.meninasereia.com.br\/pt-br\/wp-json\/wp\/v2\/media\/3472"}],"wp:attachment":[{"href":"https:\/\/www.meninasereia.com.br\/pt-br\/wp-json\/wp\/v2\/media?parent=3471"}],"wp:term":[{"taxonomy":"product_brand","embeddable":true,"href":"https:\/\/www.meninasereia.com.br\/pt-br\/wp-json\/wp\/v2\/product_brand?post=3471"},{"taxonomy":"product_cat","embeddable":true,"href":"https:\/\/www.meninasereia.com.br\/pt-br\/wp-json\/wp\/v2\/product_cat?post=3471"},{"taxonomy":"product_tag","embeddable":true,"href":"https:\/\/www.meninasereia.com.br\/pt-br\/wp-json\/wp\/v2\/product_tag?post=3471"}],"curies":[{"name":"wp","href":"https:\/\/api.w.org\/{rel}","templated":true}]}}