{"id":3498,"date":"2017-07-18T00:44:58","date_gmt":"2017-07-18T03:44:58","guid":{"rendered":"http:\/\/meninasereia2.hospedagemdesites.ws\/?post_type=product&#038;p=3498"},"modified":"2019-03-05T10:25:31","modified_gmt":"2019-03-05T13:25:31","slug":"cangatoalha-menina-sereia-black-river-mae-e-filha-multicolorida","status":"publish","type":"product","link":"https:\/\/www.meninasereia.com.br\/pt-br\/produto\/cangatoalha-menina-sereia-black-river-mae-e-filha-multicolorida\/","title":{"rendered":"Canga\/ Toalha Menina Sereia Black River M\u00e3e e Filha Multicolorida"},"content":{"rendered":"<p>Este kit com duas Toalhas Cangas Adulto e Infantil de cores vibrantes s\u00e3o perfeitas para te acompanhar \u00e0 praia, ao clube, ao piquenique e estar presente em todos os momentos de sua vida, junto com a pessoa que voc\u00ea mais ama, seus filhos. At\u00e9 mesmo para decorar a casa de voc\u00eas, e deixar-la mais alegre.<\/p>\n","protected":false},"excerpt":{"rendered":"<p>Kit com 2 Toalhas Cangas (Tamanho Adulto e Infantil)<\/p>\n<p>Um lado 100% Viscose Outro lado 100% Algod\u00e3o, Tecido Felpudo, Pom Pom e Tassel.<\/p>\n","protected":false},"featured_media":3499,"template":"","meta":[],"product_brand":[],"product_cat":[47,104],"product_tag":[73,61,100,49,50,94,92],"class_list":{"0":"post-3498","1":"product","2":"type-product","3":"status-publish","4":"has-post-thumbnail","6":"product_cat-toalhas-cangas","7":"product_cat-mae-e-filha","8":"product_tag-canga-atoalhada","9":"product_tag-feminino","10":"product_tag-mae-e-filha","11":"product_tag-menina-sereia","12":"product_tag-multicolorido","13":"product_tag-toalha-canga","14":"product_tag-toalha-canga-infantil","16":"first","17":"outofstock","18":"taxable","19":"shipping-taxable","20":"purchasable","21":"product-type-simple"},"_links":{"self":[{"href":"https:\/\/www.meninasereia.com.br\/pt-br\/wp-json\/wp\/v2\/product\/3498","targetHints":{"allow":["GET"]}}],"collection":[{"href":"https:\/\/www.meninasereia.com.br\/pt-br\/wp-json\/wp\/v2\/product"}],"about":[{"href":"https:\/\/www.meninasereia.com.br\/pt-br\/wp-json\/wp\/v2\/types\/product"}],"wp:featuredmedia":[{"embeddable":true,"href":"https:\/\/www.meninasereia.com.br\/pt-br\/wp-json\/wp\/v2\/media\/3499"}],"wp:attachment":[{"href":"https:\/\/www.meninasereia.com.br\/pt-br\/wp-json\/wp\/v2\/media?parent=3498"}],"wp:term":[{"taxonomy":"product_brand","embeddable":true,"href":"https:\/\/www.meninasereia.com.br\/pt-br\/wp-json\/wp\/v2\/product_brand?post=3498"},{"taxonomy":"product_cat","embeddable":true,"href":"https:\/\/www.meninasereia.com.br\/pt-br\/wp-json\/wp\/v2\/product_cat?post=3498"},{"taxonomy":"product_tag","embeddable":true,"href":"https:\/\/www.meninasereia.com.br\/pt-br\/wp-json\/wp\/v2\/product_tag?post=3498"}],"curies":[{"name":"wp","href":"https:\/\/api.w.org\/{rel}","templated":true}]}}