{"id":3525,"date":"2017-07-20T17:18:25","date_gmt":"2017-07-20T20:18:25","guid":{"rendered":"http:\/\/meninasereia2.hospedagemdesites.ws\/?post_type=product&#038;p=3525"},"modified":"2017-11-19T12:49:22","modified_gmt":"2017-11-19T15:49:22","slug":"cangatoalha-menina-sereia-iris-infantil-multicolorida","status":"publish","type":"product","link":"https:\/\/www.meninasereia.com.br\/pt-br\/produto\/cangatoalha-menina-sereia-iris-infantil-multicolorida\/","title":{"rendered":"Canga\/ Toalha Menina Sereia \u00cdris Infantil Multicolorida"},"content":{"rendered":"<p>Esta Toalha Canga de cores vibrantes \u00e9 perfeita para te acompanhar \u00e0 praia, ao clube, ao piquenique e estar presente em todos os momentos de sua vida. At\u00e9 mesmo \u00a0para decorar a sua casa, e deixar-la mais alegre.<\/p>\n","protected":false},"excerpt":{"rendered":"<p>Esta Toalha Canga de cores vibrantes \u00e9 perfeita para te acompanhar \u00e0 praia, ao clube, ao piquenique e estar presente em todos os momentos de sua vida. At\u00e9 mesmo \u00a0para decorar a sua casa, e deixar-la mais alegre.<\/p>\n","protected":false},"featured_media":3526,"template":"","meta":[],"product_brand":[],"product_cat":[47,90],"product_tag":[73,61,49,50,94,92,91],"class_list":{"0":"post-3525","1":"product","2":"type-product","3":"status-publish","4":"has-post-thumbnail","6":"product_cat-toalhas-cangas","7":"product_cat-infantil","8":"product_tag-canga-atoalhada","9":"product_tag-feminino","10":"product_tag-menina-sereia","11":"product_tag-multicolorido","12":"product_tag-toalha-canga","13":"product_tag-toalha-canga-infantil","14":"product_tag-unissex","16":"first","17":"outofstock","18":"shipping-taxable","19":"purchasable","20":"product-type-simple"},"_links":{"self":[{"href":"https:\/\/www.meninasereia.com.br\/pt-br\/wp-json\/wp\/v2\/product\/3525","targetHints":{"allow":["GET"]}}],"collection":[{"href":"https:\/\/www.meninasereia.com.br\/pt-br\/wp-json\/wp\/v2\/product"}],"about":[{"href":"https:\/\/www.meninasereia.com.br\/pt-br\/wp-json\/wp\/v2\/types\/product"}],"wp:featuredmedia":[{"embeddable":true,"href":"https:\/\/www.meninasereia.com.br\/pt-br\/wp-json\/wp\/v2\/media\/3526"}],"wp:attachment":[{"href":"https:\/\/www.meninasereia.com.br\/pt-br\/wp-json\/wp\/v2\/media?parent=3525"}],"wp:term":[{"taxonomy":"product_brand","embeddable":true,"href":"https:\/\/www.meninasereia.com.br\/pt-br\/wp-json\/wp\/v2\/product_brand?post=3525"},{"taxonomy":"product_cat","embeddable":true,"href":"https:\/\/www.meninasereia.com.br\/pt-br\/wp-json\/wp\/v2\/product_cat?post=3525"},{"taxonomy":"product_tag","embeddable":true,"href":"https:\/\/www.meninasereia.com.br\/pt-br\/wp-json\/wp\/v2\/product_tag?post=3525"}],"curies":[{"name":"wp","href":"https:\/\/api.w.org\/{rel}","templated":true}]}}