{"id":3541,"date":"2017-07-20T17:45:47","date_gmt":"2017-07-20T20:45:47","guid":{"rendered":"http:\/\/meninasereia2.hospedagemdesites.ws\/?post_type=product&#038;p=3541"},"modified":"2020-01-29T17:51:39","modified_gmt":"2020-01-29T20:51:39","slug":"cangatoalha-menina-sereia-itacare-infantil-multicolorida","status":"publish","type":"product","link":"https:\/\/www.meninasereia.com.br\/pt-br\/produto\/cangatoalha-menina-sereia-itacare-infantil-multicolorida\/","title":{"rendered":"Canga\/ Toalha Menina Sereia Itacar\u00e9 Infantil Multicolorida"},"content":{"rendered":"<p>Esta Toalha Canga de cores vibrantes \u00e9 perfeita para te acompanhar \u00e0 praia, ao clube, ao piquenique e estar presente em todos os momentos de sua vida. At\u00e9 mesmo \u00a0para decorar a sua casa, e deixar-la mais alegre.<\/p>\n","protected":false},"excerpt":{"rendered":"<p>Um lado 100% Viscose Outro lado 100% Algod\u00e3o, Tecido Felpudo, Pom Pom e Tassel.<\/p>\n","protected":false},"featured_media":3542,"template":"","meta":[],"product_brand":[],"product_cat":[47,90],"product_tag":[73,61,49,50,94,92,91],"class_list":{"0":"post-3541","1":"product","2":"type-product","3":"status-publish","4":"has-post-thumbnail","6":"product_cat-toalhas-cangas","7":"product_cat-infantil","8":"product_tag-canga-atoalhada","9":"product_tag-feminino","10":"product_tag-menina-sereia","11":"product_tag-multicolorido","12":"product_tag-toalha-canga","13":"product_tag-toalha-canga-infantil","14":"product_tag-unissex","16":"first","17":"outofstock","18":"shipping-taxable","19":"purchasable","20":"product-type-simple"},"_links":{"self":[{"href":"https:\/\/www.meninasereia.com.br\/pt-br\/wp-json\/wp\/v2\/product\/3541","targetHints":{"allow":["GET"]}}],"collection":[{"href":"https:\/\/www.meninasereia.com.br\/pt-br\/wp-json\/wp\/v2\/product"}],"about":[{"href":"https:\/\/www.meninasereia.com.br\/pt-br\/wp-json\/wp\/v2\/types\/product"}],"wp:featuredmedia":[{"embeddable":true,"href":"https:\/\/www.meninasereia.com.br\/pt-br\/wp-json\/wp\/v2\/media\/3542"}],"wp:attachment":[{"href":"https:\/\/www.meninasereia.com.br\/pt-br\/wp-json\/wp\/v2\/media?parent=3541"}],"wp:term":[{"taxonomy":"product_brand","embeddable":true,"href":"https:\/\/www.meninasereia.com.br\/pt-br\/wp-json\/wp\/v2\/product_brand?post=3541"},{"taxonomy":"product_cat","embeddable":true,"href":"https:\/\/www.meninasereia.com.br\/pt-br\/wp-json\/wp\/v2\/product_cat?post=3541"},{"taxonomy":"product_tag","embeddable":true,"href":"https:\/\/www.meninasereia.com.br\/pt-br\/wp-json\/wp\/v2\/product_tag?post=3541"}],"curies":[{"name":"wp","href":"https:\/\/api.w.org\/{rel}","templated":true}]}}