{"id":4522,"date":"2018-01-24T01:32:18","date_gmt":"2018-01-24T04:32:18","guid":{"rendered":"http:\/\/www.meninasereia.com.br\/?post_type=product&#038;p=4522"},"modified":"2021-05-01T00:04:54","modified_gmt":"2021-05-01T03:04:54","slug":"kimono-menina-sereia-vitoria-regia-multicolorido","status":"publish","type":"product","link":"https:\/\/www.meninasereia.com.br\/pt-br\/produto\/kimono-menina-sereia-vitoria-regia-multicolorido\/","title":{"rendered":"Kimono Menina Sereia Vit\u00f3ria R\u00e9gia Multicolorido"},"content":{"rendered":"<p>O Kimono Vit\u00f3ria R\u00e9gia \u00e9 uma pe\u00e7a chave para se ter em seu guarda roupa. Com uma estampa alegre e divertida voc\u00ea vai arrasar onde passar. Modelagem reta, manga curta e decote v.<\/p>\n","protected":false},"excerpt":{"rendered":"<p>O Kimono Vit\u00f3ria R\u00e9gia \u00e9 uma pe\u00e7a chave para se ter em seu guarda roupa. Com uma estampa alegre e divertida voc\u00ea vai arrasar onde passar. Modelagem reta, manga curta e decote v.<\/p>\n","protected":false},"featured_media":4523,"template":"","meta":[],"product_brand":[],"product_cat":[85],"product_tag":[61,86,49,50,91],"class_list":{"0":"post-4522","1":"product","2":"type-product","3":"status-publish","4":"has-post-thumbnail","6":"product_cat-kimonos","7":"product_tag-feminino","8":"product_tag-kimono","9":"product_tag-menina-sereia","10":"product_tag-multicolorido","11":"product_tag-unissex","13":"first","14":"instock","15":"taxable","16":"shipping-taxable","17":"purchasable","18":"product-type-simple"},"_links":{"self":[{"href":"https:\/\/www.meninasereia.com.br\/pt-br\/wp-json\/wp\/v2\/product\/4522","targetHints":{"allow":["GET"]}}],"collection":[{"href":"https:\/\/www.meninasereia.com.br\/pt-br\/wp-json\/wp\/v2\/product"}],"about":[{"href":"https:\/\/www.meninasereia.com.br\/pt-br\/wp-json\/wp\/v2\/types\/product"}],"wp:featuredmedia":[{"embeddable":true,"href":"https:\/\/www.meninasereia.com.br\/pt-br\/wp-json\/wp\/v2\/media\/4523"}],"wp:attachment":[{"href":"https:\/\/www.meninasereia.com.br\/pt-br\/wp-json\/wp\/v2\/media?parent=4522"}],"wp:term":[{"taxonomy":"product_brand","embeddable":true,"href":"https:\/\/www.meninasereia.com.br\/pt-br\/wp-json\/wp\/v2\/product_brand?post=4522"},{"taxonomy":"product_cat","embeddable":true,"href":"https:\/\/www.meninasereia.com.br\/pt-br\/wp-json\/wp\/v2\/product_cat?post=4522"},{"taxonomy":"product_tag","embeddable":true,"href":"https:\/\/www.meninasereia.com.br\/pt-br\/wp-json\/wp\/v2\/product_tag?post=4522"}],"curies":[{"name":"wp","href":"https:\/\/api.w.org\/{rel}","templated":true}]}}