{"id":4658,"date":"2020-03-08T08:00:48","date_gmt":"2020-03-08T11:00:48","guid":{"rendered":"http:\/\/www.meninasereia.com.br\/?post_type=product&#038;p=4658"},"modified":"2021-05-01T00:04:51","modified_gmt":"2021-05-01T03:04:51","slug":"kimono-menina-sereia-atena-multicolorido","status":"publish","type":"product","link":"https:\/\/www.meninasereia.com.br\/pt-br\/produto\/kimono-menina-sereia-atena-multicolorido\/","title":{"rendered":"Kimono Menina Sereia Atena Multicolorido"},"content":{"rendered":"<p>O Kimono B \u00e9 uma pe\u00e7a chave para se ter em seu guarda roupa. Com uma estampa alegre e divertida voc\u00ea vai arrasar onde passar. Modelagem reta, manga curta e decote v.<\/p>\n","protected":false},"excerpt":{"rendered":"<p>Tamanho \u00danico &#8211; Multicolorido<\/p>\n","protected":false},"featured_media":4702,"template":"","meta":[],"product_brand":[],"product_cat":[85],"product_tag":[86,49,96,91],"class_list":{"0":"post-4658","1":"product","2":"type-product","3":"status-publish","4":"has-post-thumbnail","6":"product_cat-kimonos","7":"product_tag-kimono","8":"product_tag-menina-sereia","9":"product_tag-quimono","10":"product_tag-unissex","12":"first","13":"instock","14":"taxable","15":"shipping-taxable","16":"purchasable","17":"product-type-simple"},"_links":{"self":[{"href":"https:\/\/www.meninasereia.com.br\/pt-br\/wp-json\/wp\/v2\/product\/4658","targetHints":{"allow":["GET"]}}],"collection":[{"href":"https:\/\/www.meninasereia.com.br\/pt-br\/wp-json\/wp\/v2\/product"}],"about":[{"href":"https:\/\/www.meninasereia.com.br\/pt-br\/wp-json\/wp\/v2\/types\/product"}],"wp:featuredmedia":[{"embeddable":true,"href":"https:\/\/www.meninasereia.com.br\/pt-br\/wp-json\/wp\/v2\/media\/4702"}],"wp:attachment":[{"href":"https:\/\/www.meninasereia.com.br\/pt-br\/wp-json\/wp\/v2\/media?parent=4658"}],"wp:term":[{"taxonomy":"product_brand","embeddable":true,"href":"https:\/\/www.meninasereia.com.br\/pt-br\/wp-json\/wp\/v2\/product_brand?post=4658"},{"taxonomy":"product_cat","embeddable":true,"href":"https:\/\/www.meninasereia.com.br\/pt-br\/wp-json\/wp\/v2\/product_cat?post=4658"},{"taxonomy":"product_tag","embeddable":true,"href":"https:\/\/www.meninasereia.com.br\/pt-br\/wp-json\/wp\/v2\/product_tag?post=4658"}],"curies":[{"name":"wp","href":"https:\/\/api.w.org\/{rel}","templated":true}]}}