{"id":4665,"date":"2020-03-08T08:00:39","date_gmt":"2020-03-08T11:00:39","guid":{"rendered":"http:\/\/www.meninasereia.com.br\/?post_type=product&#038;p=4665"},"modified":"2021-05-01T00:04:52","modified_gmt":"2021-05-01T03:04:52","slug":"kimono-menina-sereia-d-multicolorido","status":"publish","type":"product","link":"https:\/\/www.meninasereia.com.br\/pt-br\/produto\/kimono-menina-sereia-d-multicolorido\/","title":{"rendered":"Kimono Menina Sereia T\u00e1lassa Multicolorido"},"content":{"rendered":"<p>O Kimono T\u00e1lassa \u00a0\u00e9 uma pe\u00e7a chave para se ter em seu guarda roupa. Com uma estampa alegre e divertida voc\u00ea vai arrasar onde passar. Modelagem reta, manga curta e decote v.<\/p>\n","protected":false},"excerpt":{"rendered":"<p>Tamanho \u00danico &#8211; Multicolorido<\/p>\n","protected":false},"featured_media":4703,"template":"","meta":[],"product_brand":[],"product_cat":[85],"product_tag":[86,49,96,91],"class_list":{"0":"post-4665","1":"product","2":"type-product","3":"status-publish","4":"has-post-thumbnail","6":"product_cat-kimonos","7":"product_tag-kimono","8":"product_tag-menina-sereia","9":"product_tag-quimono","10":"product_tag-unissex","12":"first","13":"instock","14":"taxable","15":"shipping-taxable","16":"purchasable","17":"product-type-simple"},"_links":{"self":[{"href":"https:\/\/www.meninasereia.com.br\/pt-br\/wp-json\/wp\/v2\/product\/4665","targetHints":{"allow":["GET"]}}],"collection":[{"href":"https:\/\/www.meninasereia.com.br\/pt-br\/wp-json\/wp\/v2\/product"}],"about":[{"href":"https:\/\/www.meninasereia.com.br\/pt-br\/wp-json\/wp\/v2\/types\/product"}],"wp:featuredmedia":[{"embeddable":true,"href":"https:\/\/www.meninasereia.com.br\/pt-br\/wp-json\/wp\/v2\/media\/4703"}],"wp:attachment":[{"href":"https:\/\/www.meninasereia.com.br\/pt-br\/wp-json\/wp\/v2\/media?parent=4665"}],"wp:term":[{"taxonomy":"product_brand","embeddable":true,"href":"https:\/\/www.meninasereia.com.br\/pt-br\/wp-json\/wp\/v2\/product_brand?post=4665"},{"taxonomy":"product_cat","embeddable":true,"href":"https:\/\/www.meninasereia.com.br\/pt-br\/wp-json\/wp\/v2\/product_cat?post=4665"},{"taxonomy":"product_tag","embeddable":true,"href":"https:\/\/www.meninasereia.com.br\/pt-br\/wp-json\/wp\/v2\/product_tag?post=4665"}],"curies":[{"name":"wp","href":"https:\/\/api.w.org\/{rel}","templated":true}]}}