{"id":4751,"date":"2020-03-08T08:00:46","date_gmt":"2020-03-08T11:00:46","guid":{"rendered":"http:\/\/www.meninasereia.com.br\/?post_type=product&#038;p=4751"},"modified":"2021-05-01T00:04:37","modified_gmt":"2021-05-01T03:04:37","slug":"canga-toalha-menina-sereia-atena-multicolorida","status":"publish","type":"product","link":"https:\/\/www.meninasereia.com.br\/pt-br\/produto\/canga-toalha-menina-sereia-atena-multicolorida\/","title":{"rendered":"Canga\/ Toalha Menina Sereia Atena Multicolorida"},"content":{"rendered":"<p>Esta Toalha Canga Atena de cores vibrantes \u00e9 perfeita para te acompanhar \u00e0 praia, ao clube, ao piquenique e estar presente em todos os momentos de sua vida. At\u00e9 mesmo \u00a0para decorar a sua casa, e deixar-la mais alegre<\/p>\n","protected":false},"excerpt":{"rendered":"<p>Um lado 100% Viscose Outro lado 100% Algod\u00e3o, Tecido Felpudo, Pom Pom e Tassel.<\/p>\n","protected":false},"featured_media":4698,"template":"","meta":[],"product_brand":[],"product_cat":[47,101],"product_tag":[61,49,50,94,48,91],"class_list":{"0":"post-4751","1":"product","2":"type-product","3":"status-publish","4":"has-post-thumbnail","6":"product_cat-toalhas-cangas","7":"product_cat-adulto","8":"product_tag-feminino","9":"product_tag-menina-sereia","10":"product_tag-multicolorido","11":"product_tag-toalha-canga","12":"product_tag-toalhas-cangas","13":"product_tag-unissex","15":"first","16":"instock","17":"taxable","18":"shipping-taxable","19":"purchasable","20":"product-type-simple"},"_links":{"self":[{"href":"https:\/\/www.meninasereia.com.br\/pt-br\/wp-json\/wp\/v2\/product\/4751","targetHints":{"allow":["GET"]}}],"collection":[{"href":"https:\/\/www.meninasereia.com.br\/pt-br\/wp-json\/wp\/v2\/product"}],"about":[{"href":"https:\/\/www.meninasereia.com.br\/pt-br\/wp-json\/wp\/v2\/types\/product"}],"wp:featuredmedia":[{"embeddable":true,"href":"https:\/\/www.meninasereia.com.br\/pt-br\/wp-json\/wp\/v2\/media\/4698"}],"wp:attachment":[{"href":"https:\/\/www.meninasereia.com.br\/pt-br\/wp-json\/wp\/v2\/media?parent=4751"}],"wp:term":[{"taxonomy":"product_brand","embeddable":true,"href":"https:\/\/www.meninasereia.com.br\/pt-br\/wp-json\/wp\/v2\/product_brand?post=4751"},{"taxonomy":"product_cat","embeddable":true,"href":"https:\/\/www.meninasereia.com.br\/pt-br\/wp-json\/wp\/v2\/product_cat?post=4751"},{"taxonomy":"product_tag","embeddable":true,"href":"https:\/\/www.meninasereia.com.br\/pt-br\/wp-json\/wp\/v2\/product_tag?post=4751"}],"curies":[{"name":"wp","href":"https:\/\/api.w.org\/{rel}","templated":true}]}}