{"id":6474,"date":"2019-04-09T19:14:50","date_gmt":"2019-04-09T22:14:50","guid":{"rendered":"https:\/\/www.meninasereia.com.br\/?post_type=product&#038;p=6474"},"modified":"2021-05-01T00:04:34","modified_gmt":"2021-05-01T03:04:34","slug":"canga-toalha-menina-sereia-afrodite-multicolorida-tamanho-familia","status":"publish","type":"product","link":"https:\/\/www.meninasereia.com.br\/pt-br\/produto\/canga-toalha-menina-sereia-afrodite-multicolorida-tamanho-familia\/","title":{"rendered":"Canga\/ Toalha Menina Sereia Afrodite Multicolorida Tamanho Fam\u00edlia"},"content":{"rendered":"<p>Esta Toalha Canga Afrodite de cores vibrantes \u00e9 perfeita para te acompanhar \u00e0 praia, ao clube, ao piquenique e estar presente em todos os momentos de sua vida. At\u00e9 mesmo para decorar a sua casa, e deixar-la mais alegre.<\/p>\n","protected":false},"excerpt":{"rendered":"<p>Um lado 100% Viscose Outro lado 100% Algod\u00e3o, Tecido Felpudo, Pom Pom e Tassel.<\/p>\n","protected":false},"featured_media":6479,"template":"","meta":[],"product_brand":[],"product_cat":[228,237,213,47],"product_tag":[215,73,229,238,245,49,50,244,216,214,48,91],"class_list":{"0":"post-6474","1":"product","2":"type-product","3":"status-publish","4":"has-post-thumbnail","6":"product_cat-familia","7":"product_cat-family-2","8":"product_cat-toalha-canga-tamanho-familia","9":"product_cat-toalhas-cangas","10":"product_tag-afrodite","11":"product_tag-canga-atoalhada","12":"product_tag-familia","13":"product_tag-family-2","14":"product_tag-family-size-2","15":"product_tag-menina-sereia","16":"product_tag-multicolorido","17":"product_tag-tamanho-familia","18":"product_tag-toalha-canga-afrodite","19":"product_tag-toalha-canga-tamanho-familia","20":"product_tag-toalhas-cangas","21":"product_tag-unissex","23":"first","24":"instock","25":"taxable","26":"shipping-taxable","27":"purchasable","28":"product-type-simple"},"_links":{"self":[{"href":"https:\/\/www.meninasereia.com.br\/pt-br\/wp-json\/wp\/v2\/product\/6474","targetHints":{"allow":["GET"]}}],"collection":[{"href":"https:\/\/www.meninasereia.com.br\/pt-br\/wp-json\/wp\/v2\/product"}],"about":[{"href":"https:\/\/www.meninasereia.com.br\/pt-br\/wp-json\/wp\/v2\/types\/product"}],"wp:featuredmedia":[{"embeddable":true,"href":"https:\/\/www.meninasereia.com.br\/pt-br\/wp-json\/wp\/v2\/media\/6479"}],"wp:attachment":[{"href":"https:\/\/www.meninasereia.com.br\/pt-br\/wp-json\/wp\/v2\/media?parent=6474"}],"wp:term":[{"taxonomy":"product_brand","embeddable":true,"href":"https:\/\/www.meninasereia.com.br\/pt-br\/wp-json\/wp\/v2\/product_brand?post=6474"},{"taxonomy":"product_cat","embeddable":true,"href":"https:\/\/www.meninasereia.com.br\/pt-br\/wp-json\/wp\/v2\/product_cat?post=6474"},{"taxonomy":"product_tag","embeddable":true,"href":"https:\/\/www.meninasereia.com.br\/pt-br\/wp-json\/wp\/v2\/product_tag?post=6474"}],"curies":[{"name":"wp","href":"https:\/\/api.w.org\/{rel}","templated":true}]}}