{"id":6498,"date":"2020-02-20T13:43:03","date_gmt":"2020-02-20T16:43:03","guid":{"rendered":"https:\/\/www.meninasereia.com.br\/?post_type=product&#038;p=6498"},"modified":"2021-05-01T00:04:34","modified_gmt":"2021-05-01T03:04:34","slug":"canga-toalha-menina-sereia-demeter-multicolorida-tamanho-familia","status":"publish","type":"product","link":"https:\/\/www.meninasereia.com.br\/pt-br\/produto\/canga-toalha-menina-sereia-demeter-multicolorida-tamanho-familia\/","title":{"rendered":"Canga\/ Toalha Menina Sereia Demeter Multicolorida Tamanho Fam\u00edlia"},"content":{"rendered":"<p>Esta Toalha Canga Demeter de cores vibrantes \u00e9 perfeita para te acompanhar \u00e0 praia, ao clube, ao piquenique e estar presente em todos os momentos de sua vida. At\u00e9 mesmo para decorar a sua casa, e deixar-la mais alegre.<\/p>\n","protected":false},"excerpt":{"rendered":"<p>Um lado 100% Viscose Outro lado 100% Algod\u00e3o, Tecido Felpudo, Pom Pom e Tassel.<\/p>\n","protected":false},"featured_media":6588,"template":"","meta":[],"product_brand":[],"product_cat":[228,212,213,47],"product_tag":[73,229,49,50,94,217,214,220,91],"class_list":{"0":"post-6498","1":"product","2":"type-product","3":"status-publish","4":"has-post-thumbnail","6":"product_cat-familia","7":"product_cat-tamanho-familia","8":"product_cat-toalha-canga-tamanho-familia","9":"product_cat-toalhas-cangas","10":"product_tag-canga-atoalhada","11":"product_tag-familia","12":"product_tag-menina-sereia","13":"product_tag-multicolorido","14":"product_tag-toalha-canga","15":"product_tag-toalha-canga-familia","16":"product_tag-toalha-canga-tamanho-familia","17":"product_tag-toalha-canga-tamanho-familia-demeter","18":"product_tag-unissex","20":"first","21":"instock","22":"taxable","23":"shipping-taxable","24":"purchasable","25":"product-type-simple"},"_links":{"self":[{"href":"https:\/\/www.meninasereia.com.br\/pt-br\/wp-json\/wp\/v2\/product\/6498","targetHints":{"allow":["GET"]}}],"collection":[{"href":"https:\/\/www.meninasereia.com.br\/pt-br\/wp-json\/wp\/v2\/product"}],"about":[{"href":"https:\/\/www.meninasereia.com.br\/pt-br\/wp-json\/wp\/v2\/types\/product"}],"wp:featuredmedia":[{"embeddable":true,"href":"https:\/\/www.meninasereia.com.br\/pt-br\/wp-json\/wp\/v2\/media\/6588"}],"wp:attachment":[{"href":"https:\/\/www.meninasereia.com.br\/pt-br\/wp-json\/wp\/v2\/media?parent=6498"}],"wp:term":[{"taxonomy":"product_brand","embeddable":true,"href":"https:\/\/www.meninasereia.com.br\/pt-br\/wp-json\/wp\/v2\/product_brand?post=6498"},{"taxonomy":"product_cat","embeddable":true,"href":"https:\/\/www.meninasereia.com.br\/pt-br\/wp-json\/wp\/v2\/product_cat?post=6498"},{"taxonomy":"product_tag","embeddable":true,"href":"https:\/\/www.meninasereia.com.br\/pt-br\/wp-json\/wp\/v2\/product_tag?post=6498"}],"curies":[{"name":"wp","href":"https:\/\/api.w.org\/{rel}","templated":true}]}}